{"id":15270,"date":"2024-11-11T11:44:54","date_gmt":"2024-11-11T11:44:54","guid":{"rendered":"https:\/\/linkaenergy.com\/?page_id=15270"},"modified":"2025-06-24T08:14:46","modified_gmt":"2025-06-24T08:14:46","slug":"linka-twin-opriversystem-type-120","status":"publish","type":"page","link":"https:\/\/linkaenergy.com\/da\/linka-twin-opriversystem-type-120\/","title":{"rendered":"Linka Twin opriversystem type 120"},"content":{"rendered":"<div class=\"wpb-content-wrapper\"><p>[vc_row row_height_percent=&#8221;50&#8243; override_padding=&#8221;yes&#8221; h_padding=&#8221;2&#8243; top_padding=&#8221;5&#8243; bottom_padding=&#8221;5&#8243; back_image=&#8221;15294&#8243; back_position=&#8221;center center&#8221; overlay_alpha=&#8221;100&#8243; equal_height=&#8221;yes&#8221; gutter_size=&#8221;4&#8243; column_width_percent=&#8221;100&#8243; shift_y=&#8221;0&#8243; z_index=&#8221;0&#8243; uncode_shortcode_id=&#8221;115464&#8243; overlay_color_type=&#8221;uncode-solid&#8221; overlay_color_solid=&#8221;rgba(25,66,86,0.5)&#8221;][vc_column column_width_percent=&#8221;100&#8243; position_vertical=&#8221;middle&#8221; align_horizontal=&#8221;align_center&#8221; gutter_size=&#8221;3&#8243; style=&#8221;dark&#8221; overlay_alpha=&#8221;50&#8243; shift_x=&#8221;0&#8243; shift_y=&#8221;0&#8243; shift_y_down=&#8221;0&#8243; z_index=&#8221;0&#8243; medium_width=&#8221;0&#8243; mobile_width=&#8221;0&#8243; width=&#8221;1\/1&#8243; uncode_shortcode_id=&#8221;193801&#8243;][vc_custom_heading heading_semantic=&#8221;h1&#8243; text_size=&#8221;h1&#8243; uncode_shortcode_id=&#8221;316454&#8243;]Linka\u00ae Twin opriversystem &#8211; type 120[\/vc_custom_heading][vc_column_text text_lead=&#8221;yes&#8221; uncode_shortcode_id=&#8221;189305&#8243;]<\/p>\n<p style=\"text-align: center;\">Effektiv og velafpr\u00f8vet opriversystem til kedler fra 1.000 til 5.000 kW<\/p>\n<p>[\/vc_column_text][\/vc_column][\/vc_row][vc_row][vc_column width=&#8221;1\/1&#8243;][vc_empty_space empty_h=&#8221;1&#8243;][\/vc_column][\/vc_row][vc_row][vc_column width=&#8221;2\/3&#8243;][vc_column_text uncode_shortcode_id=&#8221;441716&#8243;]Linka Energys opriversystem (TWIN) er en velafpr\u00f8vet halmopriver, der blev designet, udviklet og produceret i midten af 70&#8217;erne p\u00e5 baggrund af den erfaring Linka har opn\u00e5et gennem mange \u00e5rs arbejde med biomasse.<\/p>\n<p>Siden da, i 2009, er TWIN-teknologien blevet forfinet og udviklet til det opriversystem, vi har i dag, og som vi stolt vil betegne som en af verdens bedste halmopriver.<\/p>\n<p>Str\u00f8mforbruget p\u00e5 halmopriveren er det laveste p\u00e5 markedet, hvilket ogs\u00e5 g\u00f8r den utrolig attraktiv for energibevidste fjernvarmev\u00e6rker, industrien og biogassektoren (til behandling af halm).<\/p>\n<p>LINKA TWIN 120 opriversystem kan h\u00e5ndtere mange forskellige typer af halm, s\u00e5som fr\u00f8gr\u00e6s, raps, hvede, rug, havre og lignende.<\/p>\n<p>Systemet kan kombineres med automatisk kransystem til at f\u00f8de halmlinjen med baller og kan udstyres med LINKA snoraftager system, der automatisk fjerner de snore, der binder ballen sammen.<\/p>\n<p>Dermed bliver systemet et fuldautomatisk industrielt halmh\u00e5ndteringssystem, der problemfrit leverer halm til den videre proces.<\/p>\n<p>Opriversystemet bruger uden problemer br\u00e6ndsel med op til 25% fugt, og h\u00e5ndterer problemfrit b\u00e5de bigballer (Heston) og midi-big baller (Krone).[\/vc_column_text][\/vc_column][vc_column width=&#8221;1\/3&#8243;][vc_single_image media=&#8221;15319&#8243; media_width_percent=&#8221;100&#8243; uncode_shortcode_id=&#8221;340667&#8243;][\/vc_column][\/vc_row][vc_row][vc_column width=&#8221;1\/3&#8243;][vc_single_image media=&#8221;15274&#8243; media_width_percent=&#8221;100&#8243; uncode_shortcode_id=&#8221;405472&#8243;][vc_column_text uncode_shortcode_id=&#8221;680177&#8243;]<\/p>\n<h5 style=\"text-align: center;\">UMAN GREENHOUSE, Ukraine<\/h5>\n<p style=\"text-align: center;\">Opriversystem til 5 MW Halmanl\u00e6g<\/p>\n<p>[\/vc_column_text][\/vc_column][vc_column width=&#8221;1\/3&#8243;][vc_single_image media=&#8221;15299&#8243; media_width_percent=&#8221;100&#8243; uncode_shortcode_id=&#8221;159168&#8243;][vc_column_text uncode_shortcode_id=&#8221;205129&#8243;]<\/p>\n<h5 style=\"text-align: center;\">Hjallerup Fjernvarme<\/h5>\n<p style=\"text-align: center;\">Opriversystem til 3 MW Halmanl\u00e6g<\/p>\n<p>[\/vc_column_text][\/vc_column][vc_column width=&#8221;1\/3&#8243;][vc_single_image media=&#8221;15284&#8243; media_width_percent=&#8221;100&#8243; uncode_shortcode_id=&#8221;623574&#8243;][vc_column_text uncode_shortcode_id=&#8221;460098&#8243;]<\/p>\n<h5 style=\"text-align: center;\">Boulstrup-Hou Kraftvarmev\u00e6rk (Odder)<\/h5>\n<p style=\"text-align: center;\">Opriversystem til 2,5 kW Halmanl\u00e6g<\/p>\n<p>[\/vc_column_text][\/vc_column][\/vc_row][vc_row][vc_column width=&#8221;1\/1&#8243;][vc_empty_space empty_h=&#8221;1&#8243;][\/vc_column][\/vc_row][vc_row][vc_column width=&#8221;1\/2&#8243;][vc_custom_heading heading_semantic=&#8221;h3&#8243; text_size=&#8221;h3&#8243; uncode_shortcode_id=&#8221;129376&#8243;]Teknikken bag Linka\u00ae TWIN opriversystem[\/vc_custom_heading][vc_column_text uncode_shortcode_id=&#8221;142287&#8243;]TWIN opriveren er med rivetromlesystem, der k\u00f8rer med lav hastighed, der blandt andet betyder, at risikoen for gnistdannelse p\u00e5 grund af fremmedlegemer i br\u00e6ndslet samt slid p\u00e5 systemet, er minimal.<\/p>\n<p>Br\u00e6ndslet tr\u00e6kkes i opadg\u00e5ende retning, som river dette i mindre stykker, hvorefter det falder ned i tv\u00e6rsneglen.<\/p>\n<p>Tv\u00e6rsneglen transporterer herefter det oprevne br\u00e6ndsel hen til skr\u00e5sneglen, inden br\u00e6ndslet transporteres over i stokeren og videre ind i kedlen.<\/p>\n<p>TWIN opriveren styres efter kedlens varmeforbrug, s\u00e5ledes at forst\u00e5, hvis br\u00e6ndselsproduktionen er for lille, \u00f8ges hastigheden p\u00e5 tromlerne.<\/p>\n<p>Den fremadg\u00e5ende bev\u00e6gelse p\u00e5 transportb\u00e5ndet \u00f8ges og trykket p\u00e5 makulatorvalserne, der er baseret p\u00e5 Amp-m\u00e5linger p\u00e5 valsen, indtil den \u00f8nskede iltniveauprocent opn\u00e5s. P\u00e5 samme m\u00e5de reduceres hastigheden, hvis iltniveauet er for lavt.<\/p>\n<p>Opriversystemet kan monteres med transportbaner i en \u00f8nsket l\u00e6ngde og kan som anf\u00f8rt kombineres til et fuldautomatisk halmh\u00e5ndteringsanl\u00e6g med krananl\u00e6g, der tilpasser levering af halmbaner til den kapacitet, som opriveren er indstillet til at levere samt en LINKA snoraftager system til effektiv fjernelse af snorene p\u00e5 halmballerne.[\/vc_column_text][\/vc_column][vc_column width=&#8221;1\/2&#8243;][vc_single_image media=&#8221;15314&#8243; media_width_percent=&#8221;100&#8243; uncode_shortcode_id=&#8221;192619&#8243;][\/vc_column][\/vc_row][vc_row][vc_column width=&#8221;1\/1&#8243;][vc_empty_space empty_h=&#8221;1&#8243;][\/vc_column][\/vc_row][vc_row][vc_column width=&#8221;1\/1&#8243;][vc_single_image media=&#8221;15304&#8243; media_width_percent=&#8221;100&#8243; uncode_shortcode_id=&#8221;628705&#8243;][\/vc_column][\/vc_row][vc_row][vc_column width=&#8221;1\/1&#8243;][vc_empty_space empty_h=&#8221;1&#8243;][\/vc_column][\/vc_row][vc_row][vc_column width=&#8221;1\/2&#8243;][vc_custom_heading heading_semantic=&#8221;h3&#8243; text_size=&#8221;h3&#8243; uncode_shortcode_id=&#8221;827842&#8243;]Fakta[\/vc_custom_heading][vc_column_text uncode_shortcode_id=&#8221;116472&#8243;]<\/p>\n<ul>\n<li>Halmballerne afleveres p\u00e5 halmbanen og transporteres ind til opriveren. Her vil rivetromlerne rive halmballen i mindre stykker og falde ned i tv\u00e6rsneglen.<\/li>\n<li>Tv\u00e6rsneglen transporterer det oprevne halm hen til skr\u00e5sneglen, som f\u00f8rer halmen over i stokeren og videre ind i kedlen.<\/li>\n<li>Der er p\u00e5 opriverens bagerste l\u00e5ger monteret en sikkerhedsswitch, der stopper opriveren, n\u00e5r l\u00e5gen bliver \u00e5bnet.<\/li>\n<li>Opriveren er konstrueret i st\u00e5l 37, der efterf\u00f8lgende er overfladebehandlet. Rivetromlen er fremstillet med sk\u00e6r. Opriveren er monteret med 3 rivetromler.<\/li>\n<li>Opriveren er forsynet med automatisk brandslukning som i tilf\u00e6lde af brand vil overrisle opriveren med vand. Der er monteret f\u00f8lere som er fuldt \u00e5bne ved 94\u00ba C og derved \u00e5bner for vandtilf\u00f8rslen til dyserne.<\/li>\n<\/ul>\n<p>[\/vc_column_text][\/vc_column][vc_column width=&#8221;1\/2&#8243;][vc_single_image media=&#8221;15279&#8243; media_width_percent=&#8221;100&#8243; uncode_shortcode_id=&#8221;177544&#8243;][\/vc_column][\/vc_row][vc_row][vc_column width=&#8221;1\/1&#8243;][vc_empty_space empty_h=&#8221;1&#8243;][\/vc_column][\/vc_row][vc_row][vc_column column_width_percent=&#8221;90&#8243; gutter_size=&#8221;3&#8243; overlay_alpha=&#8221;50&#8243; shift_x=&#8221;0&#8243; shift_y=&#8221;0&#8243; shift_y_down=&#8221;0&#8243; z_index=&#8221;0&#8243; medium_width=&#8221;0&#8243; mobile_width=&#8221;0&#8243; width=&#8221;1\/3&#8243; uncode_shortcode_id=&#8221;650196&#8243;][vc_single_image media=&#8221;14612&#8243; media_width_percent=&#8221;60&#8243; alignment=&#8221;center&#8221; uncode_shortcode_id=&#8221;932012&#8243;][vc_column_text uncode_shortcode_id=&#8221;948267&#8243;]<\/p>\n<p style=\"text-align: center;\">Linka Energy arbejder dedikeret for den gr\u00f8nne omstilling i s\u00e5vel industrivirksomheder som i landbruget.<\/p>\n<p>[\/vc_column_text][\/vc_column][vc_column column_width_percent=&#8221;90&#8243; gutter_size=&#8221;3&#8243; overlay_alpha=&#8221;50&#8243; shift_x=&#8221;0&#8243; shift_y=&#8221;0&#8243; shift_y_down=&#8221;0&#8243; z_index=&#8221;0&#8243; medium_width=&#8221;0&#8243; mobile_width=&#8221;0&#8243; width=&#8221;1\/3&#8243; uncode_shortcode_id=&#8221;452749&#8243;][vc_single_image media=&#8221;14617&#8243; media_width_percent=&#8221;60&#8243; alignment=&#8221;center&#8221; uncode_shortcode_id=&#8221;125737&#8243;][vc_column_text uncode_shortcode_id=&#8221;142025&#8243;]<\/p>\n<p style=\"text-align: center;\">Linka Energy underst\u00f8tter industriens gr\u00f8nne omstilling, s\u00e5 b\u00e6redygtig industrialisering fremmes p\u00e5 verdensplan.<\/p>\n<p>[\/vc_column_text][\/vc_column][vc_column column_width_percent=&#8221;90&#8243; gutter_size=&#8221;3&#8243; overlay_alpha=&#8221;50&#8243; shift_x=&#8221;0&#8243; shift_y=&#8221;0&#8243; shift_y_down=&#8221;0&#8243; z_index=&#8221;0&#8243; medium_width=&#8221;0&#8243; mobile_width=&#8221;0&#8243; width=&#8221;1\/3&#8243; uncode_shortcode_id=&#8221;474354&#8243;][vc_single_image media=&#8221;14622&#8243; media_width_percent=&#8221;60&#8243; alignment=&#8221;center&#8221; uncode_shortcode_id=&#8221;145467&#8243;][vc_column_text uncode_shortcode_id=&#8221;949175&#8243;]<\/p>\n<p style=\"text-align: center;\">Linka hj\u00e6lper energisektoren, industrien og landbruget med at udnytte lokale ressourcer, s\u00e5 vi sammen kan skabe mere b\u00e6redygtige byer og samfund.<\/p>\n<p>[\/vc_column_text][\/vc_column][\/vc_row][vc_row row_height_percent=&#8221;0&#8243; override_padding=&#8221;yes&#8221; h_padding=&#8221;7&#8243; top_padding=&#8221;3&#8243; bottom_padding=&#8221;3&#8243; overlay_alpha=&#8221;50&#8243; gutter_size=&#8221;3&#8243; column_width_percent=&#8221;100&#8243; shift_y=&#8221;0&#8243; z_index=&#8221;0&#8243; uncode_shortcode_id=&#8221;436053&#8243; el_class=&#8221;before-footer-contact&#8221;][vc_column column_width_percent=&#8221;100&#8243; position_vertical=&#8221;middle&#8221; align_horizontal=&#8221;align_center&#8221; gutter_size=&#8221;3&#8243; overlay_alpha=&#8221;50&#8243; shift_x=&#8221;0&#8243; shift_y=&#8221;0&#8243; shift_y_down=&#8221;0&#8243; z_index=&#8221;0&#8243; medium_width=&#8221;0&#8243; mobile_width=&#8221;0&#8243; width=&#8221;1\/1&#8243; uncode_shortcode_id=&#8221;154049&#8243;][vc_custom_heading heading_semantic=&#8221;h3&#8243; text_size=&#8221;h3&#8243; sub_lead=&#8221;yes&#8221; uncode_shortcode_id=&#8221;750811&#8243;]Vil du vide mere om dine muligheder?[\/vc_custom_heading][vc_column_text uncode_shortcode_id=&#8221;157495&#8243;]Vores salgsafdeling sidder klar til at r\u00e5dgive dig om dine muligheder, og vi giver gerne et uforpligtende tilbud p\u00e5 en Linka\u00ae Twin opriver, type 120, skr\u00e6ddersyet til netop dine behov.[\/vc_column_text][vc_custom_heading heading_semantic=&#8221;h4&#8243; text_size=&#8221;h4&#8243; sub_lead=&#8221;yes&#8221; uncode_shortcode_id=&#8221;198567&#8243;]Kontakt os p\u00e5 +45 9734 1655[\/vc_custom_heading][\/vc_column][\/vc_row]<\/p>\n<\/div>","protected":false},"excerpt":{"rendered":"<p>Linka Energys opriversystem (TWIN) er en velafpr\u00f8vet halmopriver, der blev designet, udviklet og produceret i midten af 70&#8217;erne p\u00e5 baggrund af den erfaring Linka har opn\u00e5et gennem mange \u00e5rs arbejde med biomasse. <\/p>\n","protected":false},"author":4,"featured_media":15289,"parent":0,"menu_order":0,"comment_status":"closed","ping_status":"closed","template":"","meta":{"footnotes":""},"class_list":["post-15270","page","type-page","status-publish","has-post-thumbnail","hentry","page_category-ekstra-udstyr"],"yoast_head":"<!-- This site is optimized with the Yoast SEO plugin v27.6 - https:\/\/yoast.com\/product\/yoast-seo-wordpress\/ -->\n<title>Linka Twin opriversystem type 120 - Linka Energy<\/title>\n<meta name=\"description\" content=\"Linka Twin opriversystem type 120 - Linka Energy %\" \/>\n<meta name=\"robots\" content=\"index, follow, max-snippet:-1, max-image-preview:large, max-video-preview:-1\" \/>\n<link rel=\"canonical\" href=\"https:\/\/linkaenergy.com\/da\/linka-twin-opriversystem-type-120\/\" \/>\n<meta property=\"og:locale\" content=\"da_DK\" \/>\n<meta property=\"og:type\" content=\"article\" \/>\n<meta property=\"og:title\" content=\"Linka Twin opriversystem type 120 - Linka Energy\" \/>\n<meta property=\"og:description\" content=\"Linka Twin opriversystem type 120 - Linka Energy %\" \/>\n<meta property=\"og:url\" content=\"https:\/\/linkaenergy.com\/da\/linka-twin-opriversystem-type-120\/\" \/>\n<meta property=\"og:site_name\" content=\"Linka Energy\" \/>\n<meta property=\"article:modified_time\" content=\"2025-06-24T08:14:46+00:00\" \/>\n<meta property=\"og:image\" content=\"https:\/\/linkaenergy.com\/wp-content\/uploads\/2024\/11\/Halmopriver_810px.jpg\" \/>\n\t<meta property=\"og:image:width\" content=\"810\" \/>\n\t<meta property=\"og:image:height\" content=\"456\" \/>\n\t<meta property=\"og:image:type\" content=\"image\/jpeg\" \/>\n<meta name=\"twitter:card\" content=\"summary_large_image\" \/>\n<meta name=\"twitter:label1\" content=\"Estimeret l\u00e6setid\" \/>\n\t<meta name=\"twitter:data1\" content=\"5 minutter\" \/>\n<script type=\"application\/ld+json\" class=\"yoast-schema-graph\">{\"@context\":\"https:\\\/\\\/schema.org\",\"@graph\":[{\"@type\":\"WebPage\",\"@id\":\"https:\\\/\\\/linkaenergy.com\\\/da\\\/linka-twin-opriversystem-type-120\\\/\",\"url\":\"https:\\\/\\\/linkaenergy.com\\\/da\\\/linka-twin-opriversystem-type-120\\\/\",\"name\":\"Linka Twin opriversystem type 120 - Linka Energy\",\"isPartOf\":{\"@id\":\"https:\\\/\\\/linkaenergy.com\\\/da\\\/#website\"},\"primaryImageOfPage\":{\"@id\":\"https:\\\/\\\/linkaenergy.com\\\/da\\\/linka-twin-opriversystem-type-120\\\/#primaryimage\"},\"image\":{\"@id\":\"https:\\\/\\\/linkaenergy.com\\\/da\\\/linka-twin-opriversystem-type-120\\\/#primaryimage\"},\"thumbnailUrl\":\"https:\\\/\\\/linkaenergy.com\\\/wp-content\\\/uploads\\\/2024\\\/11\\\/Halmopriver_810px.jpg\",\"datePublished\":\"2024-11-11T11:44:54+00:00\",\"dateModified\":\"2025-06-24T08:14:46+00:00\",\"description\":\"Linka Twin opriversystem type 120 - Linka Energy %\",\"breadcrumb\":{\"@id\":\"https:\\\/\\\/linkaenergy.com\\\/da\\\/linka-twin-opriversystem-type-120\\\/#breadcrumb\"},\"inLanguage\":\"da-DK\",\"potentialAction\":[{\"@type\":\"ReadAction\",\"target\":[\"https:\\\/\\\/linkaenergy.com\\\/da\\\/linka-twin-opriversystem-type-120\\\/\"]}]},{\"@type\":\"ImageObject\",\"inLanguage\":\"da-DK\",\"@id\":\"https:\\\/\\\/linkaenergy.com\\\/da\\\/linka-twin-opriversystem-type-120\\\/#primaryimage\",\"url\":\"https:\\\/\\\/linkaenergy.com\\\/wp-content\\\/uploads\\\/2024\\\/11\\\/Halmopriver_810px.jpg\",\"contentUrl\":\"https:\\\/\\\/linkaenergy.com\\\/wp-content\\\/uploads\\\/2024\\\/11\\\/Halmopriver_810px.jpg\",\"width\":810,\"height\":456},{\"@type\":\"BreadcrumbList\",\"@id\":\"https:\\\/\\\/linkaenergy.com\\\/da\\\/linka-twin-opriversystem-type-120\\\/#breadcrumb\",\"itemListElement\":[{\"@type\":\"ListItem\",\"position\":1,\"name\":\"Hjem\",\"item\":\"https:\\\/\\\/linkaenergy.com\\\/da\\\/\"},{\"@type\":\"ListItem\",\"position\":2,\"name\":\"Linka Twin opriversystem type 120\"}]},{\"@type\":\"WebSite\",\"@id\":\"https:\\\/\\\/linkaenergy.com\\\/da\\\/#website\",\"url\":\"https:\\\/\\\/linkaenergy.com\\\/da\\\/\",\"name\":\"Linka Energy\",\"description\":\"\",\"potentialAction\":[{\"@type\":\"SearchAction\",\"target\":{\"@type\":\"EntryPoint\",\"urlTemplate\":\"https:\\\/\\\/linkaenergy.com\\\/da\\\/?s={search_term_string}\"},\"query-input\":{\"@type\":\"PropertyValueSpecification\",\"valueRequired\":true,\"valueName\":\"search_term_string\"}}],\"inLanguage\":\"da-DK\"}]}<\/script>\n<!-- \/ Yoast SEO plugin. -->","yoast_head_json":{"title":"Linka Twin opriversystem type 120 - Linka Energy","description":"Linka Twin opriversystem type 120 - Linka Energy %","robots":{"index":"index","follow":"follow","max-snippet":"max-snippet:-1","max-image-preview":"max-image-preview:large","max-video-preview":"max-video-preview:-1"},"canonical":"https:\/\/linkaenergy.com\/da\/linka-twin-opriversystem-type-120\/","og_locale":"da_DK","og_type":"article","og_title":"Linka Twin opriversystem type 120 - Linka Energy","og_description":"Linka Twin opriversystem type 120 - Linka Energy %","og_url":"https:\/\/linkaenergy.com\/da\/linka-twin-opriversystem-type-120\/","og_site_name":"Linka Energy","article_modified_time":"2025-06-24T08:14:46+00:00","og_image":[{"width":810,"height":456,"url":"https:\/\/linkaenergy.com\/wp-content\/uploads\/2024\/11\/Halmopriver_810px.jpg","type":"image\/jpeg"}],"twitter_card":"summary_large_image","twitter_misc":{"Estimeret l\u00e6setid":"5 minutter"},"schema":{"@context":"https:\/\/schema.org","@graph":[{"@type":"WebPage","@id":"https:\/\/linkaenergy.com\/da\/linka-twin-opriversystem-type-120\/","url":"https:\/\/linkaenergy.com\/da\/linka-twin-opriversystem-type-120\/","name":"Linka Twin opriversystem type 120 - Linka Energy","isPartOf":{"@id":"https:\/\/linkaenergy.com\/da\/#website"},"primaryImageOfPage":{"@id":"https:\/\/linkaenergy.com\/da\/linka-twin-opriversystem-type-120\/#primaryimage"},"image":{"@id":"https:\/\/linkaenergy.com\/da\/linka-twin-opriversystem-type-120\/#primaryimage"},"thumbnailUrl":"https:\/\/linkaenergy.com\/wp-content\/uploads\/2024\/11\/Halmopriver_810px.jpg","datePublished":"2024-11-11T11:44:54+00:00","dateModified":"2025-06-24T08:14:46+00:00","description":"Linka Twin opriversystem type 120 - Linka Energy %","breadcrumb":{"@id":"https:\/\/linkaenergy.com\/da\/linka-twin-opriversystem-type-120\/#breadcrumb"},"inLanguage":"da-DK","potentialAction":[{"@type":"ReadAction","target":["https:\/\/linkaenergy.com\/da\/linka-twin-opriversystem-type-120\/"]}]},{"@type":"ImageObject","inLanguage":"da-DK","@id":"https:\/\/linkaenergy.com\/da\/linka-twin-opriversystem-type-120\/#primaryimage","url":"https:\/\/linkaenergy.com\/wp-content\/uploads\/2024\/11\/Halmopriver_810px.jpg","contentUrl":"https:\/\/linkaenergy.com\/wp-content\/uploads\/2024\/11\/Halmopriver_810px.jpg","width":810,"height":456},{"@type":"BreadcrumbList","@id":"https:\/\/linkaenergy.com\/da\/linka-twin-opriversystem-type-120\/#breadcrumb","itemListElement":[{"@type":"ListItem","position":1,"name":"Hjem","item":"https:\/\/linkaenergy.com\/da\/"},{"@type":"ListItem","position":2,"name":"Linka Twin opriversystem type 120"}]},{"@type":"WebSite","@id":"https:\/\/linkaenergy.com\/da\/#website","url":"https:\/\/linkaenergy.com\/da\/","name":"Linka Energy","description":"","potentialAction":[{"@type":"SearchAction","target":{"@type":"EntryPoint","urlTemplate":"https:\/\/linkaenergy.com\/da\/?s={search_term_string}"},"query-input":{"@type":"PropertyValueSpecification","valueRequired":true,"valueName":"search_term_string"}}],"inLanguage":"da-DK"}]}},"_links":{"self":[{"href":"https:\/\/linkaenergy.com\/da\/wp-json\/wp\/v2\/pages\/15270","targetHints":{"allow":["GET"]}}],"collection":[{"href":"https:\/\/linkaenergy.com\/da\/wp-json\/wp\/v2\/pages"}],"about":[{"href":"https:\/\/linkaenergy.com\/da\/wp-json\/wp\/v2\/types\/page"}],"author":[{"embeddable":true,"href":"https:\/\/linkaenergy.com\/da\/wp-json\/wp\/v2\/users\/4"}],"replies":[{"embeddable":true,"href":"https:\/\/linkaenergy.com\/da\/wp-json\/wp\/v2\/comments?post=15270"}],"version-history":[{"count":3,"href":"https:\/\/linkaenergy.com\/da\/wp-json\/wp\/v2\/pages\/15270\/revisions"}],"predecessor-version":[{"id":15326,"href":"https:\/\/linkaenergy.com\/da\/wp-json\/wp\/v2\/pages\/15270\/revisions\/15326"}],"wp:featuredmedia":[{"embeddable":true,"href":"https:\/\/linkaenergy.com\/da\/wp-json\/wp\/v2\/media\/15289"}],"wp:attachment":[{"href":"https:\/\/linkaenergy.com\/da\/wp-json\/wp\/v2\/media?parent=15270"}],"curies":[{"name":"wp","href":"https:\/\/api.w.org\/{rel}","templated":true}]}}