{"id":3361,"date":"2023-04-12T09:01:53","date_gmt":"2023-04-12T09:01:53","guid":{"rendered":"https:\/\/linkaenergy.com\/?page_id=3361"},"modified":"2023-04-26T13:34:23","modified_gmt":"2023-04-26T13:34:23","slug":"projektleder-til-energianlaeg","status":"publish","type":"page","link":"https:\/\/linkaenergy.com\/da\/jobs\/projektleder-til-energianlaeg\/","title":{"rendered":"Projektleder til energianl\u00e6g"},"content":{"rendered":"<div class=\"wpb-content-wrapper\"><p>[vc_row row_height_percent=&#8221;50&#8243; override_padding=&#8221;yes&#8221; h_padding=&#8221;2&#8243; top_padding=&#8221;5&#8243; bottom_padding=&#8221;5&#8243; back_image=&#8221;3519&#8243; parallax=&#8221;yes&#8221; overlay_alpha=&#8221;100&#8243; equal_height=&#8221;yes&#8221; gutter_size=&#8221;4&#8243; column_width_percent=&#8221;100&#8243; shift_y=&#8221;0&#8243; z_index=&#8221;0&#8243; uncode_shortcode_id=&#8221;180784&#8243; overlay_color_type=&#8221;uncode-solid&#8221; overlay_color_solid=&#8221;rgba(25,66,86,0.5)&#8221; shape_dividers=&#8221;&#8221;][vc_column column_width_use_pixel=&#8221;yes&#8221; position_vertical=&#8221;middle&#8221; align_horizontal=&#8221;align_center&#8221; gutter_size=&#8221;3&#8243; style=&#8221;dark&#8221; overlay_alpha=&#8221;50&#8243; shift_x=&#8221;0&#8243; shift_y=&#8221;0&#8243; shift_y_down=&#8221;0&#8243; z_index=&#8221;0&#8243; medium_width=&#8221;0&#8243; mobile_width=&#8221;0&#8243; width=&#8221;1\/1&#8243; uncode_shortcode_id=&#8221;126762&#8243; column_width_pixel=&#8221;1000&#8243;][vc_custom_heading uncode_shortcode_id=&#8221;689747&#8243; subheading=&#8221;LINKA GROUP i Lem, Danmark, s\u00f8ger erfaren projektleder.<\/p>\n<p>Du vil f\u00e5 ledelsen af projektgennemf\u00f8relsen p\u00e5 CO2-neutrale energianl\u00e6g i Danmark og udlandet med nyeste teknologi inden for kedelanl\u00e6g til biomasse og affald, prim\u00e6rt til industrier og fjernvarme.<\/p>\n<p>Du motiveres meget af at arbejde med CO2-neutrale l\u00f8sninger.&#8221; text_color_type=&#8221;uncode-palette&#8221; text_color_solid=&#8221;#ff0000&#8243;]PROJEKTLEDER \u2013 ENERGIANL\u00c6G[\/vc_custom_heading][\/vc_column][\/vc_row][vc_row row_height_percent=&#8221;0&#8243; override_padding=&#8221;yes&#8221; h_padding=&#8221;2&#8243; top_padding=&#8221;3&#8243; bottom_padding=&#8221;3&#8243; overlay_alpha=&#8221;50&#8243; gutter_size=&#8221;4&#8243; column_width_percent=&#8221;100&#8243; shift_y=&#8221;0&#8243; z_index=&#8221;0&#8243; uncode_shortcode_id=&#8221;606672&#8243;][vc_column width=&#8221;1\/1&#8243;][vc_column_text uncode_shortcode_id=&#8221;101834&#8243;]<strong>Linka Group<\/strong><br \/>\nLinka Group designer, leverer og vedligeholder kedelanl\u00e6g til CO<sub>2<\/sub>-neutral forbr\u00e6nding af biomasse og affaldsbaserede br\u00e6ndsler. De n\u00f8glef\u00e6rdige l\u00f8sninger leveres til fjernvarmev\u00e6rker og procesindustrier i hele Europa med prim\u00e6rt fokus p\u00e5 Skandinavien.<\/p>\n<p>Linka Group best\u00e5r af Linka Energy, Jernforsen i Sverige og Weiss ApS.<\/p>\n<p>Virksomheden har fokus p\u00e5 at kunne tilbyde kunderne et helst\u00f8bt servicekoncept og derfor er et omstillingsparat produktions-setup af afg\u00f8rende betydning.<\/p>\n<p>Virksomheden har ca. 40 ansatte, hvoraf de 15 arbejder i produktionen.<\/p>\n<p>Yderligere oplysninger om <a href=\"http:\/\/www.linkaenergy.com\/\">www.linkaenergy.com<\/a>[\/vc_column_text][vc_column_text uncode_shortcode_id=&#8221;104832&#8243;]<strong>Stillingen<\/strong><\/p>\n<p>Stillingen som projektleder refererer til virksomhedens driftsdirekt\u00f8r, og du vil f\u00e5 en central rolle i virksomhedens organisation, hvor du kommer til at lede projektgennemf\u00f8relse p\u00e5 udvalgte energiprojekter i Danmark og udlandet.<\/p>\n<p>Du vil ligeledes f\u00e5 v\u00e6sentlig indflydelse p\u00e5 at definere Linka Energys fremtidige projektmodel, hvor ansvarsfordeling, organisatoriske snitflader m.v. kan optimeres med henblik p\u00e5 at opretholde h\u00f8j kvalitet i den samlede projektleverance.<\/p>\n<p>Du vil indg\u00e5 i et team med erfarne kolleger, som kan tilbyde v\u00e6sentlig sparring.<\/p>\n<p>[\/vc_column_text][uncode_list icon=&#8221;fa fa-check&#8221; icon_color=&#8221;accent&#8221; uncode_shortcode_id=&#8221;676466&#8243; icon_color_type=&#8221;uncode-palette&#8221;]<strong>De v\u00e6sentlige ansvarsomr\u00e5der er<\/strong><\/p>\n<p>&nbsp;<\/p>\n<ul>\n<li>Koordinering og ledelse af projektets gennemf\u00f8relse fra tegning til overdragelse<\/li>\n<li>St\u00e5 p\u00e5 m\u00e5l for detail design s\u00e5vel mekanisk som elektrisk<\/li>\n<li>Sikre overholdelse af tidsplan, fremdrift og \u00f8konomi<\/li>\n<li>Gennemf\u00f8re pr\u00e6stationstest og sikre godkendelse og aflevering af projektet<\/li>\n<li>Generel koordinering og l\u00f8bende dialog med kunder og samarbejdspartnere<\/li>\n<\/ul>\n<p>Da du b\u00e5de har danske og udenlandske kunder, skal du forvente en del rejseaktivitet; forventet omfang 30-50 rejsedage \u00e5rligt.[\/uncode_list][vc_column_text uncode_shortcode_id=&#8221;212342&#8243;]<strong>Kandidaten<\/strong><br \/>\nDu kendetegnes f\u00f8rst og fremmest ved at v\u00e6re en engageret person, som trives med at tage initiativ og f\u00e5 tingene til at ske. Du v\u00e6gter rettidig kommunikation og dialog meget h\u00f8jt.<\/p>\n<p>Du har en relevant faglig baggrund, evt. som maskinmester, ingeni\u00f8r, VVS-tekniker eller lignende. Du har meget gerne erfaring med flowberegning og indsigt i installation og drift af fuldautomatiske forbr\u00e6ndingsanl\u00e6g \u2013 gerne b\u00e5de den mekaniske og elektriske del.<\/p>\n<p>Du trives godt med, at hverdagen i en projektvirksomhed ofte er uforudsigelig og kan kr\u00e6ve, at der tr\u00e6ffes hurtige, men kvalificerede beslutninger. Du er en faglig problemknuser, som kan agere selvst\u00e6ndigt og resultatorienteret.[\/vc_column_text][uncode_list icon=&#8221;fa fa-check&#8221; icon_color=&#8221;accent&#8221; uncode_shortcode_id=&#8221;184669&#8243; icon_color_type=&#8221;uncode-palette&#8221;]<strong>Dine professionelle kompetencer omfatter s\u00e5som:<\/strong><\/p>\n<ul>\n<li>En uddannelse som maskinmester, ingeni\u00f8r, VVS-tekniker eller lignende<\/li>\n<li>Solid erfaring med projektledelse, herunder styring af budgetter og tidsplaner<\/li>\n<li>Indsigt i forbr\u00e6ndingsanl\u00e6g, herunder flow, mekanik og el<\/li>\n<li>Beherske engelsk, b\u00e5de mundtligt og skriftligt<\/li>\n<\/ul>\n<p>[\/uncode_list][vc_column_text uncode_shortcode_id=&#8221;116405&#8243;]Som person er du karakteriseret ved h\u00f8j integritet, du hviler i dig selv og er positiv af sind.<br \/>\nDu er vedholdende og klar til at forf\u00f8lge udfordringerne og er glad ved at g\u00e5 p\u00e5 arbejde.<\/p>\n<p>Du trives med at v\u00e6re selvk\u00f8rende og proaktiv, og du har en struktureret tilgang til at planl\u00e6gge dine aktiviteter. I din dialog med kunder og samarbejdspartnere er du im\u00f8dekommende og omg\u00e6ngelig, og du form\u00e5r p\u00e5 den baggrund at levere meget h\u00f8j kvalitet i din service.[\/vc_column_text][uncode_list icon=&#8221;fa fa-check&#8221; icon_color=&#8221;accent&#8221; uncode_shortcode_id=&#8221;790329&#8243; icon_color_type=&#8221;uncode-palette&#8221;]<strong>Kort sagt, du er kendetegnet ved at:<\/strong><\/p>\n<ul>\n<li>v\u00e6re ambiti\u00f8s, arbejdsom og resultatorienteret<\/li>\n<li>kunne kommunikere positivt med b\u00e5de kolleger og eksterne samarbejdspartnere<\/li>\n<li>v\u00e6re initiativrig og i stand til at drive dine egne aktiviteter og projekter<\/li>\n<li>have godt hum\u00f8r og trives med at v\u00e6re en del af et team i v\u00e6kst<\/li>\n<\/ul>\n<p>[\/uncode_list][vc_column_text uncode_shortcode_id=&#8221;222922&#8243;]<strong>Virksomheden tilbyder:<\/strong><\/p>\n<p>Virksomheden tilbyder dig en central, koordinerende rolle i et st\u00e6rkt team, som har en uformel tilgang til at yde professionel service. Du f\u00e5r store muligheder for at pr\u00e6ge din egen stilling, og der vil v\u00e6re en stor grad af frihed og ansvar.[\/vc_column_text][uncode_list icon=&#8221;fa fa-check&#8221; icon_color=&#8221;accent&#8221; uncode_shortcode_id=&#8221;535824&#8243; icon_color_type=&#8221;uncode-palette&#8221;]<strong>Du vil blive tilbudt en l\u00f8npakke best\u00e5ende af:<\/strong><\/p>\n<ul>\n<li>Fast gage<\/li>\n<li>Pensionsordning<\/li>\n<li>Sundhedsforsikring<\/li>\n<li>Fri telefon, PC, internet<\/li>\n<\/ul>\n<p>[\/uncode_list][vc_column_text uncode_shortcode_id=&#8221;209161&#8243;]<strong>Tiltr\u00e6delse:<\/strong><br \/>\nHurtigst muligt, men vi er klar til at vente p\u00e5 den rigtige kandidat.<\/p>\n<p><strong>Beskyttelse af persondata:<\/strong><br \/>\nFor at beskytte dine personoplysninger skal du sikre dig, at de dokumenter, du videresender, ikke indeholder fornuftige personoplysninger, s\u00e5som cpr-nummer (dvs. CPR-nummer), oplysninger om helbred, etnisk baggrund, politisk eller religi\u00f8s overbevisning, seksuel orientering mv.<\/p>\n<p>For at beskytte dine personoplysninger accepterer vi ikke at modtage din ans\u00f8gning, CV mv. med posten.<\/p>\n<p><strong>Ans\u00f8gning:<\/strong><br \/>\nAns\u00f8gning fremsendes til Linka Energy A\/S, Nylandsvej 38, 6940 Lem st., att.: Henrik Pagh, mail: HeP@Linka.dk<br \/>\nDu er velkommen til at kontakte Henrik Pagh for yderligere information p\u00e5 mobil: +45 5144 1088.[\/vc_column_text][\/vc_column][\/vc_row]<\/p>\n<\/div>","protected":false},"excerpt":{"rendered":"<p>[vc_row row_height_percent=&#8221;50&#8243; override_padding=&#8221;yes&#8221; h_padding=&#8221;2&#8243; top_padding=&#8221;5&#8243; bottom_padding=&#8221;5&#8243; back_image=&#8221;3519&#8243; parallax=&#8221;yes&#8221; overlay_alpha=&#8221;100&#8243; equal_height=&#8221;yes&#8221; gutter_size=&#8221;4&#8243; column_width_percent=&#8221;100&#8243; shift_y=&#8221;0&#8243; z_index=&#8221;0&#8243; uncode_shortcode_id=&#8221;180784&#8243; overlay_color_type=&#8221;uncode-solid&#8221; overlay_color_solid=&#8221;rgba(25,66,86,0.5)&#8221; shape_dividers=&#8221;&#8221;][vc_column column_width_use_pixel=&#8221;yes&#8221; position_vertical=&#8221;middle&#8221; [&hellip;]<\/p>\n","protected":false},"author":3,"featured_media":0,"parent":425,"menu_order":0,"comment_status":"closed","ping_status":"closed","template":"","meta":{"footnotes":""},"class_list":["post-3361","page","type-page","status-publish","hentry"],"yoast_head":"<!-- This site is optimized with the Yoast SEO plugin v27.6 - https:\/\/yoast.com\/product\/yoast-seo-wordpress\/ -->\n<title>Projektleder til energianl\u00e6g - Linka Energy<\/title>\n<meta name=\"description\" content=\"Projektleder til energianl\u00e6g - Linka Energy %\" \/>\n<meta name=\"robots\" content=\"index, follow, max-snippet:-1, max-image-preview:large, max-video-preview:-1\" \/>\n<link rel=\"canonical\" href=\"https:\/\/linkaenergy.com\/da\/jobs\/projektleder-til-energianlaeg\/\" \/>\n<meta property=\"og:locale\" content=\"da_DK\" \/>\n<meta property=\"og:type\" content=\"article\" \/>\n<meta property=\"og:title\" content=\"Projektleder til energianl\u00e6g - Linka Energy\" \/>\n<meta property=\"og:description\" content=\"Projektleder til energianl\u00e6g - Linka Energy %\" \/>\n<meta property=\"og:url\" content=\"https:\/\/linkaenergy.com\/da\/jobs\/projektleder-til-energianlaeg\/\" \/>\n<meta property=\"og:site_name\" content=\"Linka Energy\" \/>\n<meta property=\"article:modified_time\" content=\"2023-04-26T13:34:23+00:00\" \/>\n<meta name=\"twitter:card\" content=\"summary_large_image\" \/>\n<meta name=\"twitter:label1\" content=\"Estimeret l\u00e6setid\" \/>\n\t<meta name=\"twitter:data1\" content=\"5 minutter\" \/>\n<script type=\"application\/ld+json\" class=\"yoast-schema-graph\">{\"@context\":\"https:\\\/\\\/schema.org\",\"@graph\":[{\"@type\":\"WebPage\",\"@id\":\"https:\\\/\\\/linkaenergy.com\\\/da\\\/jobs\\\/projektleder-til-energianlaeg\\\/\",\"url\":\"https:\\\/\\\/linkaenergy.com\\\/da\\\/jobs\\\/projektleder-til-energianlaeg\\\/\",\"name\":\"Projektleder til energianl\u00e6g - Linka Energy\",\"isPartOf\":{\"@id\":\"https:\\\/\\\/linkaenergy.com\\\/da\\\/#website\"},\"datePublished\":\"2023-04-12T09:01:53+00:00\",\"dateModified\":\"2023-04-26T13:34:23+00:00\",\"description\":\"Projektleder til energianl\u00e6g - Linka Energy %\",\"breadcrumb\":{\"@id\":\"https:\\\/\\\/linkaenergy.com\\\/da\\\/jobs\\\/projektleder-til-energianlaeg\\\/#breadcrumb\"},\"inLanguage\":\"da-DK\",\"potentialAction\":[{\"@type\":\"ReadAction\",\"target\":[\"https:\\\/\\\/linkaenergy.com\\\/da\\\/jobs\\\/projektleder-til-energianlaeg\\\/\"]}]},{\"@type\":\"BreadcrumbList\",\"@id\":\"https:\\\/\\\/linkaenergy.com\\\/da\\\/jobs\\\/projektleder-til-energianlaeg\\\/#breadcrumb\",\"itemListElement\":[{\"@type\":\"ListItem\",\"position\":1,\"name\":\"Hjem\",\"item\":\"https:\\\/\\\/linkaenergy.com\\\/da\\\/\"},{\"@type\":\"ListItem\",\"position\":2,\"name\":\"Jobs\",\"item\":\"https:\\\/\\\/linkaenergy.com\\\/da\\\/jobs\\\/\"},{\"@type\":\"ListItem\",\"position\":3,\"name\":\"Projektleder til energianl\u00e6g\"}]},{\"@type\":\"WebSite\",\"@id\":\"https:\\\/\\\/linkaenergy.com\\\/da\\\/#website\",\"url\":\"https:\\\/\\\/linkaenergy.com\\\/da\\\/\",\"name\":\"Linka Energy\",\"description\":\"\",\"potentialAction\":[{\"@type\":\"SearchAction\",\"target\":{\"@type\":\"EntryPoint\",\"urlTemplate\":\"https:\\\/\\\/linkaenergy.com\\\/da\\\/?s={search_term_string}\"},\"query-input\":{\"@type\":\"PropertyValueSpecification\",\"valueRequired\":true,\"valueName\":\"search_term_string\"}}],\"inLanguage\":\"da-DK\"}]}<\/script>\n<!-- \/ Yoast SEO plugin. -->","yoast_head_json":{"title":"Projektleder til energianl\u00e6g - Linka Energy","description":"Projektleder til energianl\u00e6g - Linka Energy %","robots":{"index":"index","follow":"follow","max-snippet":"max-snippet:-1","max-image-preview":"max-image-preview:large","max-video-preview":"max-video-preview:-1"},"canonical":"https:\/\/linkaenergy.com\/da\/jobs\/projektleder-til-energianlaeg\/","og_locale":"da_DK","og_type":"article","og_title":"Projektleder til energianl\u00e6g - Linka Energy","og_description":"Projektleder til energianl\u00e6g - Linka Energy %","og_url":"https:\/\/linkaenergy.com\/da\/jobs\/projektleder-til-energianlaeg\/","og_site_name":"Linka Energy","article_modified_time":"2023-04-26T13:34:23+00:00","twitter_card":"summary_large_image","twitter_misc":{"Estimeret l\u00e6setid":"5 minutter"},"schema":{"@context":"https:\/\/schema.org","@graph":[{"@type":"WebPage","@id":"https:\/\/linkaenergy.com\/da\/jobs\/projektleder-til-energianlaeg\/","url":"https:\/\/linkaenergy.com\/da\/jobs\/projektleder-til-energianlaeg\/","name":"Projektleder til energianl\u00e6g - Linka Energy","isPartOf":{"@id":"https:\/\/linkaenergy.com\/da\/#website"},"datePublished":"2023-04-12T09:01:53+00:00","dateModified":"2023-04-26T13:34:23+00:00","description":"Projektleder til energianl\u00e6g - Linka Energy %","breadcrumb":{"@id":"https:\/\/linkaenergy.com\/da\/jobs\/projektleder-til-energianlaeg\/#breadcrumb"},"inLanguage":"da-DK","potentialAction":[{"@type":"ReadAction","target":["https:\/\/linkaenergy.com\/da\/jobs\/projektleder-til-energianlaeg\/"]}]},{"@type":"BreadcrumbList","@id":"https:\/\/linkaenergy.com\/da\/jobs\/projektleder-til-energianlaeg\/#breadcrumb","itemListElement":[{"@type":"ListItem","position":1,"name":"Hjem","item":"https:\/\/linkaenergy.com\/da\/"},{"@type":"ListItem","position":2,"name":"Jobs","item":"https:\/\/linkaenergy.com\/da\/jobs\/"},{"@type":"ListItem","position":3,"name":"Projektleder til energianl\u00e6g"}]},{"@type":"WebSite","@id":"https:\/\/linkaenergy.com\/da\/#website","url":"https:\/\/linkaenergy.com\/da\/","name":"Linka Energy","description":"","potentialAction":[{"@type":"SearchAction","target":{"@type":"EntryPoint","urlTemplate":"https:\/\/linkaenergy.com\/da\/?s={search_term_string}"},"query-input":{"@type":"PropertyValueSpecification","valueRequired":true,"valueName":"search_term_string"}}],"inLanguage":"da-DK"}]}},"_links":{"self":[{"href":"https:\/\/linkaenergy.com\/da\/wp-json\/wp\/v2\/pages\/3361","targetHints":{"allow":["GET"]}}],"collection":[{"href":"https:\/\/linkaenergy.com\/da\/wp-json\/wp\/v2\/pages"}],"about":[{"href":"https:\/\/linkaenergy.com\/da\/wp-json\/wp\/v2\/types\/page"}],"author":[{"embeddable":true,"href":"https:\/\/linkaenergy.com\/da\/wp-json\/wp\/v2\/users\/3"}],"replies":[{"embeddable":true,"href":"https:\/\/linkaenergy.com\/da\/wp-json\/wp\/v2\/comments?post=3361"}],"version-history":[{"count":8,"href":"https:\/\/linkaenergy.com\/da\/wp-json\/wp\/v2\/pages\/3361\/revisions"}],"predecessor-version":[{"id":3523,"href":"https:\/\/linkaenergy.com\/da\/wp-json\/wp\/v2\/pages\/3361\/revisions\/3523"}],"up":[{"embeddable":true,"href":"https:\/\/linkaenergy.com\/da\/wp-json\/wp\/v2\/pages\/425"}],"wp:attachment":[{"href":"https:\/\/linkaenergy.com\/da\/wp-json\/wp\/v2\/media?parent=3361"}],"curies":[{"name":"wp","href":"https:\/\/api.w.org\/{rel}","templated":true}]}}