{"id":8313,"date":"2023-11-29T09:28:04","date_gmt":"2023-11-29T09:28:04","guid":{"rendered":"https:\/\/linkaenergy.com\/?page_id=8313"},"modified":"2024-01-23T16:04:26","modified_gmt":"2024-01-23T16:04:26","slug":"plug-and-play","status":"publish","type":"page","link":"https:\/\/linkaenergy.com\/da\/produkter\/plug-and-play\/","title":{"rendered":"Plug &#038; Play Biomasseanl\u00e6g"},"content":{"rendered":"<div class=\"wpb-content-wrapper\"><p>[vc_row row_height_percent=&#8221;60&#8243; override_padding=&#8221;yes&#8221; h_padding=&#8221;7&#8243; top_padding=&#8221;3&#8243; bottom_padding=&#8221;3&#8243; back_image=&#8221;8433&#8243; overlay_alpha=&#8221;100&#8243; gutter_size=&#8221;3&#8243; column_width_percent=&#8221;100&#8243; shift_y=&#8221;0&#8243; z_index=&#8221;0&#8243; uncode_shortcode_id=&#8221;148077&#8243; el_class=&#8221;product-top&#8221; overlay_color_type=&#8221;uncode-solid&#8221; overlay_color_solid=&#8221;rgba(25,66,86,0.5)&#8221;][vc_column column_width_percent=&#8221;100&#8243; position_vertical=&#8221;middle&#8221; align_horizontal=&#8221;align_center&#8221; gutter_size=&#8221;3&#8243; overlay_alpha=&#8221;50&#8243; shift_x=&#8221;0&#8243; shift_y=&#8221;0&#8243; shift_y_down=&#8221;0&#8243; z_index=&#8221;0&#8243; medium_width=&#8221;0&#8243; mobile_width=&#8221;0&#8243; width=&#8221;1\/1&#8243; uncode_shortcode_id=&#8221;154049&#8243;][vc_custom_heading heading_semantic=&#8221;h1&#8243; text_size=&#8221;h1&#8243; uncode_shortcode_id=&#8221;114185&#8243;]<span style=\"color: #ffffff;\">&#8220;Plug &amp; Play&#8221; Biomasseanl\u00e6g<\/span>[\/vc_custom_heading][vc_custom_heading uncode_shortcode_id=&#8221;108895&#8243;]<span style=\"color: #ffffff;\">B\u00e6redygtig containerbygget varme- og procescentral<\/span>[\/vc_custom_heading][\/vc_column][\/vc_row][vc_row row_height_percent=&#8221;0&#8243; override_padding=&#8221;yes&#8221; h_padding=&#8221;7&#8243; top_padding=&#8221;3&#8243; bottom_padding=&#8221;3&#8243; overlay_alpha=&#8221;50&#8243; gutter_size=&#8221;3&#8243; column_width_percent=&#8221;100&#8243; shift_y=&#8221;0&#8243; z_index=&#8221;0&#8243; uncode_shortcode_id=&#8221;699925&#8243; el_class=&#8221;product-top&#8221;][vc_column column_width_percent=&#8221;100&#8243; position_vertical=&#8221;middle&#8221; align_horizontal=&#8221;align_center&#8221; gutter_size=&#8221;3&#8243; overlay_alpha=&#8221;50&#8243; shift_x=&#8221;0&#8243; shift_y=&#8221;0&#8243; shift_y_down=&#8221;0&#8243; z_index=&#8221;0&#8243; medium_width=&#8221;0&#8243; mobile_width=&#8221;0&#8243; width=&#8221;1\/1&#8243; uncode_shortcode_id=&#8221;154049&#8243;][vc_column_text text_lead=&#8221;yes&#8221; text_color=&#8221;color-jevc&#8221; uncode_shortcode_id=&#8221;138962&#8243; text_color_type=&#8221;uncode-palette&#8221;]Hos Linka Energy har vi designet et mobilt \u201dPlug &amp; Play\u201d containerbygget centralvarme- og procesvarmecentral, der kan anvendes til kundegrupper som bl.a. landbrug, industri, institutioner og varmev\u00e6rker og lignende steder, hvor der permanent eller midlertidigt, er brug for en stabil varmekilde.[\/vc_column_text][\/vc_column][\/vc_row][vc_row][vc_column width=&#8221;1\/2&#8243;][vc_column_text uncode_shortcode_id=&#8221;176589&#8243;]Linkas \u201dPlug &amp; Play\u201d biomasseanl\u00e6g kan leveres som alle typer central, n\u00e6r- og fjernvarmecentraler samt som procesanl\u00e6g til industri.<\/p>\n<p>Linka tilbyder ogs\u00e5 levering med en generator til anl\u00e6ggets eget elforbrug, hvormed anl\u00e6gget g\u00f8res uafh\u00e6ngigt af den \u00f8vrige omkringliggende forsyningsinfrastruktur.<\/p>\n<p>Biomasseanl\u00e6gget er designet i enten en standardcontainer (typisk 20-40\u2019 skibscontainer) eller som Linkas specialbyggede st\u00e5lcontainer til st\u00f8rre anl\u00e6g.[\/vc_column_text][\/vc_column][vc_column width=&#8221;1\/2&#8243;][vc_column_text uncode_shortcode_id=&#8221;175613&#8243;]Containeren kan transporteres hvortil det end er n\u00f8dvendigt. Det er desuden muligt at sammenbygge flere Linka containermoduler, afh\u00e6ngig af behovet for varme.<\/p>\n<p>Det mobile containerbyggede energianl\u00e6g er hurtigt installeret, hvilket betyder, at det hurtigt er klar til brug. Du undg\u00e5r afbrydelser, s\u00e5 f.eks. fabrikken eller varmeproduktionen kan forts\u00e6tte uforstyrret.<\/p>\n<p>Ved at v\u00e6lge et mobilt energianl\u00e6g undg\u00e5r du desuden store udgifter til f.eks. til- eller ombygninger, der normalt ville v\u00e6re n\u00f8dvendige for at rumme et kedelanl\u00e6g.[\/vc_column_text][\/vc_column][\/vc_row][vc_row][vc_column width=&#8221;1\/1&#8243;][vc_single_image media=&#8221;8346&#8243; media_width_percent=&#8221;100&#8243; uncode_shortcode_id=&#8221;465557&#8243;][\/vc_column][\/vc_row][vc_row][vc_column width=&#8221;1\/1&#8243;][vc_column_text uncode_shortcode_id=&#8221;457760&#8243;]<\/p>\n<p style=\"text-align: center;\">Alle anl\u00e6g gennemg\u00e5r omhyggelig testk\u00f8rsel og kvalitetssikring, f\u00f8r de forlader Linkas v\u00e6rksted:<\/p>\n<h4 style=\"text-align: center;\"><strong>Dette er din garanti for at anl\u00e6gget fungerer optimalt.<\/strong><\/h4>\n<p>[\/vc_column_text][\/vc_column][\/vc_row][vc_row][vc_column width=&#8221;1\/2&#8243;][vc_single_image media=&#8221;8353&#8243; media_width_percent=&#8221;100&#8243; uncode_shortcode_id=&#8221;172527&#8243;][\/vc_column][vc_column width=&#8221;1\/2&#8243;][vc_single_image media=&#8221;8358&#8243; media_width_percent=&#8221;100&#8243; uncode_shortcode_id=&#8221;199788&#8243;][\/vc_column][\/vc_row][vc_row][vc_column width=&#8221;1\/1&#8243;][vc_column_text uncode_shortcode_id=&#8221;585056&#8243;]<\/p>\n<h3>Kedelanl\u00e6gget<\/h3>\n<p>Kedelanl\u00e6gget er baseret p\u00e5 en Linka H-kedel, der er leveret med Linkas patenterede forbr\u00e6ndingsteknologi, som sikrer maksimal udnyttelse af br\u00e6ndstoffet.<\/p>\n<p>Linka H-kedelanl\u00e6g er designet som et multi-fuel anl\u00e6g, der kan k\u00f8re p\u00e5 mange forskellige br\u00e6ndsler, hvilket sikrer dig et billigt og CO2-neutralt anl\u00e6g i mange \u00e5r fremover.<\/p>\n<p>Linka H-kedlen er anvendt af Linka Group gennem mange \u00e5rtier og er oprindeligt udviklet som en kedel til halmfyrede<br \/>\nanl\u00e6g.[\/vc_column_text][vc_single_image media=&#8221;8369&#8243; media_width_percent=&#8221;100&#8243; uncode_shortcode_id=&#8221;290998&#8243;][vc_column_text uncode_shortcode_id=&#8221;202485&#8243;]P\u00e5 den baggrund er kedlen i stand til at anvende en lang r\u00e6kke besv\u00e6rlige biomassebr\u00e6ndsler, som i andre kedelanl\u00e6g vil medf\u00f8re problemer, som blandt andet voldsomt reduceret levetid, ineffektiv udnyttelse af br\u00e6ndsel og milj\u00f8m\u00e6ssige udfordringer.<\/p>\n<p>Du kan s\u00e5ledes anvende de restprodukter, der er til r\u00e5dighed i dit lokalomr\u00e5de \u2013 for som vi siger i Linka;<\/p>\n<h4>Lokal energi er b\u00e6redygtig energi.<\/h4>\n<p>[\/vc_column_text][\/vc_column][\/vc_row][vc_row][vc_column width=&#8221;1\/3&#8243;][vc_single_image media=&#8221;8387&#8243; media_width_percent=&#8221;100&#8243; uncode_shortcode_id=&#8221;622585&#8243;][\/vc_column][vc_column width=&#8221;1\/3&#8243;][vc_single_image media=&#8221;8392&#8243; media_width_percent=&#8221;100&#8243; uncode_shortcode_id=&#8221;185025&#8243;][\/vc_column][vc_column width=&#8221;1\/3&#8243;][vc_single_image media=&#8221;8397&#8243; media_width_percent=&#8221;100&#8243; uncode_shortcode_id=&#8221;150050&#8243;][vc_column_text text_lead=&#8221;small&#8221; uncode_shortcode_id=&#8221;209172&#8243; css=&#8221;.vc_custom_1701249985958{margin-top: -1px !important;}&#8221;]<\/p>\n<p style=\"text-align: right;\"><em>Fotos er fra Plug &amp; Play 600kW anl\u00e6gget hos Bioenergi AS, Enebakk, Norge.<\/em><\/p>\n<p>[\/vc_column_text][\/vc_column][\/vc_row][vc_row][vc_column width=&#8221;1\/1&#8243;][vc_column_text uncode_shortcode_id=&#8221;804909&#8243;]<\/p>\n<h3 style=\"text-align: left;\">Anl\u00e6gstyper<img decoding=\"async\" class=\"alignright wp-image-8405 size-full\" src=\"https:\/\/linkaenergy.com\/wp-content\/uploads\/2023\/11\/Adven-Valio-2.jpg\" alt=\"\" width=\"800\" height=\"563\" srcset=\"https:\/\/linkaenergy.com\/wp-content\/uploads\/2023\/11\/Adven-Valio-2.jpg 800w, https:\/\/linkaenergy.com\/wp-content\/uploads\/2023\/11\/Adven-Valio-2-300x211.jpg 300w, https:\/\/linkaenergy.com\/wp-content\/uploads\/2023\/11\/Adven-Valio-2-768x540.jpg 768w, https:\/\/linkaenergy.com\/wp-content\/uploads\/2023\/11\/Adven-Valio-2-350x246.jpg 350w\" sizes=\"(max-width: 800px) 100vw, 800px\" \/><\/h3>\n<p>Linkas \u201dPlug &amp; Play\u201d l\u00f8sning kan leveres til mange forskellige applikationer:<\/p>\n<ul>\n<li>Varmtvandsanl\u00e6g<\/li>\n<li>Hedtvandsanl\u00e6g<\/li>\n<li>Dampanl\u00e6g<\/li>\n<\/ul>\n<p>Anl\u00e6ggene kan i standard udf\u00f8relse leveres op til 16 bar(o) med alt n\u00f8dvendigt tilh\u00f8rende udstyr. For hedtvands- og dampanl\u00e6g leveres l\u00f8sningerne oftest med en economizer, der reducerer varmetabet i r\u00f8ggassen, hvilket medf\u00f8rer en h\u00f8jere udnyttelsesgrad af br\u00e6ndslet. Samtidig kan vores dampanl\u00e6g leveres med tilh\u00f8rende f\u00f8devandsanl\u00e6g og kondensatbehandling, sammen med en fuldt integrerbar styring af anl\u00e6gget.<\/p>\n<p>Uanset anvendelse, er vores \u201dPlug &amp; Play\u201d containerbaserede kedelanl\u00e6g baseret p\u00e5 et fuldautomatisk princip. Styringen af anl\u00e6gget foreg\u00e5r s\u00e5ledes via fjernadgang p\u00e5 smartphones og computere.<\/p>\n<p>Linka leverer tilsvarende containerbaserede l\u00f8sninger til mere permanente silobaserede l\u00f8sninger, opriversystemer til bundtede br\u00e6ndsler og Linkas egenudviklede skraberl\u00f8sning til flisgrave. I kedlen er der desuden installeret automatisk askeudtag, hvor askesneglene transporterer asken fra kedlen videre til en askecontainer. St\u00f8rrelse og antal askecontainere, afh\u00e6nger af anl\u00e6ggets st\u00f8rrelse og den br\u00e6ndselsh\u00e5ndteringsl\u00f8sning, der aftales med kunden.[\/vc_column_text][\/vc_column][\/vc_row][vc_row][vc_column width=&#8221;1\/3&#8243;][vc_single_image media=&#8221;8412&#8243; media_width_percent=&#8221;100&#8243; uncode_shortcode_id=&#8221;208049&#8243;][\/vc_column][vc_column width=&#8221;1\/3&#8243;][vc_single_image media=&#8221;8417&#8243; media_width_percent=&#8221;100&#8243; uncode_shortcode_id=&#8221;496088&#8243;][\/vc_column][vc_column width=&#8221;1\/3&#8243;][vc_single_image media=&#8221;8422&#8243; media_width_percent=&#8221;100&#8243; uncode_shortcode_id=&#8221;408771&#8243;][vc_column_text text_lead=&#8221;small&#8221; uncode_shortcode_id=&#8221;990814&#8243; css=&#8221;.vc_custom_1701250047001{margin-top: -1px !important;}&#8221;]<\/p>\n<p style=\"text-align: right;\"><em>Fotos er fra Adven, Finland (2MW dampanl\u00e6g i container) og Porsangmoen, Norge (2,3MW flis med flisgrav).<\/em><\/p>\n<p>[\/vc_column_text][\/vc_column][\/vc_row][vc_row][vc_column width=&#8221;1\/1&#8243;][vc_custom_heading heading_semantic=&#8221;h4&#8243; text_size=&#8221;h4&#8243; uncode_shortcode_id=&#8221;275203&#8243;]<\/p>\n<h3>Fleksibilitet i br\u00e6ndselstyper<\/h3>\n<p>Linkas multikedel giver dig flere muligheder.[\/vc_custom_heading][uncode_list uncode_shortcode_id=&#8221;407978&#8243; el_class=&#8221;case-specs&#8221;]<\/p>\n<div class=\"keyValue\"><strong>Br\u00e6ndselstyper:<\/strong> Biomasse fra landbrug, restprodukter fra skoven samt halm, kornaffald, flis, t\u00f8rv mv.<\/div>\n<div class=\"keyValue\"><strong>St\u00f8rrelser:<\/strong> 200kW &#8211; 5MW, kan kombineres<\/div>\n<div class=\"keyValue\"><strong>Anl\u00e6gstype:<\/strong> Varmtvand, hedtvand og damp<\/div>\n<div class=\"keyValue\"><strong>Energitype:<\/strong> Central- og procesvarme<\/div>\n<p>[\/uncode_list][\/vc_column][\/vc_row][vc_row row_height_percent=&#8221;0&#8243; override_padding=&#8221;yes&#8221; h_padding=&#8221;7&#8243; top_padding=&#8221;3&#8243; bottom_padding=&#8221;3&#8243; overlay_alpha=&#8221;50&#8243; gutter_size=&#8221;3&#8243; column_width_percent=&#8221;100&#8243; shift_y=&#8221;0&#8243; z_index=&#8221;0&#8243; uncode_shortcode_id=&#8221;436053&#8243; el_class=&#8221;before-footer-contact&#8221;][vc_column column_width_percent=&#8221;100&#8243; position_vertical=&#8221;middle&#8221; align_horizontal=&#8221;align_center&#8221; gutter_size=&#8221;3&#8243; overlay_alpha=&#8221;50&#8243; shift_x=&#8221;0&#8243; shift_y=&#8221;0&#8243; shift_y_down=&#8221;0&#8243; z_index=&#8221;0&#8243; medium_width=&#8221;0&#8243; mobile_width=&#8221;0&#8243; width=&#8221;1\/1&#8243; uncode_shortcode_id=&#8221;154049&#8243;][vc_custom_heading sub_lead=&#8221;yes&#8221; uncode_shortcode_id=&#8221;132312&#8243;]Vil du vide mere om dine muligheder?[\/vc_custom_heading][vc_column_text text_lead=&#8221;yes&#8221; text_color=&#8221;color-jevc&#8221; uncode_shortcode_id=&#8221;128702&#8243; text_color_type=&#8221;uncode-palette&#8221;]Vores kvalificerede medarbejdere sidder klar til at r\u00e5dgive og vejlede dig til den bedste energil\u00f8sning med udgangspunkt i dine unikke behov.[\/vc_column_text][vc_row_inner row_inner_height_percent=&#8221;0&#8243; overlay_alpha=&#8221;50&#8243; gutter_size=&#8221;3&#8243; shift_y=&#8221;0&#8243; z_index=&#8221;0&#8243; uncode_shortcode_id=&#8221;490956&#8243; limit_content=&#8221;&#8221;][vc_column_inner column_width_use_pixel=&#8221;yes&#8221; align_horizontal=&#8221;align_center&#8221; gutter_size=&#8221;3&#8243; overlay_alpha=&#8221;50&#8243; shift_x=&#8221;0&#8243; shift_y=&#8221;0&#8243; shift_y_down=&#8221;0&#8243; z_index=&#8221;0&#8243; medium_width=&#8221;0&#8243; mobile_width=&#8221;0&#8243; width=&#8221;1\/2&#8243; uncode_shortcode_id=&#8221;148094&#8243; column_width_pixel=&#8221;500&#8243;][vc_single_image media=&#8221;6546&#8243; media_width_use_pixel=&#8221;yes&#8221; alignment=&#8221;center&#8221; uncode_shortcode_id=&#8221;830074&#8243; media_width_pixel=&#8221;300&#8243;][vc_column_text text_lead=&#8221;yes&#8221; text_color=&#8221;color-jevc&#8221; uncode_shortcode_id=&#8221;941348&#8243; text_color_type=&#8221;uncode-palette&#8221;]<\/p>\n<p style=\"text-align: center;\">Lars Visgaard J\u00f8rgensen<\/p>\n<p>[\/vc_column_text][vc_column_text text_color=&#8221;color-rgdb&#8221; uncode_shortcode_id=&#8221;189061&#8243; text_color_type=&#8221;uncode-palette&#8221; css=&#8221;.vc_custom_1700932790682{margin-top: 0px !important;}&#8221;]<\/p>\n<p style=\"text-align: center;\">Projektsalg og forretningsudvikler<\/p>\n<p>[\/vc_column_text][vc_button size=&#8221;btn-lg&#8221; border_width=&#8221;0&#8243; link=&#8221;url:mailto%3Alvj%40linka.dk&#8221; button_color_type=&#8221;uncode-solid&#8221; uncode_shortcode_id=&#8221;105112&#8243; button_color_solid=&#8221;#194256&#8243;]Kontakt mig[\/vc_button][\/vc_column_inner][vc_column_inner column_width_percent=&#8221;100&#8243; align_horizontal=&#8221;align_center&#8221; gutter_size=&#8221;3&#8243; overlay_alpha=&#8221;50&#8243; shift_x=&#8221;0&#8243; shift_y=&#8221;0&#8243; shift_y_down=&#8221;0&#8243; z_index=&#8221;0&#8243; medium_width=&#8221;0&#8243; mobile_width=&#8221;0&#8243; width=&#8221;1\/2&#8243; uncode_shortcode_id=&#8221;187051&#8243;][vc_single_image media=&#8221;5369&#8243; media_width_use_pixel=&#8221;yes&#8221; alignment=&#8221;center&#8221; uncode_shortcode_id=&#8221;121835&#8243; media_width_pixel=&#8221;300&#8243;][vc_column_text text_lead=&#8221;yes&#8221; text_color=&#8221;color-jevc&#8221; uncode_shortcode_id=&#8221;111691&#8243; text_color_type=&#8221;uncode-palette&#8221;]<\/p>\n<p style=\"text-align: center;\">Claus Mikael Larsen<\/p>\n<p>[\/vc_column_text][vc_column_text text_color=&#8221;color-rgdb&#8221; uncode_shortcode_id=&#8221;127114&#8243; text_color_type=&#8221;uncode-palette&#8221; css=&#8221;.vc_custom_1698241273767{margin-top: 0px !important;}&#8221;]<\/p>\n<p style=\"text-align: center;\">Head of sales<\/p>\n<p>[\/vc_column_text][vc_button size=&#8221;btn-lg&#8221; border_width=&#8221;0&#8243; link=&#8221;url:mailto%3Acml%40linka.dk&#8221; button_color_type=&#8221;uncode-solid&#8221; uncode_shortcode_id=&#8221;326538&#8243; button_color_solid=&#8221;#194256&#8243;]Kontakt mig[\/vc_button][\/vc_column_inner][\/vc_row_inner][\/vc_column][\/vc_row]<\/p>\n<\/div>","protected":false},"excerpt":{"rendered":"<p>[vc_row row_height_percent=&#8221;60&#8243; override_padding=&#8221;yes&#8221; h_padding=&#8221;7&#8243; top_padding=&#8221;3&#8243; bottom_padding=&#8221;3&#8243; back_image=&#8221;8433&#8243; overlay_alpha=&#8221;100&#8243; gutter_size=&#8221;3&#8243; column_width_percent=&#8221;100&#8243; shift_y=&#8221;0&#8243; z_index=&#8221;0&#8243; uncode_shortcode_id=&#8221;148077&#8243; el_class=&#8221;product-top&#8221; overlay_color_type=&#8221;uncode-solid&#8221; overlay_color_solid=&#8221;rgba(25,66,86,0.5)&#8221;][vc_column column_width_percent=&#8221;100&#8243; position_vertical=&#8221;middle&#8221; align_horizontal=&#8221;align_center&#8221; gutter_size=&#8221;3&#8243; [&hellip;]<\/p>\n","protected":false},"author":4,"featured_media":0,"parent":106,"menu_order":0,"comment_status":"closed","ping_status":"closed","template":"","meta":{"footnotes":""},"class_list":["post-8313","page","type-page","status-publish","hentry"],"yoast_head":"<!-- This site is optimized with the Yoast SEO plugin v27.6 - https:\/\/yoast.com\/product\/yoast-seo-wordpress\/ -->\n<title>Plug &amp; Play Biomasseanl\u00e6g - Linka Energy<\/title>\n<meta name=\"description\" content=\"Plug &amp; Play Biomasseanl\u00e6g - Linka Energy %\" \/>\n<meta name=\"robots\" content=\"index, follow, max-snippet:-1, max-image-preview:large, max-video-preview:-1\" \/>\n<link rel=\"canonical\" href=\"https:\/\/linkaenergy.com\/da\/produkter\/plug-and-play\/\" \/>\n<meta property=\"og:locale\" content=\"da_DK\" \/>\n<meta property=\"og:type\" content=\"article\" \/>\n<meta property=\"og:title\" content=\"Plug &amp; Play Biomasseanl\u00e6g - Linka Energy\" \/>\n<meta property=\"og:description\" content=\"Plug &amp; Play Biomasseanl\u00e6g - Linka Energy %\" \/>\n<meta property=\"og:url\" content=\"https:\/\/linkaenergy.com\/da\/produkter\/plug-and-play\/\" \/>\n<meta property=\"og:site_name\" content=\"Linka Energy\" \/>\n<meta property=\"article:modified_time\" content=\"2024-01-23T16:04:26+00:00\" \/>\n<meta property=\"og:image\" content=\"https:\/\/linkaenergy.com\/wp-content\/uploads\/2023\/11\/Adven-Valio-2.jpg\" \/>\n<meta name=\"twitter:card\" content=\"summary_large_image\" \/>\n<meta name=\"twitter:label1\" content=\"Estimeret l\u00e6setid\" \/>\n\t<meta name=\"twitter:data1\" content=\"5 minutter\" \/>\n<script type=\"application\/ld+json\" class=\"yoast-schema-graph\">{\"@context\":\"https:\\\/\\\/schema.org\",\"@graph\":[{\"@type\":\"WebPage\",\"@id\":\"https:\\\/\\\/linkaenergy.com\\\/da\\\/produkter\\\/plug-and-play\\\/\",\"url\":\"https:\\\/\\\/linkaenergy.com\\\/da\\\/produkter\\\/plug-and-play\\\/\",\"name\":\"Plug & Play Biomasseanl\u00e6g - Linka Energy\",\"isPartOf\":{\"@id\":\"https:\\\/\\\/linkaenergy.com\\\/da\\\/#website\"},\"primaryImageOfPage\":{\"@id\":\"https:\\\/\\\/linkaenergy.com\\\/da\\\/produkter\\\/plug-and-play\\\/#primaryimage\"},\"image\":{\"@id\":\"https:\\\/\\\/linkaenergy.com\\\/da\\\/produkter\\\/plug-and-play\\\/#primaryimage\"},\"thumbnailUrl\":\"https:\\\/\\\/linkaenergy.com\\\/wp-content\\\/uploads\\\/2023\\\/11\\\/Adven-Valio-2.jpg\",\"datePublished\":\"2023-11-29T09:28:04+00:00\",\"dateModified\":\"2024-01-23T16:04:26+00:00\",\"description\":\"Plug & Play Biomasseanl\u00e6g - Linka Energy %\",\"breadcrumb\":{\"@id\":\"https:\\\/\\\/linkaenergy.com\\\/da\\\/produkter\\\/plug-and-play\\\/#breadcrumb\"},\"inLanguage\":\"da-DK\",\"potentialAction\":[{\"@type\":\"ReadAction\",\"target\":[\"https:\\\/\\\/linkaenergy.com\\\/da\\\/produkter\\\/plug-and-play\\\/\"]}]},{\"@type\":\"ImageObject\",\"inLanguage\":\"da-DK\",\"@id\":\"https:\\\/\\\/linkaenergy.com\\\/da\\\/produkter\\\/plug-and-play\\\/#primaryimage\",\"url\":\"https:\\\/\\\/linkaenergy.com\\\/wp-content\\\/uploads\\\/2023\\\/11\\\/Adven-Valio-2.jpg\",\"contentUrl\":\"https:\\\/\\\/linkaenergy.com\\\/wp-content\\\/uploads\\\/2023\\\/11\\\/Adven-Valio-2.jpg\"},{\"@type\":\"BreadcrumbList\",\"@id\":\"https:\\\/\\\/linkaenergy.com\\\/da\\\/produkter\\\/plug-and-play\\\/#breadcrumb\",\"itemListElement\":[{\"@type\":\"ListItem\",\"position\":1,\"name\":\"Hjem\",\"item\":\"https:\\\/\\\/linkaenergy.com\\\/da\\\/\"},{\"@type\":\"ListItem\",\"position\":2,\"name\":\"Produkter\",\"item\":\"https:\\\/\\\/linkaenergy.com\\\/da\\\/produkter\\\/\"},{\"@type\":\"ListItem\",\"position\":3,\"name\":\"Plug &#038; Play Biomasseanl\u00e6g\"}]},{\"@type\":\"WebSite\",\"@id\":\"https:\\\/\\\/linkaenergy.com\\\/da\\\/#website\",\"url\":\"https:\\\/\\\/linkaenergy.com\\\/da\\\/\",\"name\":\"Linka Energy\",\"description\":\"\",\"potentialAction\":[{\"@type\":\"SearchAction\",\"target\":{\"@type\":\"EntryPoint\",\"urlTemplate\":\"https:\\\/\\\/linkaenergy.com\\\/da\\\/?s={search_term_string}\"},\"query-input\":{\"@type\":\"PropertyValueSpecification\",\"valueRequired\":true,\"valueName\":\"search_term_string\"}}],\"inLanguage\":\"da-DK\"}]}<\/script>\n<!-- \/ Yoast SEO plugin. -->","yoast_head_json":{"title":"Plug & Play Biomasseanl\u00e6g - Linka Energy","description":"Plug & Play Biomasseanl\u00e6g - Linka Energy %","robots":{"index":"index","follow":"follow","max-snippet":"max-snippet:-1","max-image-preview":"max-image-preview:large","max-video-preview":"max-video-preview:-1"},"canonical":"https:\/\/linkaenergy.com\/da\/produkter\/plug-and-play\/","og_locale":"da_DK","og_type":"article","og_title":"Plug & Play Biomasseanl\u00e6g - Linka Energy","og_description":"Plug & Play Biomasseanl\u00e6g - Linka Energy %","og_url":"https:\/\/linkaenergy.com\/da\/produkter\/plug-and-play\/","og_site_name":"Linka Energy","article_modified_time":"2024-01-23T16:04:26+00:00","og_image":[{"url":"https:\/\/linkaenergy.com\/wp-content\/uploads\/2023\/11\/Adven-Valio-2.jpg","type":"","width":"","height":""}],"twitter_card":"summary_large_image","twitter_misc":{"Estimeret l\u00e6setid":"5 minutter"},"schema":{"@context":"https:\/\/schema.org","@graph":[{"@type":"WebPage","@id":"https:\/\/linkaenergy.com\/da\/produkter\/plug-and-play\/","url":"https:\/\/linkaenergy.com\/da\/produkter\/plug-and-play\/","name":"Plug & Play Biomasseanl\u00e6g - Linka Energy","isPartOf":{"@id":"https:\/\/linkaenergy.com\/da\/#website"},"primaryImageOfPage":{"@id":"https:\/\/linkaenergy.com\/da\/produkter\/plug-and-play\/#primaryimage"},"image":{"@id":"https:\/\/linkaenergy.com\/da\/produkter\/plug-and-play\/#primaryimage"},"thumbnailUrl":"https:\/\/linkaenergy.com\/wp-content\/uploads\/2023\/11\/Adven-Valio-2.jpg","datePublished":"2023-11-29T09:28:04+00:00","dateModified":"2024-01-23T16:04:26+00:00","description":"Plug & Play Biomasseanl\u00e6g - Linka Energy %","breadcrumb":{"@id":"https:\/\/linkaenergy.com\/da\/produkter\/plug-and-play\/#breadcrumb"},"inLanguage":"da-DK","potentialAction":[{"@type":"ReadAction","target":["https:\/\/linkaenergy.com\/da\/produkter\/plug-and-play\/"]}]},{"@type":"ImageObject","inLanguage":"da-DK","@id":"https:\/\/linkaenergy.com\/da\/produkter\/plug-and-play\/#primaryimage","url":"https:\/\/linkaenergy.com\/wp-content\/uploads\/2023\/11\/Adven-Valio-2.jpg","contentUrl":"https:\/\/linkaenergy.com\/wp-content\/uploads\/2023\/11\/Adven-Valio-2.jpg"},{"@type":"BreadcrumbList","@id":"https:\/\/linkaenergy.com\/da\/produkter\/plug-and-play\/#breadcrumb","itemListElement":[{"@type":"ListItem","position":1,"name":"Hjem","item":"https:\/\/linkaenergy.com\/da\/"},{"@type":"ListItem","position":2,"name":"Produkter","item":"https:\/\/linkaenergy.com\/da\/produkter\/"},{"@type":"ListItem","position":3,"name":"Plug &#038; Play Biomasseanl\u00e6g"}]},{"@type":"WebSite","@id":"https:\/\/linkaenergy.com\/da\/#website","url":"https:\/\/linkaenergy.com\/da\/","name":"Linka Energy","description":"","potentialAction":[{"@type":"SearchAction","target":{"@type":"EntryPoint","urlTemplate":"https:\/\/linkaenergy.com\/da\/?s={search_term_string}"},"query-input":{"@type":"PropertyValueSpecification","valueRequired":true,"valueName":"search_term_string"}}],"inLanguage":"da-DK"}]}},"_links":{"self":[{"href":"https:\/\/linkaenergy.com\/da\/wp-json\/wp\/v2\/pages\/8313","targetHints":{"allow":["GET"]}}],"collection":[{"href":"https:\/\/linkaenergy.com\/da\/wp-json\/wp\/v2\/pages"}],"about":[{"href":"https:\/\/linkaenergy.com\/da\/wp-json\/wp\/v2\/types\/page"}],"author":[{"embeddable":true,"href":"https:\/\/linkaenergy.com\/da\/wp-json\/wp\/v2\/users\/4"}],"replies":[{"embeddable":true,"href":"https:\/\/linkaenergy.com\/da\/wp-json\/wp\/v2\/comments?post=8313"}],"version-history":[{"count":44,"href":"https:\/\/linkaenergy.com\/da\/wp-json\/wp\/v2\/pages\/8313\/revisions"}],"predecessor-version":[{"id":9124,"href":"https:\/\/linkaenergy.com\/da\/wp-json\/wp\/v2\/pages\/8313\/revisions\/9124"}],"up":[{"embeddable":true,"href":"https:\/\/linkaenergy.com\/da\/wp-json\/wp\/v2\/pages\/106"}],"wp:attachment":[{"href":"https:\/\/linkaenergy.com\/da\/wp-json\/wp\/v2\/media?parent=8313"}],"curies":[{"name":"wp","href":"https:\/\/api.w.org\/{rel}","templated":true}]}}