{"id":6917,"date":"2023-10-31T11:45:56","date_gmt":"2023-10-31T11:45:56","guid":{"rendered":"https:\/\/linkaenergy.com\/toftlund-fernwaerme\/"},"modified":"2024-03-04T13:58:44","modified_gmt":"2024-03-04T13:58:44","slug":"toftlund-fernwaerme","status":"publish","type":"page","link":"https:\/\/linkaenergy.com\/de\/toftlund-fernwaerme\/","title":{"rendered":"Toftlund-Fernw\u00e4rme"},"content":{"rendered":"<div class=\"wpb-content-wrapper\"><p>[vc_row row_height_percent=&#8220;50&#8243; override_padding=&#8220;yes&#8220; h_padding=&#8220;2&#8243; top_padding=&#8220;5&#8243; bottom_padding=&#8220;5&#8243; back_image=&#8220;6880&#8243; parallax=&#8220;yes&#8220; overlay_alpha=&#8220;100&#8243; equal_height=&#8220;yes&#8220; gutter_size=&#8220;4&#8243; column_width_percent=&#8220;100&#8243; shift_y=&#8220;0&#8243; z_index=&#8220;0&#8243; uncode_shortcode_id=&#8220;102425&#8243; overlay_color_type=&#8220;uncode-solid&#8220; overlay_color_solid=&#8220;rgba(25,66,86,0.5)&#8220;][vc_column column_width_percent=&#8220;100&#8243; position_vertical=&#8220;middle&#8220; align_horizontal=&#8220;align_center&#8220; gutter_size=&#8220;3&#8243; style=&#8220;dark&#8220; overlay_alpha=&#8220;50&#8243; shift_x=&#8220;0&#8243; shift_y=&#8220;0&#8243; shift_y_down=&#8220;0&#8243; z_index=&#8220;0&#8243; medium_width=&#8220;0&#8243; mobile_width=&#8220;0&#8243; width=&#8220;1\/1&#8243; uncode_shortcode_id=&#8220;193801&#8243;][vc_custom_heading heading_semantic=&#8220;h6&#8243; text_size=&#8220;h6&#8243; text_transform=&#8220;uppercase&#8220; uncode_shortcode_id=&#8220;199118&#8243;]Referenz[\/vc_custom_heading][vc_custom_heading heading_semantic=&#8220;h1&#8243; text_size=&#8220;h1&#8243; uncode_shortcode_id=&#8220;147520&#8243;]<strong>Toftlund-Fernw\u00e4rme<\/strong>[\/vc_custom_heading][\/vc_column][\/vc_row][vc_row row_height_percent=&#8220;0&#8243; override_padding=&#8220;yes&#8220; h_padding=&#8220;2&#8243; top_padding=&#8220;3&#8243; bottom_padding=&#8220;3&#8243; overlay_alpha=&#8220;50&#8243; gutter_size=&#8220;4&#8243; column_width_percent=&#8220;100&#8243; shift_y=&#8220;0&#8243; z_index=&#8220;0&#8243; uncode_shortcode_id=&#8220;863600&#8243;][vc_column width=&#8220;2\/3&#8243;][vc_custom_heading uncode_shortcode_id=&#8220;716088&#8243; subheading=&#8220;Toftlund-Fernw\u00e4rme hat ein umfassendes Projekt f\u00fcr die Errichtung eines vollst\u00e4ndigen Pelletkessels, Elektrokessels und eines Akkumulatortanks ausgeschrieben. Der aktuelle Fall betrifft den Vertrag f\u00fcr den Holzpelletkessel, zu dem Linka Energy geboten und ihn mittlerweile gewonnen hat. Als Teil der Installation des neuen Pelletkessels wird der bisherige Gaskessel der Anlage zerlegt und entsorgt.<\/p>\n<p>Die Anforderung an den neuen Holzpelletkessel von Toftlund-Fernw\u00e4rme war die Versorgung der vorhandenen Absorptionsw\u00e4rmepumpe mit 150 \u00b0C hei\u00dfem Wasser. Wenn die Absorptionsw\u00e4rmepumpe ganz oder teilweise au\u00dfer Betrieb ist, sollten bis zu 3.000 kW vom neuen Holzpelletkessel bei einer Temperatur von 98 \u00b0C +\/- 1 \u00b0C \u00fcber einen neuen W\u00e4rmetauscher, der f\u00fcr \u201eden schlimmsten anzunehmenden Betriebsfall\u201c ausgelegt ist, vom Hei\u00dfwasserkreislauf in den Fernw\u00e4rmekreislauf geleitet werden k\u00f6nnen.&#8220; text_color_type=&#8220;uncode-palette&#8220; text_color_solid=&#8220;#ff0000&#8243;]3,2 MW-Biomasse-Kesselsystem zum Feuern mit Pellets[\/vc_custom_heading][vc_custom_heading heading_semantic=&#8220;h4&#8243; text_size=&#8220;h4&#8243; uncode_shortcode_id=&#8220;123025&#8243; subheading=&#8220;Das Kesselsystem, ein 3,0 MW Linka H-Multibrennstoff-Kessel, ist f\u00fcr die Verbrennung von Holzpellets ausgelegt, kann aber dank seiner speziell entwickelten Beschickungsanlage auch andere Brennstoffe wie Strohpellets, Holzsp\u00e4ne sowie Sonnenblumensamen\/-pellets nutzen. Der einzigartige Aufbau des H-Kessels mit einer zylinderf\u00f6rmigen Brennkammer sichert im Verbund mit Linkas patentierter Verbrennungstechnologie die maximale Ausnutzung des Brennstoffs.<\/p>\n<p>Zus\u00e4tzlich wurde ein Abgasw\u00e4rme\u00fcbertr\u00e4ger installiert, der als Abgask\u00fchler dient und Energie vom hei\u00dfen Abgas an ein k\u00fchleres Medium \u2013 in diesem Fall Wasser \u2013 \u00fcbertr\u00e4gt, das dann zum Vorheizen oder Heizen genutzt werden kann. Dieses steigert den Wirkungsgrad der Anlage, da aus derselben Brennstoffmenge mehr Energie gewonnen wird. Der Abgasw\u00e4rme\u00fcbertr\u00e4ger ist unmittelbar hinter dem Kessel und vor dem Abgaszyklon in das Abgassystem integriert.<\/p>\n<p>Wenn vom Kessel W\u00e4rme \u201everlangt\u201c wird, wird das Verbrennungsverfahren eingeleitet: Die Beschickungsanlage l\u00e4uft an und ruft die je nach Heizbedarf erforderliche Brennstoffmenge ab, vom neuen Pellet-Stahlsilo \u00fcber die Siloschnecke, und bef\u00f6rdert sie zum Brennstoffschieber, von wo aus sie dem sich schrittweise bewegenden Gitter im Kessel zugef\u00fchrt wird.<\/p>\n<p>In der Brennkammer des Kessels ist ein sich schrittweise bewegendes Gitter installiert, um die Schlackebildung zu minimieren, und beim nachfolgenden Verbrennungssystem handelt es sich um Linkas eigenes patentiertes globales System. Die Abgase vom Kessel str\u00f6men durch den Abgasw\u00e4rme\u00fcbertr\u00e4ger, einen Multizyklon, und einen Taschenfilter, was die Staubemissionen bedeutend mindert, bevor sie durch den vorhandenen Schornstein freigesetzt werden.<\/p>\n<p>Die Steuerung des Systems erfolgt \u00fcber ein PLC-Steuersystem, das die Einrichtung \u00fcberwacht und via Internet und SMS Alarme verschickt. Dar\u00fcber hinaus ist es m\u00f6glich, das System mittels Smartphone, Tablets und\/oder PC zu \u00fcberwachen.&#8220; text_color_type=&#8220;uncode-palette&#8220; text_color_solid=&#8220;#ff0000&#8243;]Die Anlage[\/vc_custom_heading][\/vc_column][vc_column width=&#8220;1\/3&#8243;][vc_custom_heading heading_semantic=&#8220;h4&#8243; text_size=&#8220;h4&#8243; uncode_shortcode_id=&#8220;949346&#8243;]Spezifikationen[\/vc_custom_heading][uncode_list uncode_shortcode_id=&#8220;169664&#8243; el_class=&#8220;case-specs&#8220;]<\/p>\n<div class=\"keyValue\"><strong>Kunde:<\/strong> Toftlund Fernw\u00e4rme<\/div>\n<div class=\"keyValue\"><strong>Ort: <\/strong>\u00d8sterdalen, Toftlund (D\u00e4nemark)<\/div>\n<div class=\"keyValue\"><strong>Brennstofftyp: Pellets<\/strong><\/div>\n<div class=\"keyValue\"><strong>Kesselgr\u00f6\u00dfe:<\/strong> 3,0 MW<\/div>\n<div class=\"keyValue\"><strong>Anlagentyp: Linka-Hei\u00dfwassersystem<\/strong><\/div>\n<div class=\"keyValue\"><strong>Energietyp: Kommunale Heizung<\/strong><\/div>\n<div class=\"keyValue\"><strong>Jahr:<\/strong> 2023<\/div>\n<p>[\/uncode_list][vc_single_image media=&#8220;468&#8243; media_width_use_pixel=&#8220;yes&#8220; media_ratio=&#8220;one-one&#8220; shape=&#8220;img-circle&#8220; media_width_pixel=&#8220;100&#8243; uncode_shortcode_id=&#8220;125192&#8243;][vc_custom_heading heading_semantic=&#8220;h4&#8243; text_size=&#8220;h4&#8243; uncode_shortcode_id=&#8220;382519&#8243;]M\u00f6chten Sie mehr \u00fcber dieses Projekt erfahren?[\/vc_custom_heading][vc_button size=&#8220;btn-lg&#8220; border_width=&#8220;0&#8243; link=&#8220;url:mailto%3Ajdm%40linka.dk|&#8220; button_color_type=&#8220;uncode-solid&#8220; uncode_shortcode_id=&#8220;115505&#8243; button_color_solid=&#8220;#194256&#8243;]Kontakt Jan[\/vc_button][\/vc_column][\/vc_row][vc_row row_height_percent=&#8220;0&#8243; override_padding=&#8220;yes&#8220; h_padding=&#8220;2&#8243; top_padding=&#8220;3&#8243; bottom_padding=&#8220;3&#8243; overlay_alpha=&#8220;50&#8243; gutter_size=&#8220;1&#8243; column_width_percent=&#8220;100&#8243; shift_y=&#8220;0&#8243; z_index=&#8220;0&#8243; uncode_shortcode_id=&#8220;132126&#8243; back_color_type=&#8220;uncode-solid&#8220; back_color_solid=&#8220;#194256&#8243; el_class=&#8220;case-numbers&#8220;][vc_column column_width_percent=&#8220;100&#8243; align_horizontal=&#8220;align_center&#8220; gutter_size=&#8220;3&#8243; style=&#8220;dark&#8220; overlay_alpha=&#8220;50&#8243; shift_x=&#8220;0&#8243; shift_y=&#8220;0&#8243; shift_y_down=&#8220;0&#8243; z_index=&#8220;0&#8243; medium_width=&#8220;0&#8243; mobile_width=&#8220;0&#8243; width=&#8220;1\/2&#8243; uncode_shortcode_id=&#8220;367666&#8243;][vc_custom_heading heading_semantic=&#8220;h4&#8243; text_size=&#8220;h4&#8243; uncode_shortcode_id=&#8220;159043&#8243;]Pelletverbrauch[\/vc_custom_heading][vc_custom_heading text_size=&#8220;h1&#8243; uncode_shortcode_id=&#8220;872325&#8243;]675 kg pro Stunde[\/vc_custom_heading][vc_custom_heading heading_semantic=&#8220;h4&#8243; text_size=&#8220;h4&#8243; uncode_shortcode_id=&#8220;103776&#8243;]bei einem Feuchtigkeitsgehalt von 8 %[\/vc_custom_heading][\/vc_column][vc_column column_width_percent=&#8220;100&#8243; align_horizontal=&#8220;align_center&#8220; gutter_size=&#8220;3&#8243; style=&#8220;dark&#8220; overlay_alpha=&#8220;50&#8243; shift_x=&#8220;0&#8243; shift_y=&#8220;0&#8243; shift_y_down=&#8220;0&#8243; z_index=&#8220;0&#8243; medium_width=&#8220;0&#8243; mobile_width=&#8220;0&#8243; width=&#8220;1\/2&#8243; uncode_shortcode_id=&#8220;140106&#8243;][vc_custom_heading heading_semantic=&#8220;h4&#8243; text_size=&#8220;h4&#8243; uncode_shortcode_id=&#8220;213134&#8243;]Wirkungsgrad[\/vc_custom_heading][vc_custom_heading text_size=&#8220;h1&#8243; uncode_shortcode_id=&#8220;377921&#8243;]92,8 %[\/vc_custom_heading][vc_custom_heading heading_semantic=&#8220;h4&#8243; text_size=&#8220;h4&#8243; uncode_shortcode_id=&#8220;184088&#8243;]inklusive Abgasw\u00e4rme\u00fcbertr\u00e4ger[\/vc_custom_heading][\/vc_column][\/vc_row][vc_row row_height_percent=&#8220;0&#8243; override_padding=&#8220;yes&#8220; h_padding=&#8220;2&#8243; top_padding=&#8220;3&#8243; bottom_padding=&#8220;3&#8243; overlay_alpha=&#8220;100&#8243; gutter_size=&#8220;100&#8243; column_width_percent=&#8220;100&#8243; shift_y=&#8220;0&#8243; z_index=&#8220;0&#8243; style=&#8220;inherited&#8220; uncode_shortcode_id=&#8220;179838&#8243;][vc_column column_width_percent=&#8220;100&#8243; align_horizontal=&#8220;align_center&#8220; gutter_size=&#8220;3&#8243; overlay_alpha=&#8220;50&#8243; shift_x=&#8220;0&#8243; shift_y=&#8220;0&#8243; medium_width=&#8220;0&#8243; zoom_width=&#8220;0&#8243; zoom_height=&#8220;0&#8243; width=&#8220;1\/1&#8243;][vc_gallery el_id=&#8220;gallery-140162&#8243; type=&#8220;carousel&#8220; medias=&#8220;6885,6890,6895,6900&#8243; carousel_lg=&#8220;1&#8243; carousel_md=&#8220;1&#8243; carousel_sm=&#8220;1&#8243; thumb_size=&#8220;sixteen-nine&#8220; gutter_size=&#8220;0&#8243; media_items=&#8220;media|nolink|original&#8220; carousel_type=&#8220;fade&#8220; carousel_interval=&#8220;0&#8243; carousel_navspeed=&#8220;400&#8243; carousel_loop=&#8220;yes&#8220; carousel_nav=&#8220;yes&#8220; carousel_dots=&#8220;yes&#8220; carousel_dots_mobile=&#8220;yes&#8220; stage_padding=&#8220;0&#8243; single_overlay_opacity=&#8220;50&#8243; single_overlay_anim=&#8220;no&#8220; single_text_anim=&#8220;no&#8220; single_image_anim=&#8220;no&#8220; single_h_align=&#8220;center&#8220; single_padding=&#8220;2&#8243; single_icon=&#8220;fa fa-search&#8220; single_border=&#8220;yes&#8220; uncode_shortcode_id=&#8220;993278&#8243;][\/vc_column][\/vc_row]<\/p>\n<\/div>","protected":false},"excerpt":{"rendered":"<p>3,2 MW-Biomasse-Kesselsystem zum Feuern mit Pellets.<\/p>\n","protected":false},"author":4,"featured_media":6928,"parent":0,"menu_order":0,"comment_status":"closed","ping_status":"closed","template":"","meta":{"footnotes":""},"class_list":["post-6917","page","type-page","status-publish","has-post-thumbnail","hentry","page_category-fernwaerme"],"yoast_head":"<!-- This site is optimized with the Yoast SEO plugin v27.6 - https:\/\/yoast.com\/product\/yoast-seo-wordpress\/ -->\n<title>Toftlund-Fernw\u00e4rme - Linka Energy<\/title>\n<meta name=\"description\" content=\"Toftlund-Fernw\u00e4rme - Linka Energy %\" \/>\n<meta name=\"robots\" content=\"index, follow, max-snippet:-1, max-image-preview:large, max-video-preview:-1\" \/>\n<link rel=\"canonical\" href=\"https:\/\/linkaenergy.com\/de\/toftlund-fernwaerme\/\" \/>\n<meta property=\"og:locale\" content=\"de_DE\" \/>\n<meta property=\"og:type\" content=\"article\" \/>\n<meta property=\"og:title\" content=\"Toftlund-Fernw\u00e4rme - Linka Energy\" \/>\n<meta property=\"og:description\" content=\"Toftlund-Fernw\u00e4rme - Linka Energy %\" \/>\n<meta property=\"og:url\" content=\"https:\/\/linkaenergy.com\/de\/toftlund-fernwaerme\/\" \/>\n<meta property=\"og:site_name\" content=\"Linka Energy\" \/>\n<meta property=\"article:modified_time\" content=\"2024-03-04T13:58:44+00:00\" \/>\n<meta property=\"og:image\" content=\"https:\/\/linkaenergy.com\/wp-content\/uploads\/2023\/10\/Toftlund-Fjernvarme-forside.jpg\" \/>\n\t<meta property=\"og:image:width\" content=\"810\" \/>\n\t<meta property=\"og:image:height\" content=\"456\" \/>\n\t<meta property=\"og:image:type\" content=\"image\/jpeg\" \/>\n<meta name=\"twitter:card\" content=\"summary_large_image\" \/>\n<meta name=\"twitter:label1\" content=\"Gesch\u00e4tzte Lesezeit\" \/>\n\t<meta name=\"twitter:data1\" content=\"4\u00a0Minuten\" \/>\n<script type=\"application\/ld+json\" class=\"yoast-schema-graph\">{\"@context\":\"https:\\\/\\\/schema.org\",\"@graph\":[{\"@type\":\"WebPage\",\"@id\":\"https:\\\/\\\/linkaenergy.com\\\/de\\\/toftlund-fernwaerme\\\/\",\"url\":\"https:\\\/\\\/linkaenergy.com\\\/de\\\/toftlund-fernwaerme\\\/\",\"name\":\"Toftlund-Fernw\u00e4rme - Linka Energy\",\"isPartOf\":{\"@id\":\"https:\\\/\\\/linkaenergy.com\\\/da\\\/#website\"},\"primaryImageOfPage\":{\"@id\":\"https:\\\/\\\/linkaenergy.com\\\/de\\\/toftlund-fernwaerme\\\/#primaryimage\"},\"image\":{\"@id\":\"https:\\\/\\\/linkaenergy.com\\\/de\\\/toftlund-fernwaerme\\\/#primaryimage\"},\"thumbnailUrl\":\"https:\\\/\\\/linkaenergy.com\\\/wp-content\\\/uploads\\\/2023\\\/10\\\/Toftlund-Fjernvarme-forside.jpg\",\"datePublished\":\"2023-10-31T11:45:56+00:00\",\"dateModified\":\"2024-03-04T13:58:44+00:00\",\"description\":\"Toftlund-Fernw\u00e4rme - Linka Energy %\",\"breadcrumb\":{\"@id\":\"https:\\\/\\\/linkaenergy.com\\\/de\\\/toftlund-fernwaerme\\\/#breadcrumb\"},\"inLanguage\":\"de\",\"potentialAction\":[{\"@type\":\"ReadAction\",\"target\":[\"https:\\\/\\\/linkaenergy.com\\\/de\\\/toftlund-fernwaerme\\\/\"]}]},{\"@type\":\"ImageObject\",\"inLanguage\":\"de\",\"@id\":\"https:\\\/\\\/linkaenergy.com\\\/de\\\/toftlund-fernwaerme\\\/#primaryimage\",\"url\":\"https:\\\/\\\/linkaenergy.com\\\/wp-content\\\/uploads\\\/2023\\\/10\\\/Toftlund-Fjernvarme-forside.jpg\",\"contentUrl\":\"https:\\\/\\\/linkaenergy.com\\\/wp-content\\\/uploads\\\/2023\\\/10\\\/Toftlund-Fjernvarme-forside.jpg\",\"width\":810,\"height\":456},{\"@type\":\"BreadcrumbList\",\"@id\":\"https:\\\/\\\/linkaenergy.com\\\/de\\\/toftlund-fernwaerme\\\/#breadcrumb\",\"itemListElement\":[{\"@type\":\"ListItem\",\"position\":1,\"name\":\"Hjem\",\"item\":\"https:\\\/\\\/linkaenergy.com\\\/de\\\/\"},{\"@type\":\"ListItem\",\"position\":2,\"name\":\"Toftlund-Fernw\u00e4rme\"}]},{\"@type\":\"WebSite\",\"@id\":\"https:\\\/\\\/linkaenergy.com\\\/da\\\/#website\",\"url\":\"https:\\\/\\\/linkaenergy.com\\\/da\\\/\",\"name\":\"Linka Energy\",\"description\":\"\",\"potentialAction\":[{\"@type\":\"SearchAction\",\"target\":{\"@type\":\"EntryPoint\",\"urlTemplate\":\"https:\\\/\\\/linkaenergy.com\\\/da\\\/?s={search_term_string}\"},\"query-input\":{\"@type\":\"PropertyValueSpecification\",\"valueRequired\":true,\"valueName\":\"search_term_string\"}}],\"inLanguage\":\"de\"}]}<\/script>\n<!-- \/ Yoast SEO plugin. -->","yoast_head_json":{"title":"Toftlund-Fernw\u00e4rme - Linka Energy","description":"Toftlund-Fernw\u00e4rme - Linka Energy %","robots":{"index":"index","follow":"follow","max-snippet":"max-snippet:-1","max-image-preview":"max-image-preview:large","max-video-preview":"max-video-preview:-1"},"canonical":"https:\/\/linkaenergy.com\/de\/toftlund-fernwaerme\/","og_locale":"de_DE","og_type":"article","og_title":"Toftlund-Fernw\u00e4rme - Linka Energy","og_description":"Toftlund-Fernw\u00e4rme - Linka Energy %","og_url":"https:\/\/linkaenergy.com\/de\/toftlund-fernwaerme\/","og_site_name":"Linka Energy","article_modified_time":"2024-03-04T13:58:44+00:00","og_image":[{"width":810,"height":456,"url":"https:\/\/linkaenergy.com\/wp-content\/uploads\/2023\/10\/Toftlund-Fjernvarme-forside.jpg","type":"image\/jpeg"}],"twitter_card":"summary_large_image","twitter_misc":{"Gesch\u00e4tzte Lesezeit":"4\u00a0Minuten"},"schema":{"@context":"https:\/\/schema.org","@graph":[{"@type":"WebPage","@id":"https:\/\/linkaenergy.com\/de\/toftlund-fernwaerme\/","url":"https:\/\/linkaenergy.com\/de\/toftlund-fernwaerme\/","name":"Toftlund-Fernw\u00e4rme - Linka Energy","isPartOf":{"@id":"https:\/\/linkaenergy.com\/da\/#website"},"primaryImageOfPage":{"@id":"https:\/\/linkaenergy.com\/de\/toftlund-fernwaerme\/#primaryimage"},"image":{"@id":"https:\/\/linkaenergy.com\/de\/toftlund-fernwaerme\/#primaryimage"},"thumbnailUrl":"https:\/\/linkaenergy.com\/wp-content\/uploads\/2023\/10\/Toftlund-Fjernvarme-forside.jpg","datePublished":"2023-10-31T11:45:56+00:00","dateModified":"2024-03-04T13:58:44+00:00","description":"Toftlund-Fernw\u00e4rme - Linka Energy %","breadcrumb":{"@id":"https:\/\/linkaenergy.com\/de\/toftlund-fernwaerme\/#breadcrumb"},"inLanguage":"de","potentialAction":[{"@type":"ReadAction","target":["https:\/\/linkaenergy.com\/de\/toftlund-fernwaerme\/"]}]},{"@type":"ImageObject","inLanguage":"de","@id":"https:\/\/linkaenergy.com\/de\/toftlund-fernwaerme\/#primaryimage","url":"https:\/\/linkaenergy.com\/wp-content\/uploads\/2023\/10\/Toftlund-Fjernvarme-forside.jpg","contentUrl":"https:\/\/linkaenergy.com\/wp-content\/uploads\/2023\/10\/Toftlund-Fjernvarme-forside.jpg","width":810,"height":456},{"@type":"BreadcrumbList","@id":"https:\/\/linkaenergy.com\/de\/toftlund-fernwaerme\/#breadcrumb","itemListElement":[{"@type":"ListItem","position":1,"name":"Hjem","item":"https:\/\/linkaenergy.com\/de\/"},{"@type":"ListItem","position":2,"name":"Toftlund-Fernw\u00e4rme"}]},{"@type":"WebSite","@id":"https:\/\/linkaenergy.com\/da\/#website","url":"https:\/\/linkaenergy.com\/da\/","name":"Linka Energy","description":"","potentialAction":[{"@type":"SearchAction","target":{"@type":"EntryPoint","urlTemplate":"https:\/\/linkaenergy.com\/da\/?s={search_term_string}"},"query-input":{"@type":"PropertyValueSpecification","valueRequired":true,"valueName":"search_term_string"}}],"inLanguage":"de"}]}},"_links":{"self":[{"href":"https:\/\/linkaenergy.com\/de\/wp-json\/wp\/v2\/pages\/6917","targetHints":{"allow":["GET"]}}],"collection":[{"href":"https:\/\/linkaenergy.com\/de\/wp-json\/wp\/v2\/pages"}],"about":[{"href":"https:\/\/linkaenergy.com\/de\/wp-json\/wp\/v2\/types\/page"}],"author":[{"embeddable":true,"href":"https:\/\/linkaenergy.com\/de\/wp-json\/wp\/v2\/users\/4"}],"replies":[{"embeddable":true,"href":"https:\/\/linkaenergy.com\/de\/wp-json\/wp\/v2\/comments?post=6917"}],"version-history":[{"count":9,"href":"https:\/\/linkaenergy.com\/de\/wp-json\/wp\/v2\/pages\/6917\/revisions"}],"predecessor-version":[{"id":10379,"href":"https:\/\/linkaenergy.com\/de\/wp-json\/wp\/v2\/pages\/6917\/revisions\/10379"}],"wp:featuredmedia":[{"embeddable":true,"href":"https:\/\/linkaenergy.com\/de\/wp-json\/wp\/v2\/media\/6928"}],"wp:attachment":[{"href":"https:\/\/linkaenergy.com\/de\/wp-json\/wp\/v2\/media?parent=6917"}],"curies":[{"name":"wp","href":"https:\/\/api.w.org\/{rel}","templated":true}]}}