{"id":12481,"date":"2023-02-25T13:33:38","date_gmt":"2023-02-25T13:33:38","guid":{"rendered":"https:\/\/linkaenergy.com\/cieplownia-lolland\/"},"modified":"2024-06-13T14:11:33","modified_gmt":"2024-06-13T14:11:33","slug":"lolland","status":"publish","type":"page","link":"https:\/\/linkaenergy.com\/pl\/lolland\/","title":{"rendered":"Ciep\u0142ownia Lolland"},"content":{"rendered":"<div class=\"wpb-content-wrapper\"><p>[vc_row row_height_percent=&#8221;50&#8243; override_padding=&#8221;yes&#8221; h_padding=&#8221;2&#8243; top_padding=&#8221;5&#8243; bottom_padding=&#8221;5&#8243; back_image=&#8221;12462&#8243; parallax=&#8221;yes&#8221; overlay_alpha=&#8221;100&#8243; equal_height=&#8221;yes&#8221; gutter_size=&#8221;4&#8243; column_width_percent=&#8221;100&#8243; shift_y=&#8221;0&#8243; z_index=&#8221;0&#8243; uncode_shortcode_id=&#8221;173529&#8243; overlay_color_type=&#8221;uncode-solid&#8221; overlay_color_solid=&#8221;rgba(25,66,86,0.5)&#8221;][vc_column column_width_percent=&#8221;100&#8243; position_vertical=&#8221;middle&#8221; align_horizontal=&#8221;align_center&#8221; gutter_size=&#8221;3&#8243; style=&#8221;dark&#8221; overlay_alpha=&#8221;50&#8243; shift_x=&#8221;0&#8243; shift_y=&#8221;0&#8243; shift_y_down=&#8221;0&#8243; z_index=&#8221;0&#8243; medium_width=&#8221;0&#8243; mobile_width=&#8221;0&#8243; width=&#8221;1\/1&#8243; uncode_shortcode_id=&#8221;193801&#8243;][vc_custom_heading heading_semantic=&#8221;h6&#8243; text_size=&#8221;h6&#8243; text_transform=&#8221;uppercase&#8221; uncode_shortcode_id=&#8221;114857&#8243;]Odno\u015bnik[\/vc_custom_heading][vc_custom_heading heading_semantic=&#8221;h1&#8243; text_size=&#8221;h1&#8243; uncode_shortcode_id=&#8221;164329&#8243;]Ciep\u0142ownia Lolland[\/vc_custom_heading][\/vc_column][\/vc_row][vc_row row_height_percent=&#8221;0&#8243; override_padding=&#8221;yes&#8221; h_padding=&#8221;2&#8243; top_padding=&#8221;3&#8243; bottom_padding=&#8221;3&#8243; overlay_alpha=&#8221;50&#8243; gutter_size=&#8221;4&#8243; column_width_percent=&#8221;100&#8243; shift_y=&#8221;0&#8243; z_index=&#8221;0&#8243; uncode_shortcode_id=&#8221;863600&#8243;][vc_column width=&#8221;2\/3&#8243;][vc_custom_heading uncode_shortcode_id=&#8221;195266&#8243;]Instalacja ciep\u0142ownicza dla du\u017cej farmy zbo\u017cowej[\/vc_custom_heading][vc_column_text uncode_shortcode_id=&#8221;747349&#8243;]W 2013 roku Linka zainstalowa\u0142a kompletn\u0105 lini\u0119 kot\u0142ow\u0105 w zak\u0142adzie s\u0142omy w Nakskovie. Linia kot\u0142\u00f3w stanowi cz\u0119\u015b\u0107 ca\u0142kowitego zaopatrzenia zak\u0142adu w Nakskov &#8211; Lolland. Ciep\u0142ownia Lolland prowadzi w Nakskovie dwie ciep\u0142ownie, z kt\u00f3rych jedna to elektrownia wykorzystuj\u0105ca s\u0142om\u0119. Razem zaopatruj\u0105 oko\u0142o 4400 odbiorc\u00f3w w ciep\u0142o w 100% neutralne pod wzgl\u0119dem emisji CO2.<\/p>\n<p>Wytw\u00f3rnia s\u0142omy powsta\u0142a w 2010 roku z dwoma kot\u0142ami o mocy 8000 kW, z mo\u017cliwo\u015bci\u0105 dalszej rozbudowy o kolejne 5000 kW. W 2013 roku Linka otrzyma\u0142a zadanie doko\u0144czenia tej rozbudowy. W mi\u0119dzyczasie wielko\u015b\u0107 linii kot\u0142\u00f3w zosta\u0142a zmieniona na 6500 kW.[\/vc_column_text][vc_custom_heading heading_semantic=&#8221;h4&#8243; text_size=&#8221;h4&#8243; uncode_shortcode_id=&#8221;163967&#8243;]Ciep\u0142ownia[\/vc_custom_heading][vc_column_text uncode_shortcode_id=&#8221;251621&#8243;]Linka by\u0142a dostawc\u0105 kompletnej linii kot\u0142owej obejmuj\u0105cej wszystko, od skrzynki bezpiecze\u0144stwa w magazynie s\u0142omy po rozdrabniacz s\u0142omy, kocio\u0142, system odsysania popio\u0142u i system odprowadzania spalin. Dodatkowo zlecono nam dostosowanie dw\u00f3ch istniej\u0105cych kot\u0142\u00f3w. Poniewa\u017c ponownie wykorzystano istniej\u0105cy \u017curaw do s\u0142omy, przeprogramowano go na trzeci punkt zrzutu, kt\u00f3ry b\u0119dzie zasila\u0142 s\u0142om\u0105 now\u0105 lini\u0119 kot\u0142a.<\/p>\n<p>Nowa linia kot\u0142\u00f3w sk\u0142ada si\u0119 z kot\u0142a Linka GBV o mocy 6500 kW, zaprojektowanego na maksymalne ci\u015bnienie robocze 6 bar\u00f3w. Kocio\u0142 5-ci\u0105gowy zaprojektowano z my\u015bl\u0105 o bardziej efektywnym wykorzystaniu ciep\u0142a, co zapewnia wy\u017csz\u0105 wydajno\u015b\u0107 i wi\u0119ksz\u0105 oszcz\u0119dno\u015b\u0107 s\u0142omy.<\/p>\n<p>D\u017awig do s\u0142omy dostarcza bel\u0119 do bezpiecznego pojemnika w magazynie. Bela jest nast\u0119pnie przenoszona do rozdrabniacza s\u0142omy, gdzie jest ci\u0119ta, a nast\u0119pnie transportowana do kot\u0142a w celu spalenia. Zalet\u0105 tej metody jest mo\u017cliwo\u015b\u0107 przetwarzania s\u0142omy r\u00f3\u017cnej jako\u015bci.[\/vc_column_text][\/vc_column][vc_column width=&#8221;1\/3&#8243;][vc_custom_heading heading_semantic=&#8221;h4&#8243; text_size=&#8221;h4&#8243; uncode_shortcode_id=&#8221;469185&#8243;]Specyfikacje[\/vc_custom_heading][uncode_list uncode_shortcode_id=&#8221;899907&#8243; el_class=&#8221;case-specs&#8221;]<\/p>\n<div class=\"keyValue\"><strong>Klient:<\/strong> Ciep\u0142ownia Lolland<\/div>\n<div class=\"keyValue\"><strong>Lokalizacja:<\/strong> Nakskov, Dania<\/div>\n<div class=\"keyValue\"><strong>Paliwo:<\/strong> S\u0142oma<\/div>\n<div class=\"keyValue\"><strong>Moc:<\/strong> 6.500 kW<\/div>\n<div class=\"keyValue\"><strong>Produkcja:<\/strong> Ciep\u0142o<\/div>\n<div class=\"keyValue\"><strong>Typ instalacji:<\/strong> Ciep\u0142o systemowe<\/div>\n<div class=\"keyValue\"><strong>Rok:<\/strong> 2013<\/div>\n<p>[\/uncode_list][vc_single_image media=&#8221;468&#8243; media_width_use_pixel=&#8221;yes&#8221; media_ratio=&#8221;one-one&#8221; shape=&#8221;img-circle&#8221; media_width_pixel=&#8221;100&#8243; uncode_shortcode_id=&#8221;125192&#8243;][vc_custom_heading heading_semantic=&#8221;h4&#8243; text_size=&#8221;h4&#8243; uncode_shortcode_id=&#8221;382519&#8243;]Chcesz wiedzie\u0107 wi\u0119cej o tym projekcie?[\/vc_custom_heading][vc_button size=&#8221;btn-lg&#8221; border_width=&#8221;0&#8243; link=&#8221;url:mailto%3Ajdm%40linka.dk|&#8221; button_color_type=&#8221;uncode-solid&#8221; uncode_shortcode_id=&#8221;115505&#8243; button_color_solid=&#8221;#194256&#8243;]Kontakt Jan[\/vc_button][\/vc_column][\/vc_row][vc_row row_height_percent=&#8221;0&#8243; override_padding=&#8221;yes&#8221; h_padding=&#8221;2&#8243; top_padding=&#8221;3&#8243; bottom_padding=&#8221;3&#8243; overlay_alpha=&#8221;50&#8243; gutter_size=&#8221;1&#8243; column_width_percent=&#8221;100&#8243; shift_y=&#8221;0&#8243; z_index=&#8221;0&#8243; uncode_shortcode_id=&#8221;132126&#8243; back_color_type=&#8221;uncode-solid&#8221; back_color_solid=&#8221;#194256&#8243; el_class=&#8221;case-numbers&#8221;][vc_column column_width_percent=&#8221;100&#8243; align_horizontal=&#8221;align_center&#8221; gutter_size=&#8221;3&#8243; style=&#8221;dark&#8221; overlay_alpha=&#8221;50&#8243; shift_x=&#8221;0&#8243; shift_y=&#8221;0&#8243; shift_y_down=&#8221;0&#8243; z_index=&#8221;0&#8243; medium_width=&#8221;0&#8243; mobile_width=&#8221;0&#8243; width=&#8221;1\/2&#8243; uncode_shortcode_id=&#8221;367666&#8243;][vc_custom_heading heading_semantic=&#8221;h4&#8243; text_size=&#8221;h4&#8243; uncode_shortcode_id=&#8221;152083&#8243;]CO koncentracja[\/vc_custom_heading][vc_custom_heading text_size=&#8221;h1&#8243; uncode_shortcode_id=&#8221;116999&#8243;]451[\/vc_custom_heading][vc_column_text text_color=&#8221;color-xsdn&#8221; uncode_shortcode_id=&#8221;752796&#8243; text_color_type=&#8221;uncode-palette&#8221;]Emisja CO jest na dobrym poziomie,<br \/>\ngdy\u017c wymagania EU okre\u015blaj\u0105 j\u0105 max. na 625 mg\/Nm3.[\/vc_column_text][\/vc_column][vc_column column_width_percent=&#8221;100&#8243; align_horizontal=&#8221;align_center&#8221; gutter_size=&#8221;3&#8243; style=&#8221;dark&#8221; overlay_alpha=&#8221;50&#8243; shift_x=&#8221;0&#8243; shift_y=&#8221;0&#8243; shift_y_down=&#8221;0&#8243; z_index=&#8221;0&#8243; medium_width=&#8221;0&#8243; mobile_width=&#8221;0&#8243; width=&#8221;1\/2&#8243; uncode_shortcode_id=&#8221;140106&#8243;][vc_custom_heading heading_semantic=&#8221;h4&#8243; text_size=&#8221;h4&#8243; uncode_shortcode_id=&#8221;135548&#8243;]Ilo\u015b\u0107 py\u0142u[\/vc_custom_heading][vc_custom_heading text_size=&#8221;h1&#8243; uncode_shortcode_id=&#8221;150914&#8243;]10 %[\/vc_custom_heading][vc_column_text text_color=&#8221;color-xsdn&#8221; uncode_shortcode_id=&#8221;243149&#8243; text_color_type=&#8221;uncode-palette&#8221;]Py\u0142y s\u0105 na akceptowalnym poziomie,<br \/>\ngdy\u017c wymagania EU okre\u015blaj\u0105 ich max. na 40 mg\/Nm3.[\/vc_column_text][\/vc_column][\/vc_row]<\/p>\n<\/div>","protected":false},"excerpt":{"rendered":"<p>W 2013 roku Linka zainstalowa\u0142a kompletn\u0105 lini\u0119 kot\u0142ow\u0105 w zak\u0142adzie s\u0142omy w Nakskovie. Linia kot\u0142\u00f3w stanowi cz\u0119\u015b\u0107 ca\u0142kowitego zaopatrzenia zak\u0142adu w Nakskov &#8211; Lolland.<\/p>\n","protected":false},"author":3,"featured_media":12460,"parent":0,"menu_order":0,"comment_status":"closed","ping_status":"closed","template":"","meta":{"footnotes":""},"class_list":["post-12481","page","type-page","status-publish","has-post-thumbnail","hentry","page_category-instalacja-grzewcza"],"yoast_head":"<!-- This site is optimized with the Yoast SEO plugin v27.6 - https:\/\/yoast.com\/product\/yoast-seo-wordpress\/ -->\n<title>Ciep\u0142ownia Lolland - Linka Energy<\/title>\n<meta name=\"description\" content=\"Ciep\u0142ownia Lolland - Linka Energy %\" \/>\n<meta name=\"robots\" content=\"index, follow, max-snippet:-1, max-image-preview:large, max-video-preview:-1\" \/>\n<link rel=\"canonical\" href=\"https:\/\/linkaenergy.com\/pl\/lolland\/\" \/>\n<meta property=\"og:locale\" content=\"pl_PL\" \/>\n<meta property=\"og:type\" content=\"article\" \/>\n<meta property=\"og:title\" content=\"Ciep\u0142ownia Lolland - Linka Energy\" \/>\n<meta property=\"og:description\" content=\"Ciep\u0142ownia Lolland - Linka Energy %\" \/>\n<meta property=\"og:url\" content=\"https:\/\/linkaenergy.com\/pl\/lolland\/\" \/>\n<meta property=\"og:site_name\" content=\"Linka Energy\" \/>\n<meta property=\"article:modified_time\" content=\"2024-06-13T14:11:33+00:00\" \/>\n<meta property=\"og:image\" content=\"https:\/\/linkaenergy.com\/wp-content\/uploads\/2024\/06\/Lolland-Varme_810x456px.jpg\" \/>\n\t<meta property=\"og:image:width\" content=\"810\" \/>\n\t<meta property=\"og:image:height\" content=\"456\" \/>\n\t<meta property=\"og:image:type\" content=\"image\/jpeg\" \/>\n<meta name=\"twitter:card\" content=\"summary_large_image\" \/>\n<meta name=\"twitter:label1\" content=\"Szacowany czas czytania\" \/>\n\t<meta name=\"twitter:data1\" content=\"3 minuty\" \/>\n<script type=\"application\/ld+json\" class=\"yoast-schema-graph\">{\"@context\":\"https:\\\/\\\/schema.org\",\"@graph\":[{\"@type\":\"WebPage\",\"@id\":\"https:\\\/\\\/linkaenergy.com\\\/pl\\\/lolland\\\/\",\"url\":\"https:\\\/\\\/linkaenergy.com\\\/pl\\\/lolland\\\/\",\"name\":\"Ciep\u0142ownia Lolland - Linka Energy\",\"isPartOf\":{\"@id\":\"https:\\\/\\\/linkaenergy.com\\\/da\\\/#website\"},\"primaryImageOfPage\":{\"@id\":\"https:\\\/\\\/linkaenergy.com\\\/pl\\\/lolland\\\/#primaryimage\"},\"image\":{\"@id\":\"https:\\\/\\\/linkaenergy.com\\\/pl\\\/lolland\\\/#primaryimage\"},\"thumbnailUrl\":\"https:\\\/\\\/linkaenergy.com\\\/wp-content\\\/uploads\\\/2024\\\/06\\\/Lolland-Varme_810x456px.jpg\",\"datePublished\":\"2023-02-25T13:33:38+00:00\",\"dateModified\":\"2024-06-13T14:11:33+00:00\",\"description\":\"Ciep\u0142ownia Lolland - Linka Energy %\",\"breadcrumb\":{\"@id\":\"https:\\\/\\\/linkaenergy.com\\\/pl\\\/lolland\\\/#breadcrumb\"},\"inLanguage\":\"pl-PL\",\"potentialAction\":[{\"@type\":\"ReadAction\",\"target\":[\"https:\\\/\\\/linkaenergy.com\\\/pl\\\/lolland\\\/\"]}]},{\"@type\":\"ImageObject\",\"inLanguage\":\"pl-PL\",\"@id\":\"https:\\\/\\\/linkaenergy.com\\\/pl\\\/lolland\\\/#primaryimage\",\"url\":\"https:\\\/\\\/linkaenergy.com\\\/wp-content\\\/uploads\\\/2024\\\/06\\\/Lolland-Varme_810x456px.jpg\",\"contentUrl\":\"https:\\\/\\\/linkaenergy.com\\\/wp-content\\\/uploads\\\/2024\\\/06\\\/Lolland-Varme_810x456px.jpg\",\"width\":810,\"height\":456},{\"@type\":\"BreadcrumbList\",\"@id\":\"https:\\\/\\\/linkaenergy.com\\\/pl\\\/lolland\\\/#breadcrumb\",\"itemListElement\":[{\"@type\":\"ListItem\",\"position\":1,\"name\":\"Hjem\",\"item\":\"https:\\\/\\\/linkaenergy.com\\\/pl\\\/\"},{\"@type\":\"ListItem\",\"position\":2,\"name\":\"Ciep\u0142ownia Lolland\"}]},{\"@type\":\"WebSite\",\"@id\":\"https:\\\/\\\/linkaenergy.com\\\/da\\\/#website\",\"url\":\"https:\\\/\\\/linkaenergy.com\\\/da\\\/\",\"name\":\"Linka Energy\",\"description\":\"\",\"potentialAction\":[{\"@type\":\"SearchAction\",\"target\":{\"@type\":\"EntryPoint\",\"urlTemplate\":\"https:\\\/\\\/linkaenergy.com\\\/da\\\/?s={search_term_string}\"},\"query-input\":{\"@type\":\"PropertyValueSpecification\",\"valueRequired\":true,\"valueName\":\"search_term_string\"}}],\"inLanguage\":\"pl-PL\"}]}<\/script>\n<!-- \/ Yoast SEO plugin. -->","yoast_head_json":{"title":"Ciep\u0142ownia Lolland - Linka Energy","description":"Ciep\u0142ownia Lolland - Linka Energy %","robots":{"index":"index","follow":"follow","max-snippet":"max-snippet:-1","max-image-preview":"max-image-preview:large","max-video-preview":"max-video-preview:-1"},"canonical":"https:\/\/linkaenergy.com\/pl\/lolland\/","og_locale":"pl_PL","og_type":"article","og_title":"Ciep\u0142ownia Lolland - Linka Energy","og_description":"Ciep\u0142ownia Lolland - Linka Energy %","og_url":"https:\/\/linkaenergy.com\/pl\/lolland\/","og_site_name":"Linka Energy","article_modified_time":"2024-06-13T14:11:33+00:00","og_image":[{"width":810,"height":456,"url":"https:\/\/linkaenergy.com\/wp-content\/uploads\/2024\/06\/Lolland-Varme_810x456px.jpg","type":"image\/jpeg"}],"twitter_card":"summary_large_image","twitter_misc":{"Szacowany czas czytania":"3 minuty"},"schema":{"@context":"https:\/\/schema.org","@graph":[{"@type":"WebPage","@id":"https:\/\/linkaenergy.com\/pl\/lolland\/","url":"https:\/\/linkaenergy.com\/pl\/lolland\/","name":"Ciep\u0142ownia Lolland - Linka Energy","isPartOf":{"@id":"https:\/\/linkaenergy.com\/da\/#website"},"primaryImageOfPage":{"@id":"https:\/\/linkaenergy.com\/pl\/lolland\/#primaryimage"},"image":{"@id":"https:\/\/linkaenergy.com\/pl\/lolland\/#primaryimage"},"thumbnailUrl":"https:\/\/linkaenergy.com\/wp-content\/uploads\/2024\/06\/Lolland-Varme_810x456px.jpg","datePublished":"2023-02-25T13:33:38+00:00","dateModified":"2024-06-13T14:11:33+00:00","description":"Ciep\u0142ownia Lolland - Linka Energy %","breadcrumb":{"@id":"https:\/\/linkaenergy.com\/pl\/lolland\/#breadcrumb"},"inLanguage":"pl-PL","potentialAction":[{"@type":"ReadAction","target":["https:\/\/linkaenergy.com\/pl\/lolland\/"]}]},{"@type":"ImageObject","inLanguage":"pl-PL","@id":"https:\/\/linkaenergy.com\/pl\/lolland\/#primaryimage","url":"https:\/\/linkaenergy.com\/wp-content\/uploads\/2024\/06\/Lolland-Varme_810x456px.jpg","contentUrl":"https:\/\/linkaenergy.com\/wp-content\/uploads\/2024\/06\/Lolland-Varme_810x456px.jpg","width":810,"height":456},{"@type":"BreadcrumbList","@id":"https:\/\/linkaenergy.com\/pl\/lolland\/#breadcrumb","itemListElement":[{"@type":"ListItem","position":1,"name":"Hjem","item":"https:\/\/linkaenergy.com\/pl\/"},{"@type":"ListItem","position":2,"name":"Ciep\u0142ownia Lolland"}]},{"@type":"WebSite","@id":"https:\/\/linkaenergy.com\/da\/#website","url":"https:\/\/linkaenergy.com\/da\/","name":"Linka Energy","description":"","potentialAction":[{"@type":"SearchAction","target":{"@type":"EntryPoint","urlTemplate":"https:\/\/linkaenergy.com\/da\/?s={search_term_string}"},"query-input":{"@type":"PropertyValueSpecification","valueRequired":true,"valueName":"search_term_string"}}],"inLanguage":"pl-PL"}]}},"_links":{"self":[{"href":"https:\/\/linkaenergy.com\/pl\/wp-json\/wp\/v2\/pages\/12481","targetHints":{"allow":["GET"]}}],"collection":[{"href":"https:\/\/linkaenergy.com\/pl\/wp-json\/wp\/v2\/pages"}],"about":[{"href":"https:\/\/linkaenergy.com\/pl\/wp-json\/wp\/v2\/types\/page"}],"author":[{"embeddable":true,"href":"https:\/\/linkaenergy.com\/pl\/wp-json\/wp\/v2\/users\/3"}],"replies":[{"embeddable":true,"href":"https:\/\/linkaenergy.com\/pl\/wp-json\/wp\/v2\/comments?post=12481"}],"version-history":[{"count":4,"href":"https:\/\/linkaenergy.com\/pl\/wp-json\/wp\/v2\/pages\/12481\/revisions"}],"predecessor-version":[{"id":12485,"href":"https:\/\/linkaenergy.com\/pl\/wp-json\/wp\/v2\/pages\/12481\/revisions\/12485"}],"wp:featuredmedia":[{"embeddable":true,"href":"https:\/\/linkaenergy.com\/pl\/wp-json\/wp\/v2\/media\/12460"}],"wp:attachment":[{"href":"https:\/\/linkaenergy.com\/pl\/wp-json\/wp\/v2\/media?parent=12481"}],"curies":[{"name":"wp","href":"https:\/\/api.w.org\/{rel}","templated":true}]}}