{"id":12471,"date":"2023-02-25T13:33:38","date_gmt":"2023-02-25T13:33:38","guid":{"rendered":"https:\/\/linkaenergy.com\/lolland-varme\/"},"modified":"2024-06-13T13:59:26","modified_gmt":"2024-06-13T13:59:26","slug":"lolland","status":"publish","type":"page","link":"https:\/\/linkaenergy.com\/sv\/lolland\/","title":{"rendered":"Lolland Varme"},"content":{"rendered":"<div class=\"wpb-content-wrapper\"><p>[vc_row row_height_percent=&#8221;50&#8243; override_padding=&#8221;yes&#8221; h_padding=&#8221;2&#8243; top_padding=&#8221;5&#8243; bottom_padding=&#8221;5&#8243; back_image=&#8221;12462&#8243; parallax=&#8221;yes&#8221; overlay_alpha=&#8221;100&#8243; equal_height=&#8221;yes&#8221; gutter_size=&#8221;4&#8243; column_width_percent=&#8221;100&#8243; shift_y=&#8221;0&#8243; z_index=&#8221;0&#8243; uncode_shortcode_id=&#8221;173529&#8243; overlay_color_type=&#8221;uncode-solid&#8221; overlay_color_solid=&#8221;rgba(25,66,86,0.5)&#8221;][vc_column column_width_percent=&#8221;100&#8243; position_vertical=&#8221;middle&#8221; align_horizontal=&#8221;align_center&#8221; gutter_size=&#8221;3&#8243; style=&#8221;dark&#8221; overlay_alpha=&#8221;50&#8243; shift_x=&#8221;0&#8243; shift_y=&#8221;0&#8243; shift_y_down=&#8221;0&#8243; z_index=&#8221;0&#8243; medium_width=&#8221;0&#8243; mobile_width=&#8221;0&#8243; width=&#8221;1\/1&#8243; uncode_shortcode_id=&#8221;193801&#8243;][vc_custom_heading heading_semantic=&#8221;h6&#8243; text_size=&#8221;h6&#8243; text_transform=&#8221;uppercase&#8221; uncode_shortcode_id=&#8221;114857&#8243;]Referens[\/vc_custom_heading][vc_custom_heading heading_semantic=&#8221;h1&#8243; text_size=&#8221;h1&#8243; uncode_shortcode_id=&#8221;164329&#8243;]Lolland Varme[\/vc_custom_heading][\/vc_column][\/vc_row][vc_row row_height_percent=&#8221;0&#8243; override_padding=&#8221;yes&#8221; h_padding=&#8221;2&#8243; top_padding=&#8221;3&#8243; bottom_padding=&#8221;3&#8243; overlay_alpha=&#8221;50&#8243; gutter_size=&#8221;4&#8243; column_width_percent=&#8221;100&#8243; shift_y=&#8221;0&#8243; z_index=&#8221;0&#8243; uncode_shortcode_id=&#8221;863600&#8243;][vc_column width=&#8221;2\/3&#8243;][vc_custom_heading uncode_shortcode_id=&#8221;195266&#8243;]Komplett pannsystem f\u00f6r st\u00f6rre v\u00e4rmeverk[\/vc_custom_heading][vc_column_text uncode_shortcode_id=&#8221;747349&#8243;]2013 installerade Linka en komplett panna vid halmv\u00e4rmeverket i Nakskov. Pannan \u00e4r en del den samlade kapaciteten hos Nakskov p\u00e5 Lolland. Lolland Varme driver tv\u00e5 v\u00e4rmeverk i Nakskov varav ett \u00e4r ett halmv\u00e4rmeverk. Dessa f\u00f6rser cirka 4400 konsumenter med 100 % CO2-neutral v\u00e4rme.<\/p>\n<p>Halmv\u00e4rmev\u00e4rket etabelrades 2010 med tv\u00e5 stycken 8000kW pannor, med m\u00f6jlighet att bygga ut med ytterligare 5000kW. Linka fick i uppdrag att slutf\u00f6ra denna expansion 2013. Storleken p\u00e5 den tredje pannan \u00e4ndrades emellertid till 6500kW.[\/vc_column_text][vc_custom_heading heading_semantic=&#8221;h4&#8243; text_size=&#8221;h4&#8243; uncode_shortcode_id=&#8221;163967&#8243;]Anl\u00e4ggningen[\/vc_custom_heading][vc_column_text uncode_shortcode_id=&#8221;251621&#8243;]Linka var totalleverant\u00f6r av den nya panncentralen med allt fr\u00e5n halmlagret, halmbana, rivare, pannan, askhantering och r\u00f6kgasrening. Vidare fick vi \u00e4ven uppdraget att samtidigt bygga om de tv\u00e5 befintliga pannorna, d\u00e5 den befintliga halmkranen beh\u00f6vde programmeras om till en tredje utl\u00e4mningspunkt d\u00e5 den nya pannan beh\u00f6vde ha sin matning.<\/p>\n<p>Den nya pannan best\u00e5r av en Linka GBV-panna p\u00e5 6500kW, den \u00e4r konstruerad f\u00f6r ett maximalt drifttryck p\u00e5 6 bar. Pannan \u00e4r i ett 5-dragsutf\u00f6rande vilket ger en h\u00f6gre verkningsgrad och en st\u00f6rre besparing p\u00e5 halm.<\/p>\n<p>Eldningen sker ifr\u00e5n s\u00e4kerhetsboxen som \u00e4r uppst\u00e4lld i halmlagret. H\u00e4rifr\u00e5n matas halmen vidare in till pannan. Denna metod ger oss m\u00f6jlighet att hantera halm av s\u00e4mre kvalitet.[\/vc_column_text][\/vc_column][vc_column width=&#8221;1\/3&#8243;][vc_custom_heading heading_semantic=&#8221;h4&#8243; text_size=&#8221;h4&#8243; uncode_shortcode_id=&#8221;469185&#8243;]Specifikationer[\/vc_custom_heading][uncode_list uncode_shortcode_id=&#8221;899907&#8243; el_class=&#8221;case-specs&#8221;]<\/p>\n<div class=\"keyValue\"><strong>Kund:<\/strong> Lolland Varme<\/div>\n<div class=\"keyValue\"><strong>Plats:<\/strong> Nakskov, Lolland<\/div>\n<div class=\"keyValue\"><strong>Br\u00e4nsletyp:<\/strong> Halm<\/div>\n<div class=\"keyValue\"><strong>Kedelst\u00f8rrelse:<\/strong> 6 500 kW<\/div>\n<div class=\"keyValue\"><strong>Anl\u00e4ggningstyp:<\/strong> Varmvatten<\/div>\n<div class=\"keyValue\"><strong>Energityp:<\/strong> Fj\u00e4rrv\u00e4rme<\/div>\n<div class=\"keyValue\"><strong>\u00c5r:<\/strong> 2013<\/div>\n<p>[\/uncode_list][vc_single_image media=&#8221;468&#8243; media_width_use_pixel=&#8221;yes&#8221; media_ratio=&#8221;one-one&#8221; shape=&#8221;img-circle&#8221; media_width_pixel=&#8221;100&#8243; uncode_shortcode_id=&#8221;125192&#8243;][vc_custom_heading heading_semantic=&#8221;h4&#8243; text_size=&#8221;h4&#8243; uncode_shortcode_id=&#8221;382519&#8243;]Vill du veta mer om detta projekt?[\/vc_custom_heading][vc_button size=&#8221;btn-lg&#8221; border_width=&#8221;0&#8243; link=&#8221;url:mailto%3Ajdm%40linka.dk|&#8221; button_color_type=&#8221;uncode-solid&#8221; uncode_shortcode_id=&#8221;115505&#8243; button_color_solid=&#8221;#194256&#8243;]Kontakta Jan[\/vc_button][\/vc_column][\/vc_row][vc_row row_height_percent=&#8221;0&#8243; override_padding=&#8221;yes&#8221; h_padding=&#8221;2&#8243; top_padding=&#8221;3&#8243; bottom_padding=&#8221;3&#8243; overlay_alpha=&#8221;50&#8243; gutter_size=&#8221;1&#8243; column_width_percent=&#8221;100&#8243; shift_y=&#8221;0&#8243; z_index=&#8221;0&#8243; uncode_shortcode_id=&#8221;132126&#8243; back_color_type=&#8221;uncode-solid&#8221; back_color_solid=&#8221;#194256&#8243; el_class=&#8221;case-numbers&#8221;][vc_column column_width_percent=&#8221;100&#8243; align_horizontal=&#8221;align_center&#8221; gutter_size=&#8221;3&#8243; style=&#8221;dark&#8221; overlay_alpha=&#8221;50&#8243; shift_x=&#8221;0&#8243; shift_y=&#8221;0&#8243; shift_y_down=&#8221;0&#8243; z_index=&#8221;0&#8243; medium_width=&#8221;0&#8243; mobile_width=&#8221;0&#8243; width=&#8221;1\/2&#8243; uncode_shortcode_id=&#8221;367666&#8243;][vc_custom_heading heading_semantic=&#8221;h4&#8243; text_size=&#8221;h4&#8243; uncode_shortcode_id=&#8221;152083&#8243;]CO koncentration[\/vc_custom_heading][vc_custom_heading text_size=&#8221;h1&#8243; uncode_shortcode_id=&#8221;116999&#8243;]451[\/vc_custom_heading][vc_column_text text_color=&#8221;color-xsdn&#8221; uncode_shortcode_id=&#8221;752796&#8243; text_color_type=&#8221;uncode-palette&#8221;]Anl\u00e4ggningens CO-utsl\u00e4pp \u00e4r betydligt l\u00e4gre \u00e4n<br \/>\ngr\u00e4nsv\u00e4rdet p\u00e5 625 mg\/Nm3.[\/vc_column_text][\/vc_column][vc_column column_width_percent=&#8221;100&#8243; align_horizontal=&#8221;align_center&#8221; gutter_size=&#8221;3&#8243; style=&#8221;dark&#8221; overlay_alpha=&#8221;50&#8243; shift_x=&#8221;0&#8243; shift_y=&#8221;0&#8243; shift_y_down=&#8221;0&#8243; z_index=&#8221;0&#8243; medium_width=&#8221;0&#8243; mobile_width=&#8221;0&#8243; width=&#8221;1\/2&#8243; uncode_shortcode_id=&#8221;140106&#8243;][vc_custom_heading heading_semantic=&#8221;h4&#8243; text_size=&#8221;h4&#8243; uncode_shortcode_id=&#8221;135548&#8243;]Dammpartiklar[\/vc_custom_heading][vc_custom_heading text_size=&#8221;h1&#8243; uncode_shortcode_id=&#8221;150914&#8243;]10 %[\/vc_custom_heading][vc_column_text text_color=&#8221;color-xsdn&#8221; uncode_shortcode_id=&#8221;243149&#8243; text_color_type=&#8221;uncode-palette&#8221;]Damm fr\u00e5n anl\u00e4ggningen \u00e4r begr\u00e4snat, j\u00e4mf\u00f6rt<br \/>\nmed kravet om max 40 mg\/Nm3[\/vc_column_text][\/vc_column][\/vc_row]<\/p>\n<\/div>","protected":false},"excerpt":{"rendered":"<p>2013 installerade Linka en komplett panna vid halmv\u00e4rmeverket i Nakskov. Pannan \u00e4r en del den samlade kapaciteten hos Nakskov p\u00e5 Lolland.<\/p>\n","protected":false},"author":3,"featured_media":12461,"parent":0,"menu_order":0,"comment_status":"closed","ping_status":"closed","template":"","meta":{"footnotes":""},"class_list":["post-12471","page","type-page","status-publish","has-post-thumbnail","hentry","page_category-varmeverk","page_category-vaermeverk"],"yoast_head":"<!-- This site is optimized with the Yoast SEO plugin v27.6 - https:\/\/yoast.com\/product\/yoast-seo-wordpress\/ -->\n<title>Lolland Varme - Linka Energy<\/title>\n<meta name=\"description\" content=\"Lolland Varme - Linka Energy %\" \/>\n<meta name=\"robots\" content=\"index, follow, max-snippet:-1, max-image-preview:large, max-video-preview:-1\" \/>\n<link rel=\"canonical\" href=\"https:\/\/linkaenergy.com\/sv\/lolland\/\" \/>\n<meta property=\"og:locale\" content=\"sv_SE\" \/>\n<meta property=\"og:type\" content=\"article\" \/>\n<meta property=\"og:title\" content=\"Lolland Varme - Linka Energy\" \/>\n<meta property=\"og:description\" content=\"Lolland Varme - Linka Energy %\" \/>\n<meta property=\"og:url\" content=\"https:\/\/linkaenergy.com\/sv\/lolland\/\" \/>\n<meta property=\"og:site_name\" content=\"Linka Energy\" \/>\n<meta property=\"article:modified_time\" content=\"2024-06-13T13:59:26+00:00\" \/>\n<meta property=\"og:image\" content=\"https:\/\/linkaenergy.com\/wp-content\/uploads\/2024\/06\/Lolland-Varme_810x456px.jpg\" \/>\n\t<meta property=\"og:image:width\" content=\"810\" \/>\n\t<meta property=\"og:image:height\" content=\"456\" \/>\n\t<meta property=\"og:image:type\" content=\"image\/jpeg\" \/>\n<meta name=\"twitter:card\" content=\"summary_large_image\" \/>\n<meta name=\"twitter:label1\" content=\"Ber\u00e4knad l\u00e4stid\" \/>\n\t<meta name=\"twitter:data1\" content=\"3 minuter\" \/>\n<script type=\"application\/ld+json\" class=\"yoast-schema-graph\">{\"@context\":\"https:\\\/\\\/schema.org\",\"@graph\":[{\"@type\":\"WebPage\",\"@id\":\"https:\\\/\\\/linkaenergy.com\\\/sv\\\/lolland\\\/\",\"url\":\"https:\\\/\\\/linkaenergy.com\\\/sv\\\/lolland\\\/\",\"name\":\"Lolland Varme - Linka Energy\",\"isPartOf\":{\"@id\":\"https:\\\/\\\/linkaenergy.com\\\/da\\\/#website\"},\"primaryImageOfPage\":{\"@id\":\"https:\\\/\\\/linkaenergy.com\\\/sv\\\/lolland\\\/#primaryimage\"},\"image\":{\"@id\":\"https:\\\/\\\/linkaenergy.com\\\/sv\\\/lolland\\\/#primaryimage\"},\"thumbnailUrl\":\"https:\\\/\\\/linkaenergy.com\\\/wp-content\\\/uploads\\\/2024\\\/06\\\/Lolland-Varme_810x456px.jpg\",\"datePublished\":\"2023-02-25T13:33:38+00:00\",\"dateModified\":\"2024-06-13T13:59:26+00:00\",\"description\":\"Lolland Varme - Linka Energy %\",\"breadcrumb\":{\"@id\":\"https:\\\/\\\/linkaenergy.com\\\/sv\\\/lolland\\\/#breadcrumb\"},\"inLanguage\":\"sv-SE\",\"potentialAction\":[{\"@type\":\"ReadAction\",\"target\":[\"https:\\\/\\\/linkaenergy.com\\\/sv\\\/lolland\\\/\"]}]},{\"@type\":\"ImageObject\",\"inLanguage\":\"sv-SE\",\"@id\":\"https:\\\/\\\/linkaenergy.com\\\/sv\\\/lolland\\\/#primaryimage\",\"url\":\"https:\\\/\\\/linkaenergy.com\\\/wp-content\\\/uploads\\\/2024\\\/06\\\/Lolland-Varme_810x456px.jpg\",\"contentUrl\":\"https:\\\/\\\/linkaenergy.com\\\/wp-content\\\/uploads\\\/2024\\\/06\\\/Lolland-Varme_810x456px.jpg\",\"width\":810,\"height\":456},{\"@type\":\"BreadcrumbList\",\"@id\":\"https:\\\/\\\/linkaenergy.com\\\/sv\\\/lolland\\\/#breadcrumb\",\"itemListElement\":[{\"@type\":\"ListItem\",\"position\":1,\"name\":\"Hjem\",\"item\":\"https:\\\/\\\/linkaenergy.com\\\/sv\\\/\"},{\"@type\":\"ListItem\",\"position\":2,\"name\":\"Lolland Varme\"}]},{\"@type\":\"WebSite\",\"@id\":\"https:\\\/\\\/linkaenergy.com\\\/da\\\/#website\",\"url\":\"https:\\\/\\\/linkaenergy.com\\\/da\\\/\",\"name\":\"Linka Energy\",\"description\":\"\",\"potentialAction\":[{\"@type\":\"SearchAction\",\"target\":{\"@type\":\"EntryPoint\",\"urlTemplate\":\"https:\\\/\\\/linkaenergy.com\\\/da\\\/?s={search_term_string}\"},\"query-input\":{\"@type\":\"PropertyValueSpecification\",\"valueRequired\":true,\"valueName\":\"search_term_string\"}}],\"inLanguage\":\"sv-SE\"}]}<\/script>\n<!-- \/ Yoast SEO plugin. -->","yoast_head_json":{"title":"Lolland Varme - Linka Energy","description":"Lolland Varme - Linka Energy %","robots":{"index":"index","follow":"follow","max-snippet":"max-snippet:-1","max-image-preview":"max-image-preview:large","max-video-preview":"max-video-preview:-1"},"canonical":"https:\/\/linkaenergy.com\/sv\/lolland\/","og_locale":"sv_SE","og_type":"article","og_title":"Lolland Varme - Linka Energy","og_description":"Lolland Varme - Linka Energy %","og_url":"https:\/\/linkaenergy.com\/sv\/lolland\/","og_site_name":"Linka Energy","article_modified_time":"2024-06-13T13:59:26+00:00","og_image":[{"width":810,"height":456,"url":"https:\/\/linkaenergy.com\/wp-content\/uploads\/2024\/06\/Lolland-Varme_810x456px.jpg","type":"image\/jpeg"}],"twitter_card":"summary_large_image","twitter_misc":{"Ber\u00e4knad l\u00e4stid":"3 minuter"},"schema":{"@context":"https:\/\/schema.org","@graph":[{"@type":"WebPage","@id":"https:\/\/linkaenergy.com\/sv\/lolland\/","url":"https:\/\/linkaenergy.com\/sv\/lolland\/","name":"Lolland Varme - Linka Energy","isPartOf":{"@id":"https:\/\/linkaenergy.com\/da\/#website"},"primaryImageOfPage":{"@id":"https:\/\/linkaenergy.com\/sv\/lolland\/#primaryimage"},"image":{"@id":"https:\/\/linkaenergy.com\/sv\/lolland\/#primaryimage"},"thumbnailUrl":"https:\/\/linkaenergy.com\/wp-content\/uploads\/2024\/06\/Lolland-Varme_810x456px.jpg","datePublished":"2023-02-25T13:33:38+00:00","dateModified":"2024-06-13T13:59:26+00:00","description":"Lolland Varme - Linka Energy %","breadcrumb":{"@id":"https:\/\/linkaenergy.com\/sv\/lolland\/#breadcrumb"},"inLanguage":"sv-SE","potentialAction":[{"@type":"ReadAction","target":["https:\/\/linkaenergy.com\/sv\/lolland\/"]}]},{"@type":"ImageObject","inLanguage":"sv-SE","@id":"https:\/\/linkaenergy.com\/sv\/lolland\/#primaryimage","url":"https:\/\/linkaenergy.com\/wp-content\/uploads\/2024\/06\/Lolland-Varme_810x456px.jpg","contentUrl":"https:\/\/linkaenergy.com\/wp-content\/uploads\/2024\/06\/Lolland-Varme_810x456px.jpg","width":810,"height":456},{"@type":"BreadcrumbList","@id":"https:\/\/linkaenergy.com\/sv\/lolland\/#breadcrumb","itemListElement":[{"@type":"ListItem","position":1,"name":"Hjem","item":"https:\/\/linkaenergy.com\/sv\/"},{"@type":"ListItem","position":2,"name":"Lolland Varme"}]},{"@type":"WebSite","@id":"https:\/\/linkaenergy.com\/da\/#website","url":"https:\/\/linkaenergy.com\/da\/","name":"Linka Energy","description":"","potentialAction":[{"@type":"SearchAction","target":{"@type":"EntryPoint","urlTemplate":"https:\/\/linkaenergy.com\/da\/?s={search_term_string}"},"query-input":{"@type":"PropertyValueSpecification","valueRequired":true,"valueName":"search_term_string"}}],"inLanguage":"sv-SE"}]}},"_links":{"self":[{"href":"https:\/\/linkaenergy.com\/sv\/wp-json\/wp\/v2\/pages\/12471","targetHints":{"allow":["GET"]}}],"collection":[{"href":"https:\/\/linkaenergy.com\/sv\/wp-json\/wp\/v2\/pages"}],"about":[{"href":"https:\/\/linkaenergy.com\/sv\/wp-json\/wp\/v2\/types\/page"}],"author":[{"embeddable":true,"href":"https:\/\/linkaenergy.com\/sv\/wp-json\/wp\/v2\/users\/3"}],"replies":[{"embeddable":true,"href":"https:\/\/linkaenergy.com\/sv\/wp-json\/wp\/v2\/comments?post=12471"}],"version-history":[{"count":6,"href":"https:\/\/linkaenergy.com\/sv\/wp-json\/wp\/v2\/pages\/12471\/revisions"}],"predecessor-version":[{"id":12480,"href":"https:\/\/linkaenergy.com\/sv\/wp-json\/wp\/v2\/pages\/12471\/revisions\/12480"}],"wp:featuredmedia":[{"embeddable":true,"href":"https:\/\/linkaenergy.com\/sv\/wp-json\/wp\/v2\/media\/12461"}],"wp:attachment":[{"href":"https:\/\/linkaenergy.com\/sv\/wp-json\/wp\/v2\/media?parent=12471"}],"curies":[{"name":"wp","href":"https:\/\/api.w.org\/{rel}","templated":true}]}}