{"id":2757,"date":"2023-02-25T13:56:21","date_gmt":"2023-02-25T13:56:21","guid":{"rendered":"https:\/\/linka.graphie.dk\/fjaerrvaerme-i-roedbyhavn\/"},"modified":"2024-12-17T10:46:15","modified_gmt":"2024-12-17T10:46:15","slug":"roedbyhavn","status":"publish","type":"page","link":"https:\/\/linkaenergy.com\/sv\/roedbyhavn\/","title":{"rendered":"Fj\u00e4rrv\u00e4rme i R\u00f8dbyhavn"},"content":{"rendered":"<div class=\"wpb-content-wrapper\"><p>[vc_row row_height_percent=&#8221;50&#8243; override_padding=&#8221;yes&#8221; h_padding=&#8221;2&#8243; top_padding=&#8221;5&#8243; bottom_padding=&#8221;5&#8243; back_image=&#8221;597&#8243; parallax=&#8221;yes&#8221; overlay_alpha=&#8221;100&#8243; equal_height=&#8221;yes&#8221; gutter_size=&#8221;4&#8243; column_width_percent=&#8221;100&#8243; shift_y=&#8221;0&#8243; z_index=&#8221;0&#8243; uncode_shortcode_id=&#8221;193539&#8243; overlay_color_type=&#8221;uncode-solid&#8221; overlay_color_solid=&#8221;rgba(25,66,86,0.5)&#8221;][vc_column column_width_percent=&#8221;100&#8243; position_vertical=&#8221;middle&#8221; align_horizontal=&#8221;align_center&#8221; gutter_size=&#8221;3&#8243; style=&#8221;dark&#8221; overlay_alpha=&#8221;50&#8243; shift_x=&#8221;0&#8243; shift_y=&#8221;0&#8243; shift_y_down=&#8221;0&#8243; z_index=&#8221;0&#8243; medium_width=&#8221;0&#8243; mobile_width=&#8221;0&#8243; width=&#8221;1\/1&#8243; uncode_shortcode_id=&#8221;193801&#8243;][vc_custom_heading heading_semantic=&#8221;h6&#8243; text_size=&#8221;h6&#8243; text_transform=&#8221;uppercase&#8221; uncode_shortcode_id=&#8221;114857&#8243;]Referens[\/vc_custom_heading][vc_custom_heading heading_semantic=&#8221;h1&#8243; text_size=&#8221;h1&#8243; uncode_shortcode_id=&#8221;153118&#8243;]Fj\u00e4rrv\u00e4rme i R\u00f8dbyhavn[\/vc_custom_heading][\/vc_column][\/vc_row][vc_row row_height_percent=&#8221;0&#8243; override_padding=&#8221;yes&#8221; h_padding=&#8221;2&#8243; top_padding=&#8221;3&#8243; bottom_padding=&#8221;3&#8243; overlay_alpha=&#8221;50&#8243; gutter_size=&#8221;4&#8243; column_width_percent=&#8221;100&#8243; shift_y=&#8221;0&#8243; z_index=&#8221;0&#8243; uncode_shortcode_id=&#8221;863600&#8243;][vc_column width=&#8221;2\/3&#8243;][vc_custom_heading uncode_shortcode_id=&#8221;173790&#8243; subheading=&#8221;Sedan 2007 har Linka levererat tv\u00e5 pannor med en effekt p\u00e5 5 500 kW till fj\u00e4rrv\u00e4rmeverket p\u00e5 Lolland, som anv\u00e4nder halm f\u00f6r uppv\u00e4rmning.<\/p>\n<p>R\u00f8dbyhavn fj\u00e4rrv\u00e4rme levererar v\u00e4rme till konsumenter i R\u00f8dbyhavn p\u00e5 Lolland i sydligaste Danmark. V\u00e4rmeverket p\u00e5 J\u00f8ncksvej byggdes 1988 med en halmpanna p\u00e5 4 000 kW. Tv\u00e5 \u00e5r senare ut\u00f6kades anl\u00e4ggningen med en halmpanna p\u00e5 3 000 kW. B\u00e5da dessa pannor levererades av Linka.<\/p>\n<p>\u00c5r 2007 fick Linka i uppdrag att ers\u00e4tta den \u00e4ldre av de tv\u00e5 pannorna med en ny 5 500 kW halmpanna f\u00f6r att m\u00f6ta den \u00f6kade efterfr\u00e5gan i omr\u00e5det. Linka levererade en komplett pannlinje fr\u00e5n lagring av halm till asksystem.<\/p>\n<p>N\u00e4r den andra pannan beh\u00f6vde bytas ut 2011 valdes Linka \u00e5terigen som leverant\u00f6r av en komplett pannlinje. Linka har s\u00e5ledes levererat alla v\u00e4rmeverkets pannor under \u00e5ren.<\/p>\n<p>R\u00f8dbyhavns fj\u00e4rrv\u00e4rme levererar f\u00f6r n\u00e4rvarande v\u00e4rme till 665 konsumenter i omr\u00e5det och producerar upp till 38 000 MWh per \u00e5r.&#8221; text_color_type=&#8221;uncode-palette&#8221; text_color_solid=&#8221;#ff0000&#8243;]CO2-neutral uppv\u00e4rmning sedan 1988[\/vc_custom_heading][vc_custom_heading heading_semantic=&#8221;h4&#8243; text_size=&#8221;h4&#8243; uncode_shortcode_id=&#8221;176428&#8243; subheading=&#8221;B\u00e5da pannlinjerna best\u00e5r av en GVB-panna p\u00e5 5 500 kW, som h\u00e4r \u00e4r konstruerad f\u00f6r eldning med halm. Den installerade kranen plockar upp halmbalen fr\u00e5n lagret och l\u00e4gger den i en s\u00e4kerhetsl\u00e5da som ocks\u00e5 finns i halmlagret. Balarna f\u00f6rs sedan in i halmklipparen, d\u00e4r en hydraulisk kniv sk\u00e4r en skiva som sedan f\u00f6rs in i pannan f\u00f6r f\u00f6rbr\u00e4nning.<\/p>\n<p>B\u00e5da pannorna har ett asksystem installerat d\u00e4r askan automatiskt transporteras fr\u00e5n pannan till askbeh\u00e5llaren. Pannorna \u00e4r ocks\u00e5 utrustade med ett r\u00f6kgassystem med cyklon, filter och skorsten.&#8221; text_color_type=&#8221;uncode-palette&#8221; text_color_solid=&#8221;#ff0000&#8243;]Anl\u00e4ggningen[\/vc_custom_heading][\/vc_column][vc_column width=&#8221;1\/3&#8243;][vc_custom_heading heading_semantic=&#8221;h4&#8243; text_size=&#8221;h4&#8243; uncode_shortcode_id=&#8221;469185&#8243;]Specifikationer[\/vc_custom_heading][uncode_list uncode_shortcode_id=&#8221;799799&#8243; el_class=&#8221;case-specs&#8221;]<\/p>\n<div class=\"keyValue\">\n<div class=\"keyValue\"><strong>Kund: <\/strong>R\u00f8dbyhavn fj\u00e4rrv\u00e4rme<\/div>\n<div class=\"keyValue\"><strong>Plats: <\/strong>R\u00f8dbyhavn, Lolland<\/div>\n<div class=\"keyValue\"><strong>Br\u00e4nsletyp:<\/strong> Halm<\/div>\n<div class=\"keyValue\"><strong>Storlek: <\/strong>2 x 5.500 kW<\/div>\n<div class=\"keyValue\"><strong>Anl\u00e4ggningstyp:<\/strong> Linka<\/div>\n<div class=\"keyValue\"><strong>Typ av energi:<\/strong> Varmvattenanl\u00e4ggning<\/div>\n<div class=\"keyValue\"><strong>Bygg\u00e5r: <\/strong>2007<\/div>\n<\/div>\n<p>[\/uncode_list][vc_single_image media=&#8221;468&#8243; media_width_use_pixel=&#8221;yes&#8221; media_ratio=&#8221;one-one&#8221; shape=&#8221;img-circle&#8221; media_width_pixel=&#8221;100&#8243; uncode_shortcode_id=&#8221;125192&#8243;][vc_custom_heading heading_semantic=&#8221;h4&#8243; text_size=&#8221;h4&#8243; uncode_shortcode_id=&#8221;382519&#8243;]Vill du veta mer om detta projekt?[\/vc_custom_heading][vc_button size=&#8221;btn-lg&#8221; border_width=&#8221;0&#8243; link=&#8221;url:mailto%3Ajdm%40linka.dk|&#8221; button_color_type=&#8221;uncode-solid&#8221; uncode_shortcode_id=&#8221;115505&#8243; button_color_solid=&#8221;#194256&#8243;]Kontakta Jan[\/vc_button][\/vc_column][\/vc_row][vc_row row_height_percent=&#8221;0&#8243; override_padding=&#8221;yes&#8221; h_padding=&#8221;2&#8243; top_padding=&#8221;3&#8243; bottom_padding=&#8221;3&#8243; overlay_alpha=&#8221;50&#8243; gutter_size=&#8221;1&#8243; column_width_percent=&#8221;100&#8243; shift_y=&#8221;0&#8243; z_index=&#8221;0&#8243; uncode_shortcode_id=&#8221;132126&#8243; back_color_type=&#8221;uncode-solid&#8221; back_color_solid=&#8221;#194256&#8243; el_class=&#8221;case-numbers&#8221;][vc_column column_width_percent=&#8221;100&#8243; align_horizontal=&#8221;align_center&#8221; gutter_size=&#8221;3&#8243; style=&#8221;dark&#8221; overlay_alpha=&#8221;50&#8243; shift_x=&#8221;0&#8243; shift_y=&#8221;0&#8243; shift_y_down=&#8221;0&#8243; z_index=&#8221;0&#8243; medium_width=&#8221;0&#8243; mobile_width=&#8221;0&#8243; width=&#8221;1\/2&#8243; uncode_shortcode_id=&#8221;367666&#8243;][vc_custom_heading heading_semantic=&#8221;h4&#8243; text_size=&#8221;h4&#8243; uncode_shortcode_id=&#8221;189922&#8243;]CO koncentration[\/vc_custom_heading][vc_custom_heading text_size=&#8221;h1&#8243; uncode_shortcode_id=&#8221;190329&#8243;]351[\/vc_custom_heading][vc_custom_heading heading_semantic=&#8221;h4&#8243; text_size=&#8221;h4&#8243; uncode_shortcode_id=&#8221;195817&#8243; subheading=&#8221;CO emission fr\u00e5n anl\u00e4ggningen ligger v\u00e4l under gr\u00e4nsv\u00e4rdet p\u00e5 625 mg\/Nm3&#8243;]mg\/Nm<sup>3<\/sup>[\/vc_custom_heading][\/vc_column][vc_column column_width_percent=&#8221;100&#8243; align_horizontal=&#8221;align_center&#8221; gutter_size=&#8221;3&#8243; style=&#8221;dark&#8221; overlay_alpha=&#8221;50&#8243; shift_x=&#8221;0&#8243; shift_y=&#8221;0&#8243; shift_y_down=&#8221;0&#8243; z_index=&#8221;0&#8243; medium_width=&#8221;0&#8243; mobile_width=&#8221;0&#8243; width=&#8221;1\/2&#8243; uncode_shortcode_id=&#8221;140106&#8243;][vc_custom_heading heading_semantic=&#8221;h4&#8243; text_size=&#8221;h4&#8243; uncode_shortcode_id=&#8221;343962&#8243;]Dammpartiklar[\/vc_custom_heading][vc_custom_heading text_size=&#8221;h1&#8243; uncode_shortcode_id=&#8221;378588&#8243;]&lt;0,7[\/vc_custom_heading][vc_custom_heading heading_semantic=&#8221;h4&#8243; text_size=&#8221;h4&#8243; uncode_shortcode_id=&#8221;140849&#8243; subheading=&#8221;Damm fr\u00e5n anl\u00e4ggningen \u00e4r begr\u00e4snat, j\u00e4mf\u00f6rt med kravet om max 40 mg\/Nm3&#8243;]mg\/Nm<sup>3<\/sup>[\/vc_custom_heading][\/vc_column][\/vc_row]<\/p>\n<\/div>","protected":false},"excerpt":{"rendered":"<p>Sedan 2007 har Linka levererat tv\u00e5 pannor med en effekt p\u00e5 5 500 kW till fj\u00e4rrv\u00e4rmeverket p\u00e5 Lolland, som anv\u00e4nder halm f\u00f6r uppv\u00e4rmning.<\/p>\n","protected":false},"author":3,"featured_media":1206,"parent":0,"menu_order":0,"comment_status":"closed","ping_status":"closed","template":"","meta":{"footnotes":""},"class_list":["post-2757","page","type-page","status-publish","has-post-thumbnail","hentry","page_category-varmeverk"],"yoast_head":"<!-- This site is optimized with the Yoast SEO plugin v27.6 - https:\/\/yoast.com\/product\/yoast-seo-wordpress\/ -->\n<title>Fj\u00e4rrv\u00e4rme i R\u00f8dbyhavn % sep Linka Energy %%<\/title>\n<meta name=\"description\" content=\"Fj\u00e4rrv\u00e4rme i R\u00f8dbyhavn - Linka Energy %\" \/>\n<meta name=\"robots\" content=\"index, follow, max-snippet:-1, max-image-preview:large, max-video-preview:-1\" \/>\n<link rel=\"canonical\" href=\"https:\/\/linkaenergy.com\/sv\/roedbyhavn\/\" \/>\n<meta property=\"og:locale\" content=\"sv_SE\" \/>\n<meta property=\"og:type\" content=\"article\" \/>\n<meta property=\"og:title\" content=\"Fj\u00e4rrv\u00e4rme i R\u00f8dbyhavn % sep Linka Energy %%\" \/>\n<meta property=\"og:description\" content=\"Fj\u00e4rrv\u00e4rme i R\u00f8dbyhavn - Linka Energy %\" \/>\n<meta property=\"og:url\" content=\"https:\/\/linkaenergy.com\/sv\/roedbyhavn\/\" \/>\n<meta property=\"og:site_name\" content=\"Linka Energy\" \/>\n<meta property=\"article:modified_time\" content=\"2024-12-17T10:46:15+00:00\" \/>\n<meta property=\"og:image\" content=\"https:\/\/linkaenergy.com\/wp-content\/uploads\/2023\/02\/rodbyhavn-small.jpg\" \/>\n\t<meta property=\"og:image:width\" content=\"810\" \/>\n\t<meta property=\"og:image:height\" content=\"456\" \/>\n\t<meta property=\"og:image:type\" content=\"image\/jpeg\" \/>\n<meta name=\"twitter:card\" content=\"summary_large_image\" \/>\n<meta name=\"twitter:label1\" content=\"Ber\u00e4knad l\u00e4stid\" \/>\n\t<meta name=\"twitter:data1\" content=\"3 minuter\" \/>\n<script type=\"application\/ld+json\" class=\"yoast-schema-graph\">{\"@context\":\"https:\\\/\\\/schema.org\",\"@graph\":[{\"@type\":\"WebPage\",\"@id\":\"https:\\\/\\\/linkaenergy.com\\\/sv\\\/roedbyhavn\\\/\",\"url\":\"https:\\\/\\\/linkaenergy.com\\\/sv\\\/roedbyhavn\\\/\",\"name\":\"Fj\u00e4rrv\u00e4rme i R\u00f8dbyhavn % sep Linka Energy %%\",\"isPartOf\":{\"@id\":\"https:\\\/\\\/linkaenergy.com\\\/da\\\/#website\"},\"primaryImageOfPage\":{\"@id\":\"https:\\\/\\\/linkaenergy.com\\\/sv\\\/roedbyhavn\\\/#primaryimage\"},\"image\":{\"@id\":\"https:\\\/\\\/linkaenergy.com\\\/sv\\\/roedbyhavn\\\/#primaryimage\"},\"thumbnailUrl\":\"https:\\\/\\\/linkaenergy.com\\\/wp-content\\\/uploads\\\/2023\\\/02\\\/rodbyhavn-small.jpg\",\"datePublished\":\"2023-02-25T13:56:21+00:00\",\"dateModified\":\"2024-12-17T10:46:15+00:00\",\"description\":\"Fj\u00e4rrv\u00e4rme i R\u00f8dbyhavn - Linka Energy %\",\"breadcrumb\":{\"@id\":\"https:\\\/\\\/linkaenergy.com\\\/sv\\\/roedbyhavn\\\/#breadcrumb\"},\"inLanguage\":\"sv-SE\",\"potentialAction\":[{\"@type\":\"ReadAction\",\"target\":[\"https:\\\/\\\/linkaenergy.com\\\/sv\\\/roedbyhavn\\\/\"]}]},{\"@type\":\"ImageObject\",\"inLanguage\":\"sv-SE\",\"@id\":\"https:\\\/\\\/linkaenergy.com\\\/sv\\\/roedbyhavn\\\/#primaryimage\",\"url\":\"https:\\\/\\\/linkaenergy.com\\\/wp-content\\\/uploads\\\/2023\\\/02\\\/rodbyhavn-small.jpg\",\"contentUrl\":\"https:\\\/\\\/linkaenergy.com\\\/wp-content\\\/uploads\\\/2023\\\/02\\\/rodbyhavn-small.jpg\",\"width\":810,\"height\":456},{\"@type\":\"BreadcrumbList\",\"@id\":\"https:\\\/\\\/linkaenergy.com\\\/sv\\\/roedbyhavn\\\/#breadcrumb\",\"itemListElement\":[{\"@type\":\"ListItem\",\"position\":1,\"name\":\"Hjem\",\"item\":\"https:\\\/\\\/linkaenergy.com\\\/sv\\\/\"},{\"@type\":\"ListItem\",\"position\":2,\"name\":\"Fj\u00e4rrv\u00e4rme i R\u00f8dbyhavn\"}]},{\"@type\":\"WebSite\",\"@id\":\"https:\\\/\\\/linkaenergy.com\\\/da\\\/#website\",\"url\":\"https:\\\/\\\/linkaenergy.com\\\/da\\\/\",\"name\":\"Linka Energy\",\"description\":\"\",\"potentialAction\":[{\"@type\":\"SearchAction\",\"target\":{\"@type\":\"EntryPoint\",\"urlTemplate\":\"https:\\\/\\\/linkaenergy.com\\\/da\\\/?s={search_term_string}\"},\"query-input\":{\"@type\":\"PropertyValueSpecification\",\"valueRequired\":true,\"valueName\":\"search_term_string\"}}],\"inLanguage\":\"sv-SE\"}]}<\/script>\n<!-- \/ Yoast SEO plugin. -->","yoast_head_json":{"title":"Fj\u00e4rrv\u00e4rme i R\u00f8dbyhavn % sep Linka Energy %%","description":"Fj\u00e4rrv\u00e4rme i R\u00f8dbyhavn - Linka Energy %","robots":{"index":"index","follow":"follow","max-snippet":"max-snippet:-1","max-image-preview":"max-image-preview:large","max-video-preview":"max-video-preview:-1"},"canonical":"https:\/\/linkaenergy.com\/sv\/roedbyhavn\/","og_locale":"sv_SE","og_type":"article","og_title":"Fj\u00e4rrv\u00e4rme i R\u00f8dbyhavn % sep Linka Energy %%","og_description":"Fj\u00e4rrv\u00e4rme i R\u00f8dbyhavn - Linka Energy %","og_url":"https:\/\/linkaenergy.com\/sv\/roedbyhavn\/","og_site_name":"Linka Energy","article_modified_time":"2024-12-17T10:46:15+00:00","og_image":[{"width":810,"height":456,"url":"https:\/\/linkaenergy.com\/wp-content\/uploads\/2023\/02\/rodbyhavn-small.jpg","type":"image\/jpeg"}],"twitter_card":"summary_large_image","twitter_misc":{"Ber\u00e4knad l\u00e4stid":"3 minuter"},"schema":{"@context":"https:\/\/schema.org","@graph":[{"@type":"WebPage","@id":"https:\/\/linkaenergy.com\/sv\/roedbyhavn\/","url":"https:\/\/linkaenergy.com\/sv\/roedbyhavn\/","name":"Fj\u00e4rrv\u00e4rme i R\u00f8dbyhavn % sep Linka Energy %%","isPartOf":{"@id":"https:\/\/linkaenergy.com\/da\/#website"},"primaryImageOfPage":{"@id":"https:\/\/linkaenergy.com\/sv\/roedbyhavn\/#primaryimage"},"image":{"@id":"https:\/\/linkaenergy.com\/sv\/roedbyhavn\/#primaryimage"},"thumbnailUrl":"https:\/\/linkaenergy.com\/wp-content\/uploads\/2023\/02\/rodbyhavn-small.jpg","datePublished":"2023-02-25T13:56:21+00:00","dateModified":"2024-12-17T10:46:15+00:00","description":"Fj\u00e4rrv\u00e4rme i R\u00f8dbyhavn - Linka Energy %","breadcrumb":{"@id":"https:\/\/linkaenergy.com\/sv\/roedbyhavn\/#breadcrumb"},"inLanguage":"sv-SE","potentialAction":[{"@type":"ReadAction","target":["https:\/\/linkaenergy.com\/sv\/roedbyhavn\/"]}]},{"@type":"ImageObject","inLanguage":"sv-SE","@id":"https:\/\/linkaenergy.com\/sv\/roedbyhavn\/#primaryimage","url":"https:\/\/linkaenergy.com\/wp-content\/uploads\/2023\/02\/rodbyhavn-small.jpg","contentUrl":"https:\/\/linkaenergy.com\/wp-content\/uploads\/2023\/02\/rodbyhavn-small.jpg","width":810,"height":456},{"@type":"BreadcrumbList","@id":"https:\/\/linkaenergy.com\/sv\/roedbyhavn\/#breadcrumb","itemListElement":[{"@type":"ListItem","position":1,"name":"Hjem","item":"https:\/\/linkaenergy.com\/sv\/"},{"@type":"ListItem","position":2,"name":"Fj\u00e4rrv\u00e4rme i R\u00f8dbyhavn"}]},{"@type":"WebSite","@id":"https:\/\/linkaenergy.com\/da\/#website","url":"https:\/\/linkaenergy.com\/da\/","name":"Linka Energy","description":"","potentialAction":[{"@type":"SearchAction","target":{"@type":"EntryPoint","urlTemplate":"https:\/\/linkaenergy.com\/da\/?s={search_term_string}"},"query-input":{"@type":"PropertyValueSpecification","valueRequired":true,"valueName":"search_term_string"}}],"inLanguage":"sv-SE"}]}},"_links":{"self":[{"href":"https:\/\/linkaenergy.com\/sv\/wp-json\/wp\/v2\/pages\/2757","targetHints":{"allow":["GET"]}}],"collection":[{"href":"https:\/\/linkaenergy.com\/sv\/wp-json\/wp\/v2\/pages"}],"about":[{"href":"https:\/\/linkaenergy.com\/sv\/wp-json\/wp\/v2\/types\/page"}],"author":[{"embeddable":true,"href":"https:\/\/linkaenergy.com\/sv\/wp-json\/wp\/v2\/users\/3"}],"replies":[{"embeddable":true,"href":"https:\/\/linkaenergy.com\/sv\/wp-json\/wp\/v2\/comments?post=2757"}],"version-history":[{"count":15,"href":"https:\/\/linkaenergy.com\/sv\/wp-json\/wp\/v2\/pages\/2757\/revisions"}],"predecessor-version":[{"id":15550,"href":"https:\/\/linkaenergy.com\/sv\/wp-json\/wp\/v2\/pages\/2757\/revisions\/15550"}],"wp:featuredmedia":[{"embeddable":true,"href":"https:\/\/linkaenergy.com\/sv\/wp-json\/wp\/v2\/media\/1206"}],"wp:attachment":[{"href":"https:\/\/linkaenergy.com\/sv\/wp-json\/wp\/v2\/media?parent=2757"}],"curies":[{"name":"wp","href":"https:\/\/api.w.org\/{rel}","templated":true}]}}