{"id":3216,"date":"2023-02-23T10:02:04","date_gmt":"2023-02-23T10:02:04","guid":{"rendered":"https:\/\/linka.graphie.dk\/bransch\/"},"modified":"2024-06-28T11:43:45","modified_gmt":"2024-06-28T11:43:45","slug":"bransch","status":"publish","type":"page","link":"https:\/\/linkaenergy.com\/sv\/produkter\/bransch\/","title":{"rendered":"Bransch"},"content":{"rendered":"<div class=\"wpb-content-wrapper\"><p>[vc_row row_height_percent=&#8221;0&#8243; override_padding=&#8221;yes&#8221; h_padding=&#8221;7&#8243; top_padding=&#8221;3&#8243; bottom_padding=&#8221;3&#8243; overlay_alpha=&#8221;50&#8243; gutter_size=&#8221;3&#8243; column_width_percent=&#8221;100&#8243; shift_y=&#8221;0&#8243; z_index=&#8221;0&#8243; uncode_shortcode_id=&#8221;699925&#8243; el_class=&#8221;product-top&#8221;][vc_column column_width_percent=&#8221;100&#8243; position_vertical=&#8221;middle&#8221; align_horizontal=&#8221;align_center&#8221; gutter_size=&#8221;3&#8243; overlay_alpha=&#8221;50&#8243; shift_x=&#8221;0&#8243; shift_y=&#8221;0&#8243; shift_y_down=&#8221;0&#8243; z_index=&#8221;0&#8243; medium_width=&#8221;0&#8243; mobile_width=&#8221;0&#8243; width=&#8221;1\/1&#8243; uncode_shortcode_id=&#8221;154049&#8243;][vc_custom_heading sub_lead=&#8221;yes&#8221; uncode_shortcode_id=&#8221;422649&#8243;]Bransch[\/vc_custom_heading][vc_column_text text_lead=&#8221;yes&#8221; text_color=&#8221;color-jevc&#8221; uncode_shortcode_id=&#8221;498945&#8243; text_color_type=&#8221;uncode-palette&#8221;]Linka erbjuder skr\u00e4ddarsydda biomassaanl\u00e4ggningar f\u00f6r industrin. Hos oss \u00e4r ni garanterade en optimal l\u00f6sning f\u00f6r uppv\u00e4rmning av byggnader och f\u00f6r processindustrinm d\u00e4r man beh\u00f6ver h\u00f6ga temperaturer eller tryck, t.ex. inom livsmedelsindustrin och tv\u00e4ttanl\u00e4ggningar.[\/vc_column_text][\/vc_column][\/vc_row][vc_row row_height_percent=&#8221;0&#8243; overlay_alpha=&#8221;50&#8243; equal_height=&#8221;yes&#8221; gutter_size=&#8221;4&#8243; column_width_percent=&#8221;100&#8243; shift_y=&#8221;0&#8243; z_index=&#8221;0&#8243; el_class=&#8221;inverted-device-order&#8221; uncode_shortcode_id=&#8221;173121&#8243;][vc_column column_width_percent=&#8221;100&#8243; gutter_size=&#8221;3&#8243; overlay_alpha=&#8221;50&#8243; shift_x=&#8221;0&#8243; shift_y=&#8221;0&#8243; shift_y_down=&#8221;0&#8243; z_index=&#8221;0&#8243; medium_width=&#8221;0&#8243; mobile_width=&#8221;0&#8243; width=&#8221;1\/2&#8243; uncode_shortcode_id=&#8221;134863&#8243;][vc_custom_heading heading_semantic=&#8221;h4&#8243; text_size=&#8221;h4&#8243; uncode_shortcode_id=&#8221;196666&#8243;]Energieffektiv uppv\u00e4rmning[\/vc_custom_heading][vc_column_text uncode_shortcode_id=&#8221;509514&#8243;]Uppv\u00e4rmning av rum och byggnader, samt produktion av varmvatten, \u00e4r de tv\u00e5 kategorier som uppskattas mest. D\u00e4rf\u00f6r \u00e4r det viktigt f\u00f6r er som f\u00f6retag att \u00f6verv\u00e4ga, om ni har den billigaste och effektivaste typen av uppv\u00e4rmning &#8211; s\u00e5 att ni kan spara b\u00e5de pengar och koldioxid. Om ni beh\u00f6ver v\u00e4rma upp rum eller byggnader, kan ni med f\u00f6rdel konvertera fossila br\u00e4nsleanl\u00e4ggningar till biomassaanl\u00e4ggningar.<\/p>\n<p>Eftersom f\u00f6rbr\u00e4nning av biomassa \u00e4r undantagen fr\u00e5n CO2-beskattning och energiavgifter, kan ert f\u00f6retag uppn\u00e5 stora besparingar, p\u00e5 att konvertera ert v\u00e4rmesystem baserat p\u00e5 t.ex.<\/p>\n<p>olja och gas till halm, tr\u00e4flis eller tr\u00e4pellets. P\u00e5 s\u00e5 s\u00e4tt s\u00e4krar ni er ocks\u00e5 mot stigande priser p\u00e5 fossil energi p\u00e5 l\u00e5ng sikt. Om ert f\u00f6retag producerar avfallsprodukter som kan anv\u00e4ndas som biobr\u00e4nsle i v\u00e4rmeanl\u00e4ggning kan ni uppn\u00e5 ytterligare ekonomiska f\u00f6rdelar. (ex. Sp\u00e5n, kornavrens etc)<\/p>\n<p>Vi erbjuder skr\u00e4ddarsydda l\u00f6sningar och testar g\u00e4rna nya br\u00e4nsletyper baserat p\u00e5 de avfallsprodukter som ni eller ert f\u00f6retag<\/p>\n<p>har \u2013 eller det br\u00e4nsle som finns tillg\u00e4ngligt i n\u00e4romr\u00e5det.[\/vc_column_text][\/vc_column][vc_column width=&#8221;1\/2&#8243;][vc_custom_heading heading_semantic=&#8221;h4&#8243; text_size=&#8221;h4&#8243; uncode_shortcode_id=&#8221;203584&#8243;]Optimera er anl\u00e4ggning[\/vc_custom_heading][vc_column_text uncode_shortcode_id=&#8221;125232&#8243;]Om ert f\u00f6retag har processanl\u00e4ggningar eller produktionsanl\u00e4ggningar som k\u00f6r dygnet runt och anv\u00e4nder mycket energi, hj\u00e4lper Linka er g\u00e4rna att optimera er produktion med hj\u00e4lp av en biomassaanl\u00e4ggning.<\/p>\n<p>Vi \u00e4r v\u00e4rldsledande specialister inom utveckling, design och konstruktion av helautomatiska kvalitetsanl\u00e4ggningar. V\u00e5rt erfarna och kompetenta team av medarbetare erbjuder ett brett utbud av tj\u00e4nster, som garanterar er en optimal l\u00f6sning som \u00e4r skr\u00e4ddarsydd efter era \u00f6nskem\u00e5l och behov.<\/p>\n<p>Med en biomassanl\u00e4ggning fr\u00e5n Linka f\u00e5r ni en drifts\u00e4ker, effektiv och milj\u00f6v\u00e4nlig l\u00f6sning f\u00f6r industrin.[\/vc_column_text][\/vc_column][\/vc_row][vc_row row_height_percent=&#8221;0&#8243; override_padding=&#8221;yes&#8221; h_padding=&#8221;2&#8243; top_padding=&#8221;3&#8243; bottom_padding=&#8221;3&#8243; overlay_alpha=&#8221;50&#8243; gutter_size=&#8221;3&#8243; column_width_percent=&#8221;100&#8243; shift_y=&#8221;0&#8243; z_index=&#8221;0&#8243; uncode_shortcode_id=&#8221;157430&#8243; el_class=&#8221;linka-products&#8221;][vc_column column_width_percent=&#8221;100&#8243; align_horizontal=&#8221;align_center&#8221; gutter_size=&#8221;3&#8243; overlay_alpha=&#8221;50&#8243; shift_x=&#8221;0&#8243; shift_y=&#8221;0&#8243; shift_y_down=&#8221;0&#8243; z_index=&#8221;0&#8243; medium_width=&#8221;0&#8243; mobile_width=&#8221;0&#8243; width=&#8221;1\/1&#8243; uncode_shortcode_id=&#8221;202013&#8243;][vc_custom_heading heading_semantic=&#8221;h3&#8243; text_size=&#8221;h3&#8243; sub_lead=&#8221;yes&#8221; uncode_shortcode_id=&#8221;817747&#8243;]H\u00e4r visar vi olika industrianl\u00e4ggningar som vi har tillverkat och byggt f\u00f6r v\u00e5ra kunder.[\/vc_custom_heading][vc_row_inner limit_content=&#8221;&#8221;][vc_column_inner width=&#8221;1\/3&#8243;][vc_single_image media=&#8221;180&#8243; media_width_percent=&#8221;100&#8243; uncode_shortcode_id=&#8221;940551&#8243;][vc_custom_heading heading_semantic=&#8221;h4&#8243; text_size=&#8221;h4&#8243; subheading=&#8221;Linkas mobila anl\u00e4ggning \u00e4r ett komplett och nyckelf\u00e4rdigt v\u00e4rmeverk i en container, Anl\u00e4ggningen levereras och monteras med hj\u00e4lp av en kran p\u00e5 en f\u00f6rberedd betonggrund.&#8221; uncode_shortcode_id=&#8221;179637&#8243;]Halm: 250 &#8211; 5 000 kW[\/vc_custom_heading][vc_button button_color=&#8221;accent&#8221; border_width=&#8221;0&#8243; link=&#8221;url:https%3A%2F%2Flinkaenergy.com%2Fsv%2Fprodukter%2Fhalmanlaeggning-250-5000-kw%2F|title:Halmanl%C3%A4ggning%3A%20250%20%E2%80%93%205%20000%20kW|&#8221; button_color_type=&#8221;uncode-palette&#8221; uncode_shortcode_id=&#8221;117951&#8243;]L\u00e4s mer[\/vc_button][\/vc_column_inner][vc_column_inner width=&#8221;1\/3&#8243;][vc_single_image media=&#8221;181&#8243; media_width_percent=&#8221;100&#8243; uncode_shortcode_id=&#8221;207217&#8243;][vc_custom_heading heading_semantic=&#8221;h4&#8243; text_size=&#8221;h4&#8243; subheading=&#8221;Linkas mobila, nyckelf\u00e4rdiga flisanl\u00e4ggningar levereras i en container med tillh\u00f6rande br\u00e4nslecontainer, komplett med skrapenhet.&#8221; uncode_shortcode_id=&#8221;208802&#8243;]Flis: 250 &#8211; 5 000 kW[\/vc_custom_heading][vc_button button_color=&#8221;accent&#8221; border_width=&#8221;0&#8243; link=&#8221;url:https%3A%2F%2Flinkaenergy.com%2Fsv%2Fprodukter%2Fmobil-anlaeggning-foer-flis-250-5-000-kw%2F|title:Flisfyr%3A%20250%20%E2%80%93%205%20000%20kW|&#8221; button_color_type=&#8221;uncode-palette&#8221; uncode_shortcode_id=&#8221;121024&#8243;]L\u00e4s mer[\/vc_button][\/vc_column_inner][vc_column_inner width=&#8221;1\/3&#8243;][vc_single_image media=&#8221;182&#8243; media_width_percent=&#8221;100&#8243; uncode_shortcode_id=&#8221;146381&#8243;][vc_custom_heading heading_semantic=&#8221;h4&#8243; text_size=&#8221;h4&#8243; subheading=&#8221;Den mobila tr\u00e4pelletsanl\u00e4ggningen levereras nyckelf\u00e4rdig i container. En silo anv\u00e4nds vanligtvis f\u00f6r att lagra och transportera br\u00e4nslet.&#8221; uncode_shortcode_id=&#8221;211374&#8243;]Tr\u00e4pellets: 250 &#8211; 5 000 kW[\/vc_custom_heading][vc_button button_color=&#8221;accent&#8221; border_width=&#8221;0&#8243; link=&#8221;url:https%3A%2F%2Flinkaenergy.com%2Fsv%2Fprodukter%2Fmobila-traepelletsanlaeggningar-250-5-000-kw%2F|title:Mobila%20anl%C3%A4ggningar%20f%C3%B6r%20flis%3A%20250%20-%205%20000%20kW|&#8221; button_color_type=&#8221;uncode-palette&#8221; uncode_shortcode_id=&#8221;103581&#8243;]L\u00e4s mer[\/vc_button][\/vc_column_inner][\/vc_row_inner][vc_row_inner limit_content=&#8221;&#8221;][vc_column_inner width=&#8221;1\/3&#8243;][vc_single_image media=&#8221;183&#8243; media_width_percent=&#8221;100&#8243; uncode_shortcode_id=&#8221;668846&#8243;][vc_custom_heading heading_semantic=&#8221;h4&#8243; text_size=&#8221;h4&#8243; subheading=&#8221;Linkas halmanl\u00e4ggning \u00e4r i denna version anpassad till att skapa \u00e5nga. Anl\u00e4ggningen levereras med halmrivare eller -klippare, efter behov.&#8221; uncode_shortcode_id=&#8221;110493&#8243;]Halm: 400 &#8211; 15 000 kW[\/vc_custom_heading][vc_button button_color=&#8221;accent&#8221; border_width=&#8221;0&#8243; link=&#8221;url:https%3A%2F%2Flinkaenergy.com%2Fsv%2Fprodukter%2Fhalmanlaeggning-400-15000-kw%2F|title:Halmanl%C3%A4ggning%20400%20-%2015%20000%20kW|&#8221; button_color_type=&#8221;uncode-palette&#8221; uncode_shortcode_id=&#8221;256017&#8243;]L\u00e4s mer[\/vc_button][\/vc_column_inner][vc_column_inner width=&#8221;1\/3&#8243;][vc_single_image media=&#8221;184&#8243; media_width_percent=&#8221;100&#8243; uncode_shortcode_id=&#8221;182101&#8243;][vc_custom_heading heading_semantic=&#8221;h4&#8243; text_size=&#8221;h4&#8243; subheading=&#8221;Linkas helautomatiska flisanl\u00e4ggning \u00e4r helt anpassad till att producera \u00e5nga. Den effektiva f\u00f6rbr\u00e4nningen s\u00e4kerst\u00e4ller fullst\u00e4ndig f\u00f6rbr\u00e4nning av flisen.&#8221; uncode_shortcode_id=&#8221;553657&#8243;]Flis: 400 &#8211; 15 000 kW[\/vc_custom_heading][vc_button button_color=&#8221;accent&#8221; border_width=&#8221;0&#8243; link=&#8221;url:https%3A%2F%2Flinkaenergy.com%2Fsv%2Fprodukter%2Fflisanlaeggningar-400-15-000-kw%2F|title:Flis%3A%20400%20-%2015%20000%20kW|&#8221; button_color_type=&#8221;uncode-palette&#8221; uncode_shortcode_id=&#8221;133743&#8243;]L\u00e4s mer[\/vc_button][\/vc_column_inner][vc_column_inner width=&#8221;1\/3&#8243;][vc_single_image media=&#8221;185&#8243; media_width_percent=&#8221;100&#8243; uncode_shortcode_id=&#8221;205294&#8243;][vc_custom_heading heading_semantic=&#8221;h4&#8243; text_size=&#8221;h4&#8243; subheading=&#8221;Tr\u00e4pelletsanl\u00e4ggningen \u00e4r helt anpassad till att producera \u00e5nga, vilket g\u00f6r den s\u00e4rskilt anv\u00e4ndbar f\u00f6r processindustri och liknande.&#8221; uncode_shortcode_id=&#8221;725206&#8243;]Tr\u00e4pellets: 400 &#8211; 15 000 kW[\/vc_custom_heading][vc_button button_color=&#8221;accent&#8221; border_width=&#8221;0&#8243; link=&#8221;url:https%3A%2F%2Flinkaenergy.com%2Fsv%2Fprodukter%2Ftraepelletsanlaeggningar-400-15-000-kw%2F|title:Tr%C3%A4pellets%3A%20400%20-%2015%20000%20kW|&#8221; button_color_type=&#8221;uncode-palette&#8221; uncode_shortcode_id=&#8221;884379&#8243;]L\u00e4s mer[\/vc_button][\/vc_column_inner][\/vc_row_inner][vc_row_inner limit_content=&#8221;&#8221;][vc_column_inner width=&#8221;1\/3&#8243;][vc_single_image media=&#8221;186&#8243; media_width_percent=&#8221;100&#8243; uncode_shortcode_id=&#8221;173243&#8243;][vc_custom_heading heading_semantic=&#8221;h4&#8243; text_size=&#8221;h4&#8243; subheading=&#8221;Linka kan ocks\u00e5 anpassa v\u00e5ra anl\u00e4ggningar till andra br\u00e4nsletyper \u00e4n de traditionella, till exempel. fr\u00f6gr\u00e4s, majskolvar och k\u00f6rsb\u00e4rsblommor.&#8221; uncode_shortcode_id=&#8221;104392&#8243;]Andra typer og storlekar[\/vc_custom_heading][vc_button button_color=&#8221;accent&#8221; border_width=&#8221;0&#8243; link=&#8221;url:https%3A%2F%2Flinkaenergy.com%2Fsv%2Fprodukter%2Fandra-typer-och-storlekar%2F|title:Andra%20typer%20og%20storlekar|&#8221; button_color_type=&#8221;uncode-palette&#8221; uncode_shortcode_id=&#8221;484089&#8243;]L\u00e4s mer[\/vc_button][\/vc_column_inner][vc_column_inner width=&#8221;1\/3&#8243;][\/vc_column_inner][vc_column_inner width=&#8221;1\/3&#8243;][\/vc_column_inner][\/vc_row_inner][\/vc_column][\/vc_row][vc_row row_height_percent=&#8221;0&#8243; override_padding=&#8221;yes&#8221; h_padding=&#8221;7&#8243; top_padding=&#8221;3&#8243; bottom_padding=&#8221;3&#8243; overlay_alpha=&#8221;50&#8243; gutter_size=&#8221;3&#8243; column_width_percent=&#8221;100&#8243; shift_y=&#8221;0&#8243; z_index=&#8221;0&#8243; uncode_shortcode_id=&#8221;436053&#8243; el_class=&#8221;before-footer-contact&#8221;][vc_column column_width_percent=&#8221;100&#8243; position_vertical=&#8221;middle&#8221; align_horizontal=&#8221;align_center&#8221; gutter_size=&#8221;3&#8243; overlay_alpha=&#8221;50&#8243; shift_x=&#8221;0&#8243; shift_y=&#8221;0&#8243; shift_y_down=&#8221;0&#8243; z_index=&#8221;0&#8243; medium_width=&#8221;0&#8243; mobile_width=&#8221;0&#8243; width=&#8221;1\/1&#8243; uncode_shortcode_id=&#8221;154049&#8243;][vc_custom_heading sub_lead=&#8221;yes&#8221; uncode_shortcode_id=&#8221;132312&#8243;]Vill du veta mer om dina alternativ?[\/vc_custom_heading][vc_column_text text_lead=&#8221;yes&#8221; text_color=&#8221;color-jevc&#8221; uncode_shortcode_id=&#8221;170148&#8243; text_color_type=&#8221;uncode-palette&#8221;]V\u00e5r kvalificerade personal \u00e4r redo att ge r\u00e5d och v\u00e4gleda dig till den b\u00e4sta energil\u00f6sningen baserad p\u00e5 dina unika behov.[\/vc_column_text][vc_row_inner row_inner_height_percent=&#8221;0&#8243; overlay_alpha=&#8221;50&#8243; gutter_size=&#8221;3&#8243; shift_y=&#8221;0&#8243; z_index=&#8221;0&#8243; uncode_shortcode_id=&#8221;145945&#8243; limit_content=&#8221;&#8221;][vc_column_inner column_width_use_pixel=&#8221;yes&#8221; align_horizontal=&#8221;align_center&#8221; gutter_size=&#8221;3&#8243; overlay_alpha=&#8221;50&#8243; shift_x=&#8221;0&#8243; shift_y=&#8221;0&#8243; shift_y_down=&#8221;0&#8243; z_index=&#8221;0&#8243; medium_width=&#8221;0&#8243; mobile_width=&#8221;0&#8243; width=&#8221;1\/1&#8243; uncode_shortcode_id=&#8221;734434&#8243; column_width_pixel=&#8221;500&#8243;][vc_single_image media=&#8221;5369&#8243; media_width_use_pixel=&#8221;yes&#8221; alignment=&#8221;center&#8221; uncode_shortcode_id=&#8221;109474&#8243; media_width_pixel=&#8221;300&#8243;][vc_column_text text_lead=&#8221;yes&#8221; text_color=&#8221;color-jevc&#8221; uncode_shortcode_id=&#8221;148730&#8243; text_color_type=&#8221;uncode-palette&#8221;]Claus Mikael Larsen[\/vc_column_text][vc_column_text text_color=&#8221;color-rgdb&#8221; uncode_shortcode_id=&#8221;201700&#8243; text_color_type=&#8221;uncode-palette&#8221; css=&#8221;.vc_custom_1677058426197{margin-top: 0px !important;}&#8221;]Projekt f\u00f6rs\u00e4ljning[\/vc_column_text][vc_button size=&#8221;btn-lg&#8221; border_width=&#8221;0&#8243; link=&#8221;url:mailto%3Acml%40linka.dk|&#8221; button_color_type=&#8221;uncode-solid&#8221; uncode_shortcode_id=&#8221;205490&#8243; button_color_solid=&#8221;#194256&#8243;]Kontakta mig[\/vc_button][\/vc_column_inner][\/vc_row_inner][\/vc_column][\/vc_row]<\/p>\n<\/div>","protected":false},"excerpt":{"rendered":"<p>[vc_row row_height_percent=&#8221;0&#8243; override_padding=&#8221;yes&#8221; h_padding=&#8221;7&#8243; top_padding=&#8221;3&#8243; bottom_padding=&#8221;3&#8243; overlay_alpha=&#8221;50&#8243; gutter_size=&#8221;3&#8243; column_width_percent=&#8221;100&#8243; shift_y=&#8221;0&#8243; z_index=&#8221;0&#8243; uncode_shortcode_id=&#8221;699925&#8243; el_class=&#8221;product-top&#8221;][vc_column column_width_percent=&#8221;100&#8243; position_vertical=&#8221;middle&#8221; align_horizontal=&#8221;align_center&#8221; gutter_size=&#8221;3&#8243; overlay_alpha=&#8221;50&#8243; shift_x=&#8221;0&#8243; shift_y=&#8221;0&#8243; [&hellip;]<\/p>\n","protected":false},"author":3,"featured_media":0,"parent":3239,"menu_order":0,"comment_status":"closed","ping_status":"closed","template":"","meta":{"footnotes":""},"class_list":["post-3216","page","type-page","status-publish","hentry"],"yoast_head":"<!-- This site is optimized with the Yoast SEO plugin v27.6 - https:\/\/yoast.com\/product\/yoast-seo-wordpress\/ -->\n<title>Bransch - Linka Energy<\/title>\n<meta name=\"description\" content=\"Bransch - Linka Energy %\" \/>\n<meta name=\"robots\" content=\"index, follow, max-snippet:-1, max-image-preview:large, max-video-preview:-1\" \/>\n<link rel=\"canonical\" href=\"https:\/\/linkaenergy.com\/sv\/produkter\/bransch\/\" \/>\n<meta property=\"og:locale\" content=\"sv_SE\" \/>\n<meta property=\"og:type\" content=\"article\" \/>\n<meta property=\"og:title\" content=\"Bransch - Linka Energy\" \/>\n<meta property=\"og:description\" content=\"Bransch - Linka Energy %\" \/>\n<meta property=\"og:url\" content=\"https:\/\/linkaenergy.com\/sv\/produkter\/bransch\/\" \/>\n<meta property=\"og:site_name\" content=\"Linka Energy\" \/>\n<meta property=\"article:modified_time\" content=\"2024-06-28T11:43:45+00:00\" \/>\n<meta name=\"twitter:card\" content=\"summary_large_image\" \/>\n<meta name=\"twitter:label1\" content=\"Ber\u00e4knad l\u00e4stid\" \/>\n\t<meta name=\"twitter:data1\" content=\"8 minuter\" \/>\n<script type=\"application\/ld+json\" class=\"yoast-schema-graph\">{\"@context\":\"https:\\\/\\\/schema.org\",\"@graph\":[{\"@type\":\"WebPage\",\"@id\":\"https:\\\/\\\/linkaenergy.com\\\/sv\\\/produkter\\\/bransch\\\/\",\"url\":\"https:\\\/\\\/linkaenergy.com\\\/sv\\\/produkter\\\/bransch\\\/\",\"name\":\"Bransch - Linka Energy\",\"isPartOf\":{\"@id\":\"https:\\\/\\\/linkaenergy.com\\\/da\\\/#website\"},\"datePublished\":\"2023-02-23T10:02:04+00:00\",\"dateModified\":\"2024-06-28T11:43:45+00:00\",\"description\":\"Bransch - Linka Energy %\",\"breadcrumb\":{\"@id\":\"https:\\\/\\\/linkaenergy.com\\\/sv\\\/produkter\\\/bransch\\\/#breadcrumb\"},\"inLanguage\":\"sv-SE\",\"potentialAction\":[{\"@type\":\"ReadAction\",\"target\":[\"https:\\\/\\\/linkaenergy.com\\\/sv\\\/produkter\\\/bransch\\\/\"]}]},{\"@type\":\"BreadcrumbList\",\"@id\":\"https:\\\/\\\/linkaenergy.com\\\/sv\\\/produkter\\\/bransch\\\/#breadcrumb\",\"itemListElement\":[{\"@type\":\"ListItem\",\"position\":1,\"name\":\"Hjem\",\"item\":\"https:\\\/\\\/linkaenergy.com\\\/sv\\\/\"},{\"@type\":\"ListItem\",\"position\":2,\"name\":\"Produkter\",\"item\":\"https:\\\/\\\/linkaenergy.com\\\/sv\\\/produkter\\\/\"},{\"@type\":\"ListItem\",\"position\":3,\"name\":\"Bransch\"}]},{\"@type\":\"WebSite\",\"@id\":\"https:\\\/\\\/linkaenergy.com\\\/da\\\/#website\",\"url\":\"https:\\\/\\\/linkaenergy.com\\\/da\\\/\",\"name\":\"Linka Energy\",\"description\":\"\",\"potentialAction\":[{\"@type\":\"SearchAction\",\"target\":{\"@type\":\"EntryPoint\",\"urlTemplate\":\"https:\\\/\\\/linkaenergy.com\\\/da\\\/?s={search_term_string}\"},\"query-input\":{\"@type\":\"PropertyValueSpecification\",\"valueRequired\":true,\"valueName\":\"search_term_string\"}}],\"inLanguage\":\"sv-SE\"}]}<\/script>\n<!-- \/ Yoast SEO plugin. -->","yoast_head_json":{"title":"Bransch - Linka Energy","description":"Bransch - Linka Energy %","robots":{"index":"index","follow":"follow","max-snippet":"max-snippet:-1","max-image-preview":"max-image-preview:large","max-video-preview":"max-video-preview:-1"},"canonical":"https:\/\/linkaenergy.com\/sv\/produkter\/bransch\/","og_locale":"sv_SE","og_type":"article","og_title":"Bransch - Linka Energy","og_description":"Bransch - Linka Energy %","og_url":"https:\/\/linkaenergy.com\/sv\/produkter\/bransch\/","og_site_name":"Linka Energy","article_modified_time":"2024-06-28T11:43:45+00:00","twitter_card":"summary_large_image","twitter_misc":{"Ber\u00e4knad l\u00e4stid":"8 minuter"},"schema":{"@context":"https:\/\/schema.org","@graph":[{"@type":"WebPage","@id":"https:\/\/linkaenergy.com\/sv\/produkter\/bransch\/","url":"https:\/\/linkaenergy.com\/sv\/produkter\/bransch\/","name":"Bransch - Linka Energy","isPartOf":{"@id":"https:\/\/linkaenergy.com\/da\/#website"},"datePublished":"2023-02-23T10:02:04+00:00","dateModified":"2024-06-28T11:43:45+00:00","description":"Bransch - Linka Energy %","breadcrumb":{"@id":"https:\/\/linkaenergy.com\/sv\/produkter\/bransch\/#breadcrumb"},"inLanguage":"sv-SE","potentialAction":[{"@type":"ReadAction","target":["https:\/\/linkaenergy.com\/sv\/produkter\/bransch\/"]}]},{"@type":"BreadcrumbList","@id":"https:\/\/linkaenergy.com\/sv\/produkter\/bransch\/#breadcrumb","itemListElement":[{"@type":"ListItem","position":1,"name":"Hjem","item":"https:\/\/linkaenergy.com\/sv\/"},{"@type":"ListItem","position":2,"name":"Produkter","item":"https:\/\/linkaenergy.com\/sv\/produkter\/"},{"@type":"ListItem","position":3,"name":"Bransch"}]},{"@type":"WebSite","@id":"https:\/\/linkaenergy.com\/da\/#website","url":"https:\/\/linkaenergy.com\/da\/","name":"Linka Energy","description":"","potentialAction":[{"@type":"SearchAction","target":{"@type":"EntryPoint","urlTemplate":"https:\/\/linkaenergy.com\/da\/?s={search_term_string}"},"query-input":{"@type":"PropertyValueSpecification","valueRequired":true,"valueName":"search_term_string"}}],"inLanguage":"sv-SE"}]}},"_links":{"self":[{"href":"https:\/\/linkaenergy.com\/sv\/wp-json\/wp\/v2\/pages\/3216","targetHints":{"allow":["GET"]}}],"collection":[{"href":"https:\/\/linkaenergy.com\/sv\/wp-json\/wp\/v2\/pages"}],"about":[{"href":"https:\/\/linkaenergy.com\/sv\/wp-json\/wp\/v2\/types\/page"}],"author":[{"embeddable":true,"href":"https:\/\/linkaenergy.com\/sv\/wp-json\/wp\/v2\/users\/3"}],"replies":[{"embeddable":true,"href":"https:\/\/linkaenergy.com\/sv\/wp-json\/wp\/v2\/comments?post=3216"}],"version-history":[{"count":29,"href":"https:\/\/linkaenergy.com\/sv\/wp-json\/wp\/v2\/pages\/3216\/revisions"}],"predecessor-version":[{"id":13359,"href":"https:\/\/linkaenergy.com\/sv\/wp-json\/wp\/v2\/pages\/3216\/revisions\/13359"}],"up":[{"embeddable":true,"href":"https:\/\/linkaenergy.com\/sv\/wp-json\/wp\/v2\/pages\/3239"}],"wp:attachment":[{"href":"https:\/\/linkaenergy.com\/sv\/wp-json\/wp\/v2\/media?parent=3216"}],"curies":[{"name":"wp","href":"https:\/\/api.w.org\/{rel}","templated":true}]}}