{"id":8738,"date":"2023-12-14T10:27:12","date_gmt":"2023-12-14T10:27:12","guid":{"rendered":"https:\/\/linkaenergy.com\/?page_id=8738"},"modified":"2024-02-15T19:29:28","modified_gmt":"2024-02-15T19:29:28","slug":"bio-energy-as","status":"publish","type":"page","link":"https:\/\/linkaenergy.com\/sv\/bio-energy-as\/","title":{"rendered":"BIO ENERGY AS"},"content":{"rendered":"<div class=\"wpb-content-wrapper\"><p>[vc_row row_height_percent=&#8221;50&#8243; override_padding=&#8221;yes&#8221; h_padding=&#8221;2&#8243; top_padding=&#8221;5&#8243; bottom_padding=&#8221;5&#8243; back_image=&#8221;7431&#8243; parallax=&#8221;yes&#8221; overlay_alpha=&#8221;100&#8243; equal_height=&#8221;yes&#8221; gutter_size=&#8221;4&#8243; column_width_percent=&#8221;100&#8243; shift_y=&#8221;0&#8243; z_index=&#8221;0&#8243; uncode_shortcode_id=&#8221;140962&#8243; overlay_color_type=&#8221;uncode-solid&#8221; overlay_color_solid=&#8221;rgba(25,66,86,0.5)&#8221;][vc_column column_width_percent=&#8221;100&#8243; position_vertical=&#8221;middle&#8221; align_horizontal=&#8221;align_center&#8221; gutter_size=&#8221;3&#8243; style=&#8221;dark&#8221; overlay_alpha=&#8221;50&#8243; shift_x=&#8221;0&#8243; shift_y=&#8221;0&#8243; shift_y_down=&#8221;0&#8243; z_index=&#8221;0&#8243; medium_width=&#8221;0&#8243; mobile_width=&#8221;0&#8243; width=&#8221;1\/1&#8243; uncode_shortcode_id=&#8221;193801&#8243;][vc_custom_heading heading_semantic=&#8221;h6&#8243; text_size=&#8221;h6&#8243; text_transform=&#8221;uppercase&#8221; uncode_shortcode_id=&#8221;114857&#8243;]Referens[\/vc_custom_heading][vc_custom_heading heading_semantic=&#8221;h1&#8243; text_size=&#8221;h1&#8243; uncode_shortcode_id=&#8221;163079&#8243;]BIOCIRC GROUP GR\u00d8NH\u00d8J[\/vc_custom_heading][\/vc_column][\/vc_row][vc_row row_height_percent=&#8221;0&#8243; override_padding=&#8221;yes&#8221; h_padding=&#8221;2&#8243; top_padding=&#8221;3&#8243; bottom_padding=&#8221;3&#8243; overlay_alpha=&#8221;50&#8243; gutter_size=&#8221;4&#8243; column_width_percent=&#8221;100&#8243; shift_y=&#8221;0&#8243; z_index=&#8221;0&#8243; uncode_shortcode_id=&#8221;863600&#8243;][vc_column width=&#8221;2\/3&#8243;][vc_single_image media=&#8221;7391&#8243; media_width_percent=&#8221;100&#8243; uncode_shortcode_id=&#8221;481354&#8243;][vc_custom_heading uncode_shortcode_id=&#8221;111443&#8243; subheading=&#8221;BIOCIRC GROUPs biogasanl\u00e6g, der producerer store m\u00e6ngder biogas ud fra blandt andet dybstr\u00f8else, majs, gr\u00e6sensilage, halm og gylle (ca. 140.000 tons om \u00e5ret), \u00f8nskede at omdanne biogassen\/metanen til naturgas.<\/p>\n<p>Linka Energy blev derfor BIOCIRC GROUPs valg af samarbejdspartner p\u00e5 dette projekt, da vi har knowhow og erfaring med h\u00e5ndtering af biogas, der via et absorber-strippersystem med amin renser og opgraderer den urene gas til ren gas, inden dette sendes videre ud p\u00e5 naturgasnettet.<\/p>\n<p>BIOCIRC GROUP og Linka indgik derfor i 2017 en aftale om etablering af et komplet Linka Energy 950 kW biomasse- og gaskedelanl\u00e6g for fyring med flis og biogas, etableret i en container. Anl\u00e6gget er designet med udgangspunkt i den flis og biogas, der er \u00f8konomisk mest fordelagtig at fyre med p\u00e5 ulige tidspunkter af \u00e5ret, uafh\u00e6ngigt af de svingende prisniveauer.<\/p>\n<p>Kombinationen af 2 typer br\u00e6ndsler, er dermed med til at sikre BIOCIRC GROUP en stabil, billig og CO2-neutral varmeforsyning.&#8221; text_color_type=&#8221;uncode-palette&#8221; text_color_solid=&#8221;#ff0000&#8243;]950 kW flis- og gaskedelanl\u00e6g i containeranl\u00e6g for kombineret fyring med flis og gas[\/vc_custom_heading][vc_gallery el_id=&#8221;gallery-146688&#8243; medias=&#8221;7396,7401&#8243; gutter_size=&#8221;3&#8243; screen_lg=&#8221;1000&#8243; screen_md=&#8221;600&#8243; screen_sm=&#8221;480&#8243; single_overlay_opacity=&#8221;50&#8243; single_padding=&#8221;2&#8243; uncode_shortcode_id=&#8221;200491&#8243;][vc_custom_heading heading_semantic=&#8221;h4&#8243; text_size=&#8221;h4&#8243; uncode_shortcode_id=&#8221;168688&#8243; subheading=&#8221;Det komplet, nye anl\u00e6g, en 950 kW Linka H 2000 fliskedel- og varmtvandskedel og en Global H3 gaskedel, er sammen med Linkas patenterede forbr\u00e6ndingsteknologi med til at sikre maksimal udnyttelse af br\u00e6ndstoffet.<\/p>\n<p>Kedelanl\u00e6gget er etableret i en container, der er opbygget hos Linka, hvor ogs\u00e5 hovedkomponenterne er installeret, hvorefter den blev fragtet til BIOCIRC GROUP.<\/p>\n<p>Flisen afl\u00e6sses og opbevares i en flisgrav, hvorfra Linkas skrabeanl\u00e6g fremf\u00f8rer br\u00e6ndslet til en fors\u00e6nket tv\u00e6rsnegl, der videref\u00f8rer dette i en skr\u00e5tstillet snegl til en tv\u00e6rsnegl og derfra direkte til celleslusen og via stokersneglen ind i kedlen. Skrabeanl\u00e6gget s\u00e6ttes automatisk i gang med et signal fra styringen, n\u00e5r kedlens indfyringsprocedure er sat i gang.&#8221; text_color_type=&#8221;uncode-palette&#8221; text_color_solid=&#8221;#ff0000&#8243;]Anl\u00e4ggningen[\/vc_custom_heading][vc_gallery el_id=&#8221;gallery-146688&#8243; medias=&#8221;7406,7411&#8243; gutter_size=&#8221;3&#8243; screen_lg=&#8221;1000&#8243; screen_md=&#8221;600&#8243; screen_sm=&#8221;480&#8243; single_overlay_opacity=&#8221;50&#8243; single_padding=&#8221;2&#8243; uncode_shortcode_id=&#8221;129973&#8243;][vc_column_text uncode_shortcode_id=&#8221;106240&#8243;]<strong>Hedtvandskedlen<\/strong> er en LINKA H 2000 kanalr\u00f8gr\u00f8rskedel i 3-tr\u00e6ks udf\u00f8relse med glat ildkanal og vandk\u00f8lede vendekamre, der er dimensioneret til fuld udbr\u00e6nding og effektiv udnyttelse af str\u00e5lingsvarmen, mens konvektionsvarmen udnyttes i r\u00f8gr\u00f8rssektionerne.<\/p>\n<p>I kedlens br\u00e6ndkammer er der monteret en bev\u00e6gelig trapperist for at minimere slaggedannelser, og medstr\u00f8ms forbr\u00e6ndingssystemet er Linkas eget verdenspatenterede system.<\/p>\n<p>P\u00e5 kedlen er der monteret 8 stk. tryktanke med p\u00e5monterede skudventiler til luft.<\/p>\n<p>Skudventilerne skyder luft gennem kedlens r\u00f8gr\u00f8r og renser hermed disse for aske, hvilket betyder at kedlens r\u00f8gr\u00f8r sj\u00e6ldent skal renses.<\/p>\n<p>Til anl\u00e6gget er der desuden leveret en kompressor.<\/p>\n<p>Den rensede r\u00f8ggas er lig med en markant reduceret st\u00f8vudledning, inden denne udledes gennem den 15 meter h\u00f8je st\u00e5lskorsten.<\/p>\n<p>Asken transporteres via det automatiske askeudtag til en 5 m\u00b3 askecontainer, hvis st\u00f8rrelse svarer til ca. 14 dages drift ved kontinuerlig fuld last 24\/7.[\/vc_column_text][vc_gallery el_id=&#8221;gallery-146688&#8243; medias=&#8221;7416,7421&#8243; gutter_size=&#8221;3&#8243; screen_lg=&#8221;1000&#8243; screen_md=&#8221;600&#8243; screen_sm=&#8221;480&#8243; single_overlay_opacity=&#8221;50&#8243; single_padding=&#8221;2&#8243; uncode_shortcode_id=&#8221;180000&#8243;][vc_column_text uncode_shortcode_id=&#8221;328487&#8243;]<strong>Gaskedlen<\/strong> er en LINKA Global H3, \u201dLUX\u201d i forl\u00e6nget og vertikal version, udlagt for fyring med gas, der leveret med en Weishaupt br\u00e6nder, type WM G20\/3-A. Til gaskedlen er der desuden leveret, vandbehandlingssystem med kemikaliedosering, ekspansionssystem og trykholdesystem. Kedlen er tilsluttet udbl\u00e6sningssystem, r\u00f8g- og r\u00f8rinstallationer samt skorsten.<\/p>\n<p>Gaskedlen bruges prim\u00e6rt som backup for hedtvandskedlen og er forberedt til, at den kan afbr\u00e6nde olie i stedet for gas.<\/p>\n<p><strong>Styringen af det komplette anl\u00e6g<\/strong> sker via et PLC-styresystem, der overv\u00e5ger anl\u00e6gget og dermed sikrer en kontrolleret regulering af br\u00e6ndselstilf\u00f8rsel og drift, s\u00e5 der altid kommer maksimal effekt ud af anl\u00e6gget.<\/p>\n<p>PLC-systemet sender alarmer ud &#8211; i tilf\u00e6lde af afvigelser fra de forudindstillede set punkter &#8211; via internet og SMS, ligesom vil det v\u00e6re muligt at overv\u00e5ge anl\u00e6gget via smartphones, tablets og\/eller PC.[\/vc_column_text][vc_single_image media=&#8221;7426&#8243; media_width_percent=&#8221;100&#8243; uncode_shortcode_id=&#8221;373631&#8243;][\/vc_column][vc_column width=&#8221;1\/3&#8243;][vc_custom_heading heading_semantic=&#8221;h4&#8243; text_size=&#8221;h4&#8243; uncode_shortcode_id=&#8221;405851&#8243;]Specifikationer[\/vc_custom_heading][uncode_list uncode_shortcode_id=&#8221;381227&#8243; el_class=&#8221;case-specs&#8221;]<\/p>\n<div class=\"keyValue\"><strong>Kunde:<\/strong> BIOCIRC GROUP GR\u00d8NH\u00d8J<\/div>\n<div class=\"keyValue\"><strong>Lokation:<\/strong> Karup, Danmark<\/div>\n<div class=\"keyValue\"><strong>Br\u00e6ndselstype: <\/strong>Flis og gas<\/div>\n<div class=\"keyValue\"><strong>St\u00f8rrelse: <\/strong>950 kW<\/div>\n<div class=\"keyValue\"><strong>Anl\u00e6gstype:<\/strong> Flis- og gaskedelanl\u00e6g<\/div>\n<div class=\"keyValue\"><strong>Energitype: <\/strong>Varme<\/div>\n<div class=\"keyValue\"><strong>Bygge\u00e5r: <\/strong>2017<\/div>\n<p>[\/uncode_list][vc_single_image media=&#8221;6546&#8243; media_width_use_pixel=&#8221;yes&#8221; media_ratio=&#8221;one-one&#8221; shape=&#8221;img-circle&#8221; media_width_pixel=&#8221;100&#8243; uncode_shortcode_id=&#8221;213781&#8243;][vc_custom_heading heading_semantic=&#8221;h4&#8243; text_size=&#8221;h4&#8243; uncode_shortcode_id=&#8221;382519&#8243;]Vill du veta mer om detta projekt?[\/vc_custom_heading][vc_button size=&#8221;btn-lg&#8221; border_width=&#8221;0&#8243; link=&#8221;url:mailto%3Alvj%40linka.dk|&#8221; button_color_type=&#8221;uncode-solid&#8221; uncode_shortcode_id=&#8221;160658&#8243; button_color_solid=&#8221;#194256&#8243;]Kontakt Lars[\/vc_button][\/vc_column][\/vc_row][vc_row row_height_percent=&#8221;0&#8243; override_padding=&#8221;yes&#8221; h_padding=&#8221;2&#8243; top_padding=&#8221;3&#8243; bottom_padding=&#8221;3&#8243; overlay_alpha=&#8221;50&#8243; gutter_size=&#8221;1&#8243; column_width_percent=&#8221;100&#8243; shift_y=&#8221;0&#8243; z_index=&#8221;0&#8243; uncode_shortcode_id=&#8221;132126&#8243; back_color_type=&#8221;uncode-solid&#8221; back_color_solid=&#8221;#194256&#8243; el_class=&#8221;case-numbers&#8221;][vc_column column_width_percent=&#8221;100&#8243; align_horizontal=&#8221;align_center&#8221; gutter_size=&#8221;3&#8243; style=&#8221;dark&#8221; overlay_alpha=&#8221;50&#8243; shift_x=&#8221;0&#8243; shift_y=&#8221;0&#8243; shift_y_down=&#8221;0&#8243; z_index=&#8221;0&#8243; medium_width=&#8221;0&#8243; mobile_width=&#8221;0&#8243; width=&#8221;1\/3&#8243; uncode_shortcode_id=&#8221;367666&#8243;][vc_custom_heading heading_semantic=&#8221;h4&#8243; text_size=&#8221;h4&#8243; uncode_shortcode_id=&#8221;320916&#8243;]Flisforbrug ved 8.000 driftstimer[\/vc_custom_heading][vc_custom_heading text_size=&#8221;h1&#8243; uncode_shortcode_id=&#8221;190387&#8243;]5.000 kg\/\u00e5r[\/vc_custom_heading][vc_custom_heading heading_semantic=&#8221;h4&#8243; text_size=&#8221;h4&#8243; uncode_shortcode_id=&#8221;469826&#8243;]max. 35% vandindhold[\/vc_custom_heading][\/vc_column][vc_column column_width_percent=&#8221;100&#8243; align_horizontal=&#8221;align_center&#8221; gutter_size=&#8221;3&#8243; style=&#8221;dark&#8221; overlay_alpha=&#8221;50&#8243; shift_x=&#8221;0&#8243; shift_y=&#8221;0&#8243; shift_y_down=&#8221;0&#8243; z_index=&#8221;0&#8243; medium_width=&#8221;0&#8243; mobile_width=&#8221;0&#8243; width=&#8221;1\/3&#8243; uncode_shortcode_id=&#8221;140106&#8243;][vc_custom_heading heading_semantic=&#8221;h4&#8243; text_size=&#8221;h4&#8243; uncode_shortcode_id=&#8221;191071&#8243;]Virkningsgrad op til[\/vc_custom_heading][vc_custom_heading text_size=&#8221;h1&#8243; uncode_shortcode_id=&#8221;410855&#8243;]89,4 %[\/vc_custom_heading][vc_custom_heading heading_semantic=&#8221;h4&#8243; text_size=&#8221;h4&#8243; uncode_shortcode_id=&#8221;139220&#8243;][\/vc_custom_heading][\/vc_column][vc_column column_width_percent=&#8221;100&#8243; align_horizontal=&#8221;align_center&#8221; gutter_size=&#8221;3&#8243; style=&#8221;dark&#8221; overlay_alpha=&#8221;50&#8243; shift_x=&#8221;0&#8243; shift_y=&#8221;0&#8243; shift_y_down=&#8221;0&#8243; z_index=&#8221;0&#8243; medium_width=&#8221;0&#8243; mobile_width=&#8221;0&#8243; width=&#8221;1\/3&#8243; uncode_shortcode_id=&#8221;109439&#8243;][vc_custom_heading heading_semantic=&#8221;h4&#8243; text_size=&#8221;h4&#8243; uncode_shortcode_id=&#8221;121353&#8243;]Dagligt driftsbehov[\/vc_custom_heading][vc_custom_heading text_size=&#8221;h1&#8243; uncode_shortcode_id=&#8221;629400&#8243;]&lt; 1 time[\/vc_custom_heading][vc_custom_heading heading_semantic=&#8221;h4&#8243; text_size=&#8221;h4&#8243; uncode_shortcode_id=&#8221;164400&#8243;]Det fuldautomatiske kedelanl\u00e6g kr\u00e6ver kun meget lidt manuel drift[\/vc_custom_heading][\/vc_column][\/vc_row][vc_row row_height_percent=&#8221;0&#8243; override_padding=&#8221;yes&#8221; h_padding=&#8221;2&#8243; top_padding=&#8221;3&#8243; bottom_padding=&#8221;3&#8243; overlay_alpha=&#8221;100&#8243; gutter_size=&#8221;100&#8243; column_width_percent=&#8221;100&#8243; shift_y=&#8221;0&#8243; z_index=&#8221;0&#8243; style=&#8221;inherited&#8221; uncode_shortcode_id=&#8221;179838&#8243;][vc_column column_width_percent=&#8221;100&#8243; align_horizontal=&#8221;align_center&#8221; gutter_size=&#8221;3&#8243; overlay_alpha=&#8221;50&#8243; shift_x=&#8221;0&#8243; shift_y=&#8221;0&#8243; medium_width=&#8221;0&#8243; zoom_width=&#8221;0&#8243; zoom_height=&#8221;0&#8243; width=&#8221;1\/1&#8243;][vc_gallery el_id=&#8221;gallery-12&#8243; type=&#8221;carousel&#8221; medias=&#8221;7391,7396,7401,7406,7411,7416,7421,7426&#8243; carousel_lg=&#8221;1&#8243; carousel_md=&#8221;1&#8243; carousel_sm=&#8221;1&#8243; thumb_size=&#8221;sixteen-nine&#8221; gutter_size=&#8221;0&#8243; media_items=&#8221;media|nolink|original&#8221; carousel_type=&#8221;fade&#8221; carousel_interval=&#8221;0&#8243; carousel_navspeed=&#8221;400&#8243; carousel_loop=&#8221;yes&#8221; carousel_nav=&#8221;yes&#8221; carousel_dots=&#8221;yes&#8221; carousel_dots_mobile=&#8221;yes&#8221; stage_padding=&#8221;0&#8243; single_overlay_opacity=&#8221;50&#8243; single_overlay_anim=&#8221;no&#8221; single_text_anim=&#8221;no&#8221; single_image_anim=&#8221;no&#8221; single_h_align=&#8221;center&#8221; single_padding=&#8221;2&#8243; single_icon=&#8221;fa fa-search3&#8243; single_border=&#8221;yes&#8221; lbox_caption=&#8221;yes&#8221; no_double_tap=&#8221;yes&#8221; carousel_rtl=&#8221;&#8221; single_title_uppercase=&#8221;&#8221; single_title_bold=&#8221;&#8221; single_title_serif=&#8221;&#8221; onclick=&#8221;link_image&#8221; custom_links_target=&#8221;_self&#8221; items=&#8221;eyI4ODY4X2kiOnsic2luZ2xlX3dpZHRoIjoiNCIsInNpbmdsZV9oZWlnaHQiOiI0In0sIjg4NjJfaSI6eyJzaW5nbGVfd2lkdGgiOiI0Iiwic2luZ2xlX2hlaWdodCI6IjQifSwiODg2MF9pIjp7InNpbmdsZV93aWR0aCI6IjQiLCJzaW5nbGVfaGVpZ2h0IjoiNCJ9LCIyNjIxOF9pIjp7InNpbmdsZV93aWR0aCI6IjQiLCJzaW5nbGVfaGVpZ2h0IjoiNCJ9LCIyNjIyNF9pIjp7InNpbmdsZV93aWR0aCI6IjQiLCJzaW5nbGVfaGVpZ2h0IjoiNCJ9LCIyNjIyMl9pIjp7InNpbmdsZV93aWR0aCI6IjQiLCJzaW5nbGVfaGVpZ2h0IjoiNCJ9LCIyNjIyOV9pIjp7InNpbmdsZV93aWR0aCI6IjQiLCJzaW5nbGVfaGVpZ2h0IjoiNCJ9fQ==&#8221; single_half_padding=&#8221;&#8221; single_no_background=&#8221;&#8221; uncode_shortcode_id=&#8221;129089&#8243;][\/vc_column][\/vc_row]<\/p>\n<\/div>","protected":false},"excerpt":{"rendered":"<p>[vc_row row_height_percent=&#8221;50&#8243; override_padding=&#8221;yes&#8221; h_padding=&#8221;2&#8243; top_padding=&#8221;5&#8243; bottom_padding=&#8221;5&#8243; back_image=&#8221;7431&#8243; parallax=&#8221;yes&#8221; overlay_alpha=&#8221;100&#8243; equal_height=&#8221;yes&#8221; gutter_size=&#8221;4&#8243; column_width_percent=&#8221;100&#8243; shift_y=&#8221;0&#8243; z_index=&#8221;0&#8243; uncode_shortcode_id=&#8221;140962&#8243; overlay_color_type=&#8221;uncode-solid&#8221; overlay_color_solid=&#8221;rgba(25,66,86,0.5)&#8221;][vc_column column_width_percent=&#8221;100&#8243; position_vertical=&#8221;middle&#8221; align_horizontal=&#8221;align_center&#8221; [&hellip;]<\/p>\n","protected":false},"author":4,"featured_media":0,"parent":0,"menu_order":0,"comment_status":"closed","ping_status":"closed","template":"","meta":{"footnotes":""},"class_list":["post-8738","page","type-page","status-publish","hentry"],"yoast_head":"<!-- This site is optimized with the Yoast SEO plugin v27.6 - https:\/\/yoast.com\/product\/yoast-seo-wordpress\/ -->\n<title>BIO ENERGY AS - Linka Energy<\/title>\n<meta name=\"description\" content=\"BIO ENERGY AS - Linka Energy %\" \/>\n<meta name=\"robots\" content=\"index, follow, max-snippet:-1, max-image-preview:large, max-video-preview:-1\" \/>\n<link rel=\"canonical\" href=\"https:\/\/linkaenergy.com\/sv\/bio-energy-as\/\" \/>\n<meta property=\"og:locale\" content=\"sv_SE\" \/>\n<meta property=\"og:type\" content=\"article\" \/>\n<meta property=\"og:title\" content=\"BIO ENERGY AS - Linka Energy\" \/>\n<meta property=\"og:description\" content=\"BIO ENERGY AS - Linka Energy %\" \/>\n<meta property=\"og:url\" content=\"https:\/\/linkaenergy.com\/sv\/bio-energy-as\/\" \/>\n<meta property=\"og:site_name\" content=\"Linka Energy\" \/>\n<meta property=\"article:modified_time\" content=\"2024-02-15T19:29:28+00:00\" \/>\n<meta name=\"twitter:card\" content=\"summary_large_image\" \/>\n<meta name=\"twitter:label1\" content=\"Ber\u00e4knad l\u00e4stid\" \/>\n\t<meta name=\"twitter:data1\" content=\"5 minuter\" \/>\n<script type=\"application\/ld+json\" class=\"yoast-schema-graph\">{\"@context\":\"https:\\\/\\\/schema.org\",\"@graph\":[{\"@type\":\"WebPage\",\"@id\":\"https:\\\/\\\/linkaenergy.com\\\/sv\\\/bio-energy-as\\\/\",\"url\":\"https:\\\/\\\/linkaenergy.com\\\/sv\\\/bio-energy-as\\\/\",\"name\":\"BIO ENERGY AS - Linka Energy\",\"isPartOf\":{\"@id\":\"https:\\\/\\\/linkaenergy.com\\\/da\\\/#website\"},\"datePublished\":\"2023-12-14T10:27:12+00:00\",\"dateModified\":\"2024-02-15T19:29:28+00:00\",\"description\":\"BIO ENERGY AS - Linka Energy %\",\"breadcrumb\":{\"@id\":\"https:\\\/\\\/linkaenergy.com\\\/sv\\\/bio-energy-as\\\/#breadcrumb\"},\"inLanguage\":\"sv-SE\",\"potentialAction\":[{\"@type\":\"ReadAction\",\"target\":[\"https:\\\/\\\/linkaenergy.com\\\/sv\\\/bio-energy-as\\\/\"]}]},{\"@type\":\"BreadcrumbList\",\"@id\":\"https:\\\/\\\/linkaenergy.com\\\/sv\\\/bio-energy-as\\\/#breadcrumb\",\"itemListElement\":[{\"@type\":\"ListItem\",\"position\":1,\"name\":\"Hjem\",\"item\":\"https:\\\/\\\/linkaenergy.com\\\/sv\\\/\"},{\"@type\":\"ListItem\",\"position\":2,\"name\":\"BIO ENERGY AS\"}]},{\"@type\":\"WebSite\",\"@id\":\"https:\\\/\\\/linkaenergy.com\\\/da\\\/#website\",\"url\":\"https:\\\/\\\/linkaenergy.com\\\/da\\\/\",\"name\":\"Linka Energy\",\"description\":\"\",\"potentialAction\":[{\"@type\":\"SearchAction\",\"target\":{\"@type\":\"EntryPoint\",\"urlTemplate\":\"https:\\\/\\\/linkaenergy.com\\\/da\\\/?s={search_term_string}\"},\"query-input\":{\"@type\":\"PropertyValueSpecification\",\"valueRequired\":true,\"valueName\":\"search_term_string\"}}],\"inLanguage\":\"sv-SE\"}]}<\/script>\n<!-- \/ Yoast SEO plugin. -->","yoast_head_json":{"title":"BIO ENERGY AS - Linka Energy","description":"BIO ENERGY AS - Linka Energy %","robots":{"index":"index","follow":"follow","max-snippet":"max-snippet:-1","max-image-preview":"max-image-preview:large","max-video-preview":"max-video-preview:-1"},"canonical":"https:\/\/linkaenergy.com\/sv\/bio-energy-as\/","og_locale":"sv_SE","og_type":"article","og_title":"BIO ENERGY AS - Linka Energy","og_description":"BIO ENERGY AS - Linka Energy %","og_url":"https:\/\/linkaenergy.com\/sv\/bio-energy-as\/","og_site_name":"Linka Energy","article_modified_time":"2024-02-15T19:29:28+00:00","twitter_card":"summary_large_image","twitter_misc":{"Ber\u00e4knad l\u00e4stid":"5 minuter"},"schema":{"@context":"https:\/\/schema.org","@graph":[{"@type":"WebPage","@id":"https:\/\/linkaenergy.com\/sv\/bio-energy-as\/","url":"https:\/\/linkaenergy.com\/sv\/bio-energy-as\/","name":"BIO ENERGY AS - Linka Energy","isPartOf":{"@id":"https:\/\/linkaenergy.com\/da\/#website"},"datePublished":"2023-12-14T10:27:12+00:00","dateModified":"2024-02-15T19:29:28+00:00","description":"BIO ENERGY AS - Linka Energy %","breadcrumb":{"@id":"https:\/\/linkaenergy.com\/sv\/bio-energy-as\/#breadcrumb"},"inLanguage":"sv-SE","potentialAction":[{"@type":"ReadAction","target":["https:\/\/linkaenergy.com\/sv\/bio-energy-as\/"]}]},{"@type":"BreadcrumbList","@id":"https:\/\/linkaenergy.com\/sv\/bio-energy-as\/#breadcrumb","itemListElement":[{"@type":"ListItem","position":1,"name":"Hjem","item":"https:\/\/linkaenergy.com\/sv\/"},{"@type":"ListItem","position":2,"name":"BIO ENERGY AS"}]},{"@type":"WebSite","@id":"https:\/\/linkaenergy.com\/da\/#website","url":"https:\/\/linkaenergy.com\/da\/","name":"Linka Energy","description":"","potentialAction":[{"@type":"SearchAction","target":{"@type":"EntryPoint","urlTemplate":"https:\/\/linkaenergy.com\/da\/?s={search_term_string}"},"query-input":{"@type":"PropertyValueSpecification","valueRequired":true,"valueName":"search_term_string"}}],"inLanguage":"sv-SE"}]}},"_links":{"self":[{"href":"https:\/\/linkaenergy.com\/sv\/wp-json\/wp\/v2\/pages\/8738","targetHints":{"allow":["GET"]}}],"collection":[{"href":"https:\/\/linkaenergy.com\/sv\/wp-json\/wp\/v2\/pages"}],"about":[{"href":"https:\/\/linkaenergy.com\/sv\/wp-json\/wp\/v2\/types\/page"}],"author":[{"embeddable":true,"href":"https:\/\/linkaenergy.com\/sv\/wp-json\/wp\/v2\/users\/4"}],"replies":[{"embeddable":true,"href":"https:\/\/linkaenergy.com\/sv\/wp-json\/wp\/v2\/comments?post=8738"}],"version-history":[{"count":2,"href":"https:\/\/linkaenergy.com\/sv\/wp-json\/wp\/v2\/pages\/8738\/revisions"}],"predecessor-version":[{"id":8746,"href":"https:\/\/linkaenergy.com\/sv\/wp-json\/wp\/v2\/pages\/8738\/revisions\/8746"}],"wp:attachment":[{"href":"https:\/\/linkaenergy.com\/sv\/wp-json\/wp\/v2\/media?parent=8738"}],"curies":[{"name":"wp","href":"https:\/\/api.w.org\/{rel}","templated":true}]}}